{"id":3,"date":"2021-08-03T11:13:47","date_gmt":"2021-08-03T08:13:47","guid":{"rendered":"https:\/\/retkilemi.fi\/?page_id=3"},"modified":"2021-08-27T10:38:41","modified_gmt":"2021-08-27T07:38:41","slug":"tietosuojaseloste","status":"publish","type":"page","link":"https:\/\/retkilemi.fi\/?page_id=3","title":{"rendered":"Tietosuojaseloste"},"content":{"rendered":"<header class=\"entry-header\">\r\n<h1 class=\"entry-title\">Tietosuojaseloste henkil\u00f6tietolaki (523\/1999) 10\u00a7 ja 24\u00a7<\/h1>\r\n<\/header>\r\n<div id=\"primary\" class=\"content-area\"><main id=\"main\" class=\"site-main\">\r\n<div id=\"post-3\" class=\"post-3 page type-page status-publish hentry\">\r\n<div class=\"entry-content\">\r\n<h2>Keit\u00e4 olemme<\/h2>\r\n<p>Verkkosivustomme osoite on: https:\/\/retkilemi.fi.<\/p>\r\n<h2><strong>1. Rekisterinpit\u00e4j\u00e4<\/strong><\/h2>\r\n<div class=\"elementor-column elementor-col-50 elementor-top-column elementor-element elementor-element-02c7d2e\" data-id=\"02c7d2e\" data-element_type=\"column\">\r\n<div class=\"elementor-widget-wrap elementor-element-populated\">\r\n<div class=\"elementor-element elementor-element-eebade2 elementor-widget elementor-widget-text-editor\" data-id=\"eebade2\" data-element_type=\"widget\" data-widget_type=\"text-editor.default\">\r\n<div class=\"elementor-widget-container\">\r\n<div class=\"elementor-text-editor elementor-clearfix\">\r\n<p>Retkilemi Oy<br \/><span class=\"CopyButton__Value\" data-reactid=\"39\">Y-tunnus 3216091-4<br \/><\/span><br \/>Keitaanrannantie 61, <br \/>38740 Hapuoja<br \/><span class=\"c-secondary\"><br \/>(+358) 44 578 8055<\/span><br \/><a href=\"mailto:info@retkilemi.fi\">info@retkilemi.fi<\/a><\/p>\r\n<\/div>\r\n<\/div>\r\n<\/div>\r\n<\/div>\r\n<\/div>\r\n<h2><strong>2. Rekisteriasioita hoitava yhteyshenkil\u00f6<\/strong><\/h2>\r\n<p>Hans Santahuhta<br \/>puhelin 044 578 8055<br \/>info@retkilemi.fi<\/p>\r\n<h2><strong>3. Rekisterin nimi<\/strong><\/h2>\r\n<p>Retkilemi Oy: verkkokaupan asiakasrekisteri ( retkilemi.fi )<\/p>\r\n<h2><strong>4. Rekisterin k\u00e4ytt\u00f6tarkoitus<\/strong><\/h2>\r\n<p>Retkilemi Oy verkkokaupan( retkilemi.fi ) asiakasrekisteriin tallennettuja henkil\u00f6tietoja k\u00e4ytet\u00e4\u00e4n asiakassuhteiden hoitamiseen, markkinointiin, yhteydenottojen hoitamiseen sek\u00e4 muihin verkkokauppaan liittyviin tarkoituksiin kuten palveluiden kehitt\u00e4miseen. Asiakkaalla on oikeus kielt\u00e4\u00e4 tietojensa k\u00e4ytt\u00e4minen suoramarkkinointiin.<\/p>\r\n<h2><strong>5. Rekisterin tietosis\u00e4lt\u00f6<\/strong><\/h2>\r\n<p>Rekister\u00f6idyist\u00e4 ker\u00e4t\u00e4\u00e4n rekisteriin perustietoja kuten nimi, osoite, puhelinnumero, s\u00e4hk\u00f6postiosoite, ja tilauksiin liittyv\u00e4t tiedot.<\/p>\r\n<h2><strong>6. S\u00e4\u00e4nn\u00f6nmukaiset tietol\u00e4hteet<\/strong><\/h2>\r\n<p>Asiakkaan ilmoittamat tiedot\u00a0 jotka syntyv\u00e4t asiakkaan k\u00e4ytt\u00e4ess\u00e4 palvelua, esimerkiksi tilauksiin liittyv\u00e4t tiedot.\u00a0<\/p>\r\n<h2><strong>7. S\u00e4\u00e4nn\u00f6nmukaiset tietojen luovutukset ja tietojen siirto EU:n tai Euroopan talousalueen ulkopuolelle<\/strong><\/h2>\r\n<p>Logistiikkakumppaneillemme voidaksemme taata tavaroiden kotiin kuljetuksen, tavarantoimittajille.<\/p>\r\n<p>Maksupalvelun tarjoajille, k\u00e4yt\u00e4mme maksujen k\u00e4sittelyyn sivuillamme eri maksupalveluiden tarjoajia. Maksupalveluiden tarjoajat ovat itse vastuussa niiden k\u00e4sittelemist\u00e4\u00e4n henkil\u00f6tiedoista ja niill\u00e4 on omat ehtonsa.\u00a0<\/p>\r\n<p>IT-ratkaisujen tarjoajille.<\/p>\r\n<p>Markkinointipalveluiden tarjoajille, tiedot jaetaan ainoastaan uutiskirjeit\u00e4 varten.<\/p>\r\n<p>Muissa tapauksissa emme jaa tietojasi kolmansien osapuolien kanssa, paitsi lain edellytt\u00e4miss\u00e4 tilanteissa tai jos meill\u00e4 on sinun nimenomainen suostumuksesi.<\/p>\r\n<h2><strong>8. Rekisterin suojauksen periaatteet<\/strong><\/h2>\r\n<p>Henkil\u00f6tietoja k\u00e4sittelev\u00e4t vain ennalta m\u00e4\u00e4ritellyt henkil\u00f6t ja niihin p\u00e4\u00e4sy edellytt\u00e4\u00e4 tunnistamisen k\u00e4ytt\u00e4j\u00e4tunnuksella ja salasanalla.<\/p>\r\n<h2><strong>9. Tarkastusoikeus<\/strong><\/h2>\r\n<p>Asiakkaalla on oikeus tarkistaa j\u00e4rjestelm\u00e4\u00e4n tallennetut itse\u00e4\u00e4n koskevat tiedot. Tarkastuspyynt\u00f6 on teht\u00e4v\u00e4 henkil\u00f6kohtaisesti tai kirjallisesti omak\u00e4tisesti allekirjoitetulla kirjeell\u00e4. Asiaa koskevat pyynn\u00f6t tulee toimittaa kohdassa 2 mainitulle yhteyshenkil\u00f6lle.<\/p>\r\n<h2><strong>10. Tietojen korjaaminen ja tiedon korjaamisen toteuttaminen<\/strong><\/h2>\r\n<p>Rekisterinpit\u00e4j\u00e4n on ilman aiheetonta viivytyst\u00e4 oma-aloitteisesti tai hakijan pyynn\u00f6st\u00e4 oikaistava, poistettava tai t\u00e4ydennett\u00e4v\u00e4 rekisteriss\u00e4 oleva, k\u00e4sittelyn tarkoituksen kannalta virheellinen, tarpeeton, puutteellinen tai vanhentunut henkil\u00f6tieto.<\/p>\r\n<\/div>\r\n<\/div>\r\n<\/main><\/div>\r\n","protected":false},"excerpt":{"rendered":"<p>Tietosuojaseloste henkil\u00f6tietolaki (523\/1999) 10\u00a7 ja 24\u00a7 Keit\u00e4 olemme Verkkosivustomme osoite on: https:\/\/retkilemi.fi. 1. Rekisterinpit\u00e4j\u00e4 Retkilemi OyY-tunnus 3216091-4Keitaanrannantie 61, 38740 Hapuoja(+358) 44 578 8055info@retkilemi.fi 2. Rekisteriasioita hoitava yhteyshenkil\u00f6 Hans Santahuhtapuhelin 044 578 8055info@retkilemi.fi 3. Rekisterin nimi Retkilemi Oy: verkkokaupan asiakasrekisteri ( retkilemi.fi ) 4. Rekisterin k\u00e4ytt\u00f6tarkoitus Retkilemi Oy verkkokaupan( retkilemi.fi ) asiakasrekisteriin tallennettuja henkil\u00f6tietoja k\u00e4ytet\u00e4\u00e4n asiakassuhteiden &hellip; <\/p>\n<p class=\"more-link-wrap\"><a href=\"https:\/\/retkilemi.fi\/?page_id=3\" class=\"more-link\"><span>Read More<span class=\"screen-reader-text\"> &#8221;Tietosuojaseloste&#8221;<\/span><\/span><\/a><\/p>\n","protected":false},"author":1,"featured_media":0,"parent":0,"menu_order":0,"comment_status":"closed","ping_status":"closed","template":"","meta":{"inline_featured_image":false,"footnotes":""},"class_list":["post-3","page","type-page","status-publish","hentry"],"_links":{"self":[{"href":"https:\/\/retkilemi.fi\/index.php?rest_route=\/wp\/v2\/pages\/3","targetHints":{"allow":["GET"]}}],"collection":[{"href":"https:\/\/retkilemi.fi\/index.php?rest_route=\/wp\/v2\/pages"}],"about":[{"href":"https:\/\/retkilemi.fi\/index.php?rest_route=\/wp\/v2\/types\/page"}],"author":[{"embeddable":true,"href":"https:\/\/retkilemi.fi\/index.php?rest_route=\/wp\/v2\/users\/1"}],"replies":[{"embeddable":true,"href":"https:\/\/retkilemi.fi\/index.php?rest_route=%2Fwp%2Fv2%2Fcomments&post=3"}],"version-history":[{"count":0,"href":"https:\/\/retkilemi.fi\/index.php?rest_route=\/wp\/v2\/pages\/3\/revisions"}],"wp:attachment":[{"href":"https:\/\/retkilemi.fi\/index.php?rest_route=%2Fwp%2Fv2%2Fmedia&parent=3"}],"curies":[{"name":"wp","href":"https:\/\/api.w.org\/{rel}","templated":true}]}}