{"id":162,"date":"2020-08-31T09:40:48","date_gmt":"2020-08-31T06:40:48","guid":{"rendered":"http:\/\/source.wpopal.com\/huntor\/product\/rapid-sling-pack-10l\/"},"modified":"2022-11-25T17:20:23","modified_gmt":"2022-11-25T15:20:23","slug":"rapid-sling-pack-10l","status":"publish","type":"product","link":"https:\/\/retkilemi.fi\/?product=rapid-sling-pack-10l","title":{"rendered":"Aterinsetti"},"content":{"rendered":"<p>Retken aterinsetti on valmistettu laadukkaasta ja kest\u00e4v\u00e4st\u00e4 ruostumattomasta ter\u00e4ksest\u00e4. Setiss\u00e4 on kaikki aterimet k\u00e4tev\u00e4sti samassa paketissa, se sis\u00e4lt\u00e4\u00e4 nelj\u00e4 osaa: lusikan, haarukan, veitsen ja pullonavaajan.<\/p>\n<p>Aterinsetti on todella k\u00e4tev\u00e4, se kulkee vaivattomasti mukana esimerkiksi retkell\u00e4 tai vaelluksella eik\u00e4 se vie paljoa tilaa esimerkiksi rinkassa.<\/p>\n<p>Materiaali: ruostumaton ter\u00e4s, kahva alumiinia<\/p>\n","protected":false},"excerpt":{"rendered":"<p>Laadukkaat aterimet k\u00e4tev\u00e4sti samassa paketissa<\/p>\n","protected":false},"featured_media":2189,"comment_status":"open","ping_status":"closed","template":"","meta":{"inline_featured_image":false},"product_brand":[],"product_cat":[142,280],"product_tag":[76,104],"class_list":{"0":"post-162","1":"product","2":"type-product","3":"status-publish","4":"has-post-thumbnail","6":"product_cat-ruokailu","7":"product_cat-tarjouksessa","8":"product_tag-retkeily","9":"product_tag-retkeilytarvikkeet","11":"first","12":"instock","13":"sale","14":"featured","15":"taxable","16":"shipping-taxable","17":"purchasable","18":"product-type-simple"},"_links":{"self":[{"href":"https:\/\/retkilemi.fi\/index.php?rest_route=\/wp\/v2\/product\/162","targetHints":{"allow":["GET"]}}],"collection":[{"href":"https:\/\/retkilemi.fi\/index.php?rest_route=\/wp\/v2\/product"}],"about":[{"href":"https:\/\/retkilemi.fi\/index.php?rest_route=\/wp\/v2\/types\/product"}],"replies":[{"embeddable":true,"href":"https:\/\/retkilemi.fi\/index.php?rest_route=%2Fwp%2Fv2%2Fcomments&post=162"}],"wp:featuredmedia":[{"embeddable":true,"href":"https:\/\/retkilemi.fi\/index.php?rest_route=\/wp\/v2\/media\/2189"}],"wp:attachment":[{"href":"https:\/\/retkilemi.fi\/index.php?rest_route=%2Fwp%2Fv2%2Fmedia&parent=162"}],"wp:term":[{"taxonomy":"product_brand","embeddable":true,"href":"https:\/\/retkilemi.fi\/index.php?rest_route=%2Fwp%2Fv2%2Fproduct_brand&post=162"},{"taxonomy":"product_cat","embeddable":true,"href":"https:\/\/retkilemi.fi\/index.php?rest_route=%2Fwp%2Fv2%2Fproduct_cat&post=162"},{"taxonomy":"product_tag","embeddable":true,"href":"https:\/\/retkilemi.fi\/index.php?rest_route=%2Fwp%2Fv2%2Fproduct_tag&post=162"}],"curies":[{"name":"wp","href":"https:\/\/api.w.org\/{rel}","templated":true}]}}