{"id":177,"date":"2020-08-31T09:41:14","date_gmt":"2020-08-31T06:41:14","guid":{"rendered":"http:\/\/source.wpopal.com\/huntor\/product\/smith-and-wesson-sw22-victory-rimfire-pistol\/"},"modified":"2024-04-22T06:32:54","modified_gmt":"2024-04-22T03:32:54","slug":"kirves","status":"publish","type":"product","link":"https:\/\/retkilemi.fi\/?product=kirves","title":{"rendered":"Kirves 9\u2033"},"content":{"rendered":"<p>Kirves on tarpeellinen ja k\u00e4yt\u00e4nn\u00f6llinen apuv\u00e4line sek\u00e4 retkill\u00e4 ett\u00e4 pihapiiriss\u00e4. Retken retkikirves on todella kevyt, sit\u00e4 on helppo kantaa mukanaan pidemmill\u00e4kin retkill\u00e4. Kirveell\u00e4 on k\u00e4tev\u00e4 esimerkiksi pilkkoa polttopuut tai telttakepit, talvella kirveell\u00e4 saa vaivattomasti rikottua j\u00e4\u00e4n tarpeen tullen.<\/p>\n<ul>\n<li>Materiaali: Taottu hiiliter\u00e4s, teflon-kouttaus, varsi lasikuitua<\/li>\n<li>Pituus: 9\u2033= 22,86 cm<\/li>\n<li>Paino: 530 g<\/li>\n<li>Sis\u00e4lt\u00e4\u00e4 ter\u00e4suojan<\/li>\n<\/ul>\n","protected":false},"excerpt":{"rendered":"<p>K\u00e4tev\u00e4 kirves puut\u00f6ihin<\/p>\n","protected":false},"featured_media":2192,"comment_status":"open","ping_status":"closed","template":"","meta":{"inline_featured_image":false},"product_brand":[],"product_cat":[54,280],"product_tag":[111,104],"class_list":{"0":"post-177","1":"product","2":"type-product","3":"status-publish","4":"has-post-thumbnail","6":"product_cat-retkeily","7":"product_cat-tarjouksessa","8":"product_tag-kirves","9":"product_tag-retkeilytarvikkeet","11":"first","12":"instock","13":"sale","14":"featured","15":"taxable","16":"shipping-taxable","17":"purchasable","18":"product-type-simple"},"_links":{"self":[{"href":"https:\/\/retkilemi.fi\/index.php?rest_route=\/wp\/v2\/product\/177","targetHints":{"allow":["GET"]}}],"collection":[{"href":"https:\/\/retkilemi.fi\/index.php?rest_route=\/wp\/v2\/product"}],"about":[{"href":"https:\/\/retkilemi.fi\/index.php?rest_route=\/wp\/v2\/types\/product"}],"replies":[{"embeddable":true,"href":"https:\/\/retkilemi.fi\/index.php?rest_route=%2Fwp%2Fv2%2Fcomments&post=177"}],"wp:featuredmedia":[{"embeddable":true,"href":"https:\/\/retkilemi.fi\/index.php?rest_route=\/wp\/v2\/media\/2192"}],"wp:attachment":[{"href":"https:\/\/retkilemi.fi\/index.php?rest_route=%2Fwp%2Fv2%2Fmedia&parent=177"}],"wp:term":[{"taxonomy":"product_brand","embeddable":true,"href":"https:\/\/retkilemi.fi\/index.php?rest_route=%2Fwp%2Fv2%2Fproduct_brand&post=177"},{"taxonomy":"product_cat","embeddable":true,"href":"https:\/\/retkilemi.fi\/index.php?rest_route=%2Fwp%2Fv2%2Fproduct_cat&post=177"},{"taxonomy":"product_tag","embeddable":true,"href":"https:\/\/retkilemi.fi\/index.php?rest_route=%2Fwp%2Fv2%2Fproduct_tag&post=177"}],"curies":[{"name":"wp","href":"https:\/\/api.w.org\/{rel}","templated":true}]}}