{"id":184,"date":"2020-08-31T09:41:24","date_gmt":"2020-08-31T06:41:24","guid":{"rendered":"http:\/\/source.wpopal.com\/huntor\/product\/shakespeare-agility-2-spinning-rod\/"},"modified":"2023-01-01T00:01:22","modified_gmt":"2022-12-31T22:01:22","slug":"ruokarasia","status":"publish","type":"product","link":"https:\/\/retkilemi.fi\/?product=ruokarasia","title":{"rendered":"Ruokarasia"},"content":{"rendered":"<p>Retken silikoninen ev\u00e4srasia on todella k\u00e4tev\u00e4 ev\u00e4iden kuljettamisessa ja s\u00e4ilytt\u00e4misess\u00e4 esimerkiksi ty\u00f6paikalla tai retkell\u00e4. Rasia on kokoonpantava, rasiaosa on laajennettavissa sek\u00e4 kutistettavissa k\u00e4ytt\u00e4j\u00e4n tarpeiden mukaan. mukana tulee lusikka-haarukkayhdistelm\u00e4. Rasiaosa kest\u00e4\u00e4 mikroaaltouunissa l\u00e4mmitt\u00e4misen, sek\u00e4 konepesun.<\/p>\n<p>Materiaali: Silikoni<br \/>\nMitat: kansi 19&#215;15 cm, rasia 14 x 9,7 x 7,5 cm<br \/>\nPaino: 264 g<br \/>\nTilavuus: 800 ml<br \/>\nV\u00e4ri: lime<\/p>\n","protected":false},"excerpt":{"rendered":"<p>Silikoninen limenv\u00e4rinen ev\u00e4srasia ev\u00e4iden kuljettamiseen ja s\u00e4ilytt\u00e4miseen. Rasia kokoonpantava, rasiaosa laajennettavissa sek\u00e4 kutistettavissa k\u00e4ytt\u00e4j\u00e4n tarpeiden mukaan. Mukana lusikka-haarukkayhdistelm\u00e4.<\/p>\n","protected":false},"featured_media":2190,"comment_status":"open","ping_status":"closed","template":"","meta":{"inline_featured_image":false},"product_brand":[],"product_cat":[142,280],"product_tag":[104,100,110],"class_list":{"0":"post-184","1":"product","2":"type-product","3":"status-publish","4":"has-post-thumbnail","6":"product_cat-ruokailu","7":"product_cat-tarjouksessa","8":"product_tag-retkeilytarvikkeet","9":"product_tag-retki","10":"product_tag-ruokailu","12":"first","13":"instock","14":"featured","15":"taxable","16":"shipping-taxable","17":"purchasable","18":"product-type-simple"},"_links":{"self":[{"href":"https:\/\/retkilemi.fi\/index.php?rest_route=\/wp\/v2\/product\/184","targetHints":{"allow":["GET"]}}],"collection":[{"href":"https:\/\/retkilemi.fi\/index.php?rest_route=\/wp\/v2\/product"}],"about":[{"href":"https:\/\/retkilemi.fi\/index.php?rest_route=\/wp\/v2\/types\/product"}],"replies":[{"embeddable":true,"href":"https:\/\/retkilemi.fi\/index.php?rest_route=%2Fwp%2Fv2%2Fcomments&post=184"}],"wp:featuredmedia":[{"embeddable":true,"href":"https:\/\/retkilemi.fi\/index.php?rest_route=\/wp\/v2\/media\/2190"}],"wp:attachment":[{"href":"https:\/\/retkilemi.fi\/index.php?rest_route=%2Fwp%2Fv2%2Fmedia&parent=184"}],"wp:term":[{"taxonomy":"product_brand","embeddable":true,"href":"https:\/\/retkilemi.fi\/index.php?rest_route=%2Fwp%2Fv2%2Fproduct_brand&post=184"},{"taxonomy":"product_cat","embeddable":true,"href":"https:\/\/retkilemi.fi\/index.php?rest_route=%2Fwp%2Fv2%2Fproduct_cat&post=184"},{"taxonomy":"product_tag","embeddable":true,"href":"https:\/\/retkilemi.fi\/index.php?rest_route=%2Fwp%2Fv2%2Fproduct_tag&post=184"}],"curies":[{"name":"wp","href":"https:\/\/api.w.org\/{rel}","templated":true}]}}