{"id":1885,"date":"2021-08-20T12:54:52","date_gmt":"2021-08-20T09:54:52","guid":{"rendered":"https:\/\/retkilemi.fi\/?post_type=product&#038;p=1885"},"modified":"2026-01-06T20:55:14","modified_gmt":"2026-01-06T18:55:14","slug":"pro-mossy-oak-reppujakkara","status":"publish","type":"product","link":"https:\/\/retkilemi.fi\/?product=pro-mossy-oak-reppujakkara","title":{"rendered":"Pro Mossy Oak reppujakkara"},"content":{"rendered":"<p>Monik\u00e4ytt\u00f6inen Retki Pro Mossy Oak -reppujakkara soveltuu erinomaisesti ulkoiluun sek\u00e4 kalastus- ja mets\u00e4stysretkille.<\/p>\n<p>Reppujakkara sis\u00e4lt\u00e4\u00e4 runsaasti tilavia taskuja esimerkiksi kalastus- tai retkeilytarvikkeille. Hengitt\u00e4v\u00e4n ja tukevan selk\u00e4osan sek\u00e4 pehmustetun lantiovy\u00f6n ansiosta reppu on miellytt\u00e4v\u00e4 kantaa pitki\u00e4kin matkoja.<\/p>\n<p>Repussa on Thermo System -l\u00e4mp\u00f6eristetty pullotasku, vedenpit\u00e4v\u00e4 pohja sek\u00e4 pehmustettu ja vahvistettu istuinosa.<\/p>\n<ul>\n<li>Tilavuus: 40 l<\/li>\n<li>Paino: 2,7 kg<\/li>\n<li>Istuinkorkeus: 49 cm<\/li>\n<li>Materiaali: polyester 600D<\/li>\n<li>Kuosi: Mossy Oak\u00ae Break-Up &amp; Orange Blaze<\/li>\n<\/ul>\n<p><a href=\"https:\/\/retki.fi\/2018\/11\/07\/testivoittaja-retki-pro-mossy-oak\/\">Lue Retken tiedote Jakt&amp;J\u00e4gare-lehden 10\/2018 reppujakkaratestist\u00e4<\/a><\/p>\n","protected":false},"excerpt":{"rendered":"<div class=\"woocommerce-product-details__short-description\">\n<p>Monik\u00e4ytt\u00f6inen reppujakkara retkeilij\u00f6ille, kalastajille, mets\u00e4st\u00e4jille ja luontokuvaajille<\/p>\n<p><strong>Jakt&amp;J\u00e4gare-lehden (10\/2018) reppujakkaratestin voittaja!<\/strong><\/p>\n<\/div>\n","protected":false},"featured_media":1888,"comment_status":"open","ping_status":"closed","template":"","meta":{"inline_featured_image":false},"product_brand":[],"product_cat":[135,141],"product_tag":[73,74],"class_list":{"0":"post-1885","1":"product","2":"type-product","3":"status-publish","4":"has-post-thumbnail","6":"product_cat-metsastysreput","7":"product_cat-rinkat","8":"product_tag-mossy-oak","9":"product_tag-reppujakkarat","11":"first","12":"instock","13":"sale","14":"taxable","15":"shipping-taxable","16":"purchasable","17":"product-type-simple"},"_links":{"self":[{"href":"https:\/\/retkilemi.fi\/index.php?rest_route=\/wp\/v2\/product\/1885","targetHints":{"allow":["GET"]}}],"collection":[{"href":"https:\/\/retkilemi.fi\/index.php?rest_route=\/wp\/v2\/product"}],"about":[{"href":"https:\/\/retkilemi.fi\/index.php?rest_route=\/wp\/v2\/types\/product"}],"replies":[{"embeddable":true,"href":"https:\/\/retkilemi.fi\/index.php?rest_route=%2Fwp%2Fv2%2Fcomments&post=1885"}],"wp:featuredmedia":[{"embeddable":true,"href":"https:\/\/retkilemi.fi\/index.php?rest_route=\/wp\/v2\/media\/1888"}],"wp:attachment":[{"href":"https:\/\/retkilemi.fi\/index.php?rest_route=%2Fwp%2Fv2%2Fmedia&parent=1885"}],"wp:term":[{"taxonomy":"product_brand","embeddable":true,"href":"https:\/\/retkilemi.fi\/index.php?rest_route=%2Fwp%2Fv2%2Fproduct_brand&post=1885"},{"taxonomy":"product_cat","embeddable":true,"href":"https:\/\/retkilemi.fi\/index.php?rest_route=%2Fwp%2Fv2%2Fproduct_cat&post=1885"},{"taxonomy":"product_tag","embeddable":true,"href":"https:\/\/retkilemi.fi\/index.php?rest_route=%2Fwp%2Fv2%2Fproduct_tag&post=1885"}],"curies":[{"name":"wp","href":"https:\/\/api.w.org\/{rel}","templated":true}]}}