{"id":191,"date":"2020-08-31T09:41:35","date_gmt":"2020-08-31T06:41:35","guid":{"rendered":"http:\/\/source.wpopal.com\/huntor\/product\/strike-king-red-eyed-shad-crankbait\/"},"modified":"2024-11-18T13:39:31","modified_gmt":"2024-11-18T11:39:31","slug":"strike-king-red-eyed-shad-crankbait","status":"publish","type":"product","link":"https:\/\/retkilemi.fi\/?product=strike-king-red-eyed-shad-crankbait","title":{"rendered":"Kuntojuomapullo 600 ml, harmaa"},"content":{"rendered":"<p>Eritt\u00e4in kest\u00e4v\u00e4 ja kovapintainen juomapullo sopii hyvin esimerkiksi urheiluun ja vapaa-aikaan. Kierre\/pikakorkki helpottaa sek\u00e4 pullon t\u00e4ytt\u00e4mist\u00e4 ett\u00e4 sen puhdistamista, kest\u00e4v\u00e4n materiaalin ansiosta pullo on my\u00f6s konepest\u00e4v\u00e4.<\/p>\n<ul>\n<li>Materiaali: Eritt\u00e4in kest\u00e4v\u00e4 SAN-materiaali (Styreeni-akryylinitriili)<\/li>\n<li>Konepest\u00e4v\u00e4<\/li>\n<li>V\u00e4ri: Harmaa<\/li>\n<\/ul>\n","protected":false},"excerpt":{"rendered":"<p>L\u00e4pikuultava, kovapintainen juomapullo kierre\/pikakorkilla.<\/p>\n","protected":false},"featured_media":2185,"comment_status":"open","ping_status":"closed","template":"","meta":{"inline_featured_image":false},"product_brand":[],"product_cat":[54,102,142,280],"product_tag":[76],"class_list":{"0":"post-191","1":"product","2":"type-product","3":"status-publish","4":"has-post-thumbnail","6":"product_cat-retkeily","7":"product_cat-retkeilytarvikkeet","8":"product_cat-ruokailu","9":"product_cat-tarjouksessa","10":"product_tag-retkeily","12":"first","13":"instock","14":"sale","15":"featured","16":"taxable","17":"shipping-taxable","18":"purchasable","19":"product-type-simple"},"_links":{"self":[{"href":"https:\/\/retkilemi.fi\/index.php?rest_route=\/wp\/v2\/product\/191","targetHints":{"allow":["GET"]}}],"collection":[{"href":"https:\/\/retkilemi.fi\/index.php?rest_route=\/wp\/v2\/product"}],"about":[{"href":"https:\/\/retkilemi.fi\/index.php?rest_route=\/wp\/v2\/types\/product"}],"replies":[{"embeddable":true,"href":"https:\/\/retkilemi.fi\/index.php?rest_route=%2Fwp%2Fv2%2Fcomments&post=191"}],"wp:featuredmedia":[{"embeddable":true,"href":"https:\/\/retkilemi.fi\/index.php?rest_route=\/wp\/v2\/media\/2185"}],"wp:attachment":[{"href":"https:\/\/retkilemi.fi\/index.php?rest_route=%2Fwp%2Fv2%2Fmedia&parent=191"}],"wp:term":[{"taxonomy":"product_brand","embeddable":true,"href":"https:\/\/retkilemi.fi\/index.php?rest_route=%2Fwp%2Fv2%2Fproduct_brand&post=191"},{"taxonomy":"product_cat","embeddable":true,"href":"https:\/\/retkilemi.fi\/index.php?rest_route=%2Fwp%2Fv2%2Fproduct_cat&post=191"},{"taxonomy":"product_tag","embeddable":true,"href":"https:\/\/retkilemi.fi\/index.php?rest_route=%2Fwp%2Fv2%2Fproduct_tag&post=191"}],"curies":[{"name":"wp","href":"https:\/\/api.w.org\/{rel}","templated":true}]}}