{"id":193,"date":"2020-08-31T09:41:38","date_gmt":"2020-08-31T06:41:38","guid":{"rendered":"http:\/\/source.wpopal.com\/huntor\/product\/big-agnes-fly-creek-high-volume-ul1-tent\/"},"modified":"2024-09-22T07:52:20","modified_gmt":"2024-09-22T04:52:20","slug":"big-agnes-fly-creek-high-volume-ul1-tent","status":"publish","type":"product","link":"https:\/\/retkilemi.fi\/?product=big-agnes-fly-creek-high-volume-ul1-tent","title":{"rendered":"Makuualusta Ultralite + pumppu"},"content":{"rendered":"<p>Sopivan paksu ja leve\u00e4 Retken Ultralite ilmat\u00e4ytteinen makuualusta tuo mukavuutta retkeilyyn sek\u00e4 soveltuu kolmen vuodenajan k\u00e4ytt\u00f6\u00f6n. Makuualusta on helppo ja nopea t\u00e4ytt\u00e4\u00e4 mukana tulevan t\u00e4ytt\u00f6pussin avulla, tyhj\u00e4n\u00e4 se puolestaan pakkautuu todella pieneen tilaan.<\/p>\n<p>Kevyt, vain 541 grammaa painava ja pieneen tilaan mahtuva retkipatja kulkeutuu vaivattomasti mukana esimerkiksi telttaretkell\u00e4. Makuualustan materiaali TPU polyesteri tuntuu hyv\u00e4lt\u00e4 iholla vaikka ilman makuupussia tai lakanaa. Retkipatjan p\u00e4\u00e4ss\u00e4 on puhallettava tyyny, joten sinun ei tarvitse kantaa isoja tyynyj\u00e4 erikseen reissuun.<\/p>\n<ul>\n<li>Retkipatjan koko pakattuna: pituus 25 cm, halkaisija 8 cm<\/li>\n<li>Paino: 541g<\/li>\n<li>V\u00e4ri: Turkoosi\/harmaa<\/li>\n<li>Koko: 186x60x9cm<\/li>\n<li>Ilmat\u00e4ytett\u00e4v\u00e4 &amp; t\u00e4ytt\u00f6pussi<\/li>\n<li>Materiaali: 40D TPU Polyester Ripstop<\/li>\n<\/ul>\n","protected":false},"excerpt":{"rendered":"<p>Pieneen tilaan pakkautuva ilmat\u00e4ytett\u00e4v\u00e4 makuualusta retkeilyyn<\/p>\n","protected":false},"featured_media":2182,"comment_status":"open","ping_status":"closed","template":"","meta":{"inline_featured_image":false},"product_brand":[],"product_cat":[280,140],"product_tag":[108,76,107],"class_list":{"0":"post-193","1":"product","2":"type-product","3":"status-publish","4":"has-post-thumbnail","6":"product_cat-tarjouksessa","7":"product_cat-yopyminen","8":"product_tag-makuualusta","9":"product_tag-retkeily","10":"product_tag-telttailu","12":"first","13":"instock","14":"taxable","15":"shipping-taxable","16":"purchasable","17":"product-type-simple"},"_links":{"self":[{"href":"https:\/\/retkilemi.fi\/index.php?rest_route=\/wp\/v2\/product\/193","targetHints":{"allow":["GET"]}}],"collection":[{"href":"https:\/\/retkilemi.fi\/index.php?rest_route=\/wp\/v2\/product"}],"about":[{"href":"https:\/\/retkilemi.fi\/index.php?rest_route=\/wp\/v2\/types\/product"}],"replies":[{"embeddable":true,"href":"https:\/\/retkilemi.fi\/index.php?rest_route=%2Fwp%2Fv2%2Fcomments&post=193"}],"wp:featuredmedia":[{"embeddable":true,"href":"https:\/\/retkilemi.fi\/index.php?rest_route=\/wp\/v2\/media\/2182"}],"wp:attachment":[{"href":"https:\/\/retkilemi.fi\/index.php?rest_route=%2Fwp%2Fv2%2Fmedia&parent=193"}],"wp:term":[{"taxonomy":"product_brand","embeddable":true,"href":"https:\/\/retkilemi.fi\/index.php?rest_route=%2Fwp%2Fv2%2Fproduct_brand&post=193"},{"taxonomy":"product_cat","embeddable":true,"href":"https:\/\/retkilemi.fi\/index.php?rest_route=%2Fwp%2Fv2%2Fproduct_cat&post=193"},{"taxonomy":"product_tag","embeddable":true,"href":"https:\/\/retkilemi.fi\/index.php?rest_route=%2Fwp%2Fv2%2Fproduct_tag&post=193"}],"curies":[{"name":"wp","href":"https:\/\/api.w.org\/{rel}","templated":true}]}}