{"id":195,"date":"2020-08-31T09:41:41","date_gmt":"2020-08-31T06:41:41","guid":{"rendered":"http:\/\/source.wpopal.com\/huntor\/product\/black-diamond-beta-light-shelter\/"},"modified":"2022-08-25T14:34:21","modified_gmt":"2022-08-25T11:34:21","slug":"makuupussi","status":"publish","type":"product","link":"https:\/\/retkilemi.fi\/?product=makuupussi","title":{"rendered":"Makuupussi XL -15"},"content":{"rendered":"<ul>\n<li>Leveys yl\u00e4p\u00e4\u00e4ss\u00e4 90 cm, alhaalla 60 cm<\/li>\n<li>Pituus\u00a0230 cm<\/li>\n<li>Paino 2100 g<\/li>\n<li>Pakattuna 26 x 38 cm<\/li>\n<li>Sis\u00e4kangas Soft Polyester 190 T<\/li>\n<li>P\u00e4\u00e4llikangas Polyester 190 T<\/li>\n<li>T\u00e4yte 350g\/m<sup>2<\/sup>\u00a0ontelokuitu<\/li>\n<li>Mukavuusl\u00e4mp\u00f6tila -5\u00b0C, Extreme -15\u00b0C<\/li>\n<li>V\u00e4ri musta\/vihre\u00e4<\/li>\n<\/ul>\n","protected":false},"excerpt":{"rendered":"<p>Talvimakuupussi reilummalla mitoituksella<\/p>\n","protected":false},"featured_media":2181,"comment_status":"open","ping_status":"closed","template":"","meta":{"inline_featured_image":false},"product_brand":[],"product_cat":[280,140],"product_tag":[106,76,107],"class_list":{"0":"post-195","1":"product","2":"type-product","3":"status-publish","4":"has-post-thumbnail","6":"product_cat-tarjouksessa","7":"product_cat-yopyminen","8":"product_tag-makuupussi","9":"product_tag-retkeily","10":"product_tag-telttailu","12":"first","13":"outofstock","14":"taxable","15":"shipping-taxable","16":"purchasable","17":"product-type-simple"},"_links":{"self":[{"href":"https:\/\/retkilemi.fi\/index.php?rest_route=\/wp\/v2\/product\/195","targetHints":{"allow":["GET"]}}],"collection":[{"href":"https:\/\/retkilemi.fi\/index.php?rest_route=\/wp\/v2\/product"}],"about":[{"href":"https:\/\/retkilemi.fi\/index.php?rest_route=\/wp\/v2\/types\/product"}],"replies":[{"embeddable":true,"href":"https:\/\/retkilemi.fi\/index.php?rest_route=%2Fwp%2Fv2%2Fcomments&post=195"}],"wp:featuredmedia":[{"embeddable":true,"href":"https:\/\/retkilemi.fi\/index.php?rest_route=\/wp\/v2\/media\/2181"}],"wp:attachment":[{"href":"https:\/\/retkilemi.fi\/index.php?rest_route=%2Fwp%2Fv2%2Fmedia&parent=195"}],"wp:term":[{"taxonomy":"product_brand","embeddable":true,"href":"https:\/\/retkilemi.fi\/index.php?rest_route=%2Fwp%2Fv2%2Fproduct_brand&post=195"},{"taxonomy":"product_cat","embeddable":true,"href":"https:\/\/retkilemi.fi\/index.php?rest_route=%2Fwp%2Fv2%2Fproduct_cat&post=195"},{"taxonomy":"product_tag","embeddable":true,"href":"https:\/\/retkilemi.fi\/index.php?rest_route=%2Fwp%2Fv2%2Fproduct_tag&post=195"}],"curies":[{"name":"wp","href":"https:\/\/api.w.org\/{rel}","templated":true}]}}