{"id":2197,"date":"2021-08-29T17:11:24","date_gmt":"2021-08-29T14:11:24","guid":{"rendered":"https:\/\/retkilemi.fi\/?post_type=product&#038;p=2197"},"modified":"2024-04-16T11:43:17","modified_gmt":"2024-04-16T08:43:17","slug":"teltta-4family","status":"publish","type":"product","link":"https:\/\/retkilemi.fi\/?product=teltta-4family","title":{"rendered":"Teltta 4Family"},"content":{"rendered":"<ul>\n<li>Paino vain 3,05 kg<\/li>\n<li>Lattia-ala 200 cm (+ 70 cm apsidi) x 240 cm<\/li>\n<li>Korkeus 130 cm<\/li>\n<li>Ulkokangas vedenpit\u00e4v\u00e4 190 T polyesteri, PU1500mm<\/li>\n<li>Sis\u00e4teltta 170 T B\/R polyesteri\u00e4<\/li>\n<li>Lattiakangas vedenpit\u00e4v\u00e4\u00e4 polyesteri\u00e4<\/li>\n<li>Kuitukaaret 2 x 8,5 mm<\/li>\n<li>Koko pakattuna vain 65 cm x 15 cm<\/li>\n<li>V\u00e4ri oranssi\/musta<\/li>\n<\/ul>\n","protected":false},"excerpt":{"rendered":"<p>Nelj\u00e4n hengen teltta vapaa-ajan k\u00e4ytt\u00f6\u00f6n<\/p>\n","protected":false},"featured_media":2198,"comment_status":"open","ping_status":"closed","template":"","meta":{"inline_featured_image":false},"product_brand":[],"product_cat":[280,140],"product_tag":[100,107],"class_list":{"0":"post-2197","1":"product","2":"type-product","3":"status-publish","4":"has-post-thumbnail","6":"product_cat-tarjouksessa","7":"product_cat-yopyminen","8":"product_tag-retki","9":"product_tag-telttailu","11":"first","12":"instock","13":"sale","14":"taxable","15":"shipping-taxable","16":"purchasable","17":"product-type-simple"},"_links":{"self":[{"href":"https:\/\/retkilemi.fi\/index.php?rest_route=\/wp\/v2\/product\/2197","targetHints":{"allow":["GET"]}}],"collection":[{"href":"https:\/\/retkilemi.fi\/index.php?rest_route=\/wp\/v2\/product"}],"about":[{"href":"https:\/\/retkilemi.fi\/index.php?rest_route=\/wp\/v2\/types\/product"}],"replies":[{"embeddable":true,"href":"https:\/\/retkilemi.fi\/index.php?rest_route=%2Fwp%2Fv2%2Fcomments&post=2197"}],"wp:featuredmedia":[{"embeddable":true,"href":"https:\/\/retkilemi.fi\/index.php?rest_route=\/wp\/v2\/media\/2198"}],"wp:attachment":[{"href":"https:\/\/retkilemi.fi\/index.php?rest_route=%2Fwp%2Fv2%2Fmedia&parent=2197"}],"wp:term":[{"taxonomy":"product_brand","embeddable":true,"href":"https:\/\/retkilemi.fi\/index.php?rest_route=%2Fwp%2Fv2%2Fproduct_brand&post=2197"},{"taxonomy":"product_cat","embeddable":true,"href":"https:\/\/retkilemi.fi\/index.php?rest_route=%2Fwp%2Fv2%2Fproduct_cat&post=2197"},{"taxonomy":"product_tag","embeddable":true,"href":"https:\/\/retkilemi.fi\/index.php?rest_route=%2Fwp%2Fv2%2Fproduct_tag&post=2197"}],"curies":[{"name":"wp","href":"https:\/\/api.w.org\/{rel}","templated":true}]}}