{"id":2217,"date":"2021-08-31T09:05:29","date_gmt":"2021-08-31T06:05:29","guid":{"rendered":"https:\/\/retkilemi.fi\/?post_type=product&#038;p=2217"},"modified":"2024-05-06T15:27:04","modified_gmt":"2024-05-06T12:27:04","slug":"haulikon-patruunatasku","status":"publish","type":"product","link":"https:\/\/retkilemi.fi\/?product=haulikon-patruunatasku","title":{"rendered":"Haulikon patruunatasku"},"content":{"rendered":"<p>N\u00e4pp\u00e4r\u00e4 tukkiin kiinnitett\u00e4v\u00e4 5 patruunan tasku<\/p>\n","protected":false},"excerpt":{"rendered":"<p>5 Patruunan tasku haulikon tukkiin<\/p>\n","protected":false},"featured_media":2218,"comment_status":"open","ping_status":"closed","template":"","meta":{"inline_featured_image":false},"product_brand":[],"product_cat":[124,280],"product_tag":[123],"class_list":{"0":"post-2217","1":"product","2":"type-product","3":"status-publish","4":"has-post-thumbnail","6":"product_cat-patruunavyot-patruunataskut","7":"product_cat-tarjouksessa","8":"product_tag-patruunatasku","10":"first","11":"instock","12":"sale","13":"taxable","14":"shipping-taxable","15":"purchasable","16":"product-type-simple"},"_links":{"self":[{"href":"https:\/\/retkilemi.fi\/index.php?rest_route=\/wp\/v2\/product\/2217","targetHints":{"allow":["GET"]}}],"collection":[{"href":"https:\/\/retkilemi.fi\/index.php?rest_route=\/wp\/v2\/product"}],"about":[{"href":"https:\/\/retkilemi.fi\/index.php?rest_route=\/wp\/v2\/types\/product"}],"replies":[{"embeddable":true,"href":"https:\/\/retkilemi.fi\/index.php?rest_route=%2Fwp%2Fv2%2Fcomments&post=2217"}],"wp:featuredmedia":[{"embeddable":true,"href":"https:\/\/retkilemi.fi\/index.php?rest_route=\/wp\/v2\/media\/2218"}],"wp:attachment":[{"href":"https:\/\/retkilemi.fi\/index.php?rest_route=%2Fwp%2Fv2%2Fmedia&parent=2217"}],"wp:term":[{"taxonomy":"product_brand","embeddable":true,"href":"https:\/\/retkilemi.fi\/index.php?rest_route=%2Fwp%2Fv2%2Fproduct_brand&post=2217"},{"taxonomy":"product_cat","embeddable":true,"href":"https:\/\/retkilemi.fi\/index.php?rest_route=%2Fwp%2Fv2%2Fproduct_cat&post=2217"},{"taxonomy":"product_tag","embeddable":true,"href":"https:\/\/retkilemi.fi\/index.php?rest_route=%2Fwp%2Fv2%2Fproduct_tag&post=2217"}],"curies":[{"name":"wp","href":"https:\/\/api.w.org\/{rel}","templated":true}]}}