{"id":2287,"date":"2021-09-02T21:01:51","date_gmt":"2021-09-02T18:01:51","guid":{"rendered":"https:\/\/retkilemi.fi\/?post_type=product&#038;p=2287"},"modified":"2021-09-02T21:01:51","modified_gmt":"2021-09-02T18:01:51","slug":"kettupilli-faulks-p-60a","status":"publish","type":"product","link":"https:\/\/retkilemi.fi\/?product=kettupilli-faulks-p-60a","title":{"rendered":"Kettupilli Faulk\u00b4s P-60A"},"content":{"rendered":"<p>Pillin \u00e4\u00e4ni s\u00e4\u00e4dett\u00e4viss\u00e4 k\u00e4\u00e4nnett\u00e4v\u00e4ll\u00e4 renkaalla.<\/p>\n<p>Helppok\u00e4ytt\u00f6inen<\/p>\n","protected":false},"excerpt":{"rendered":"<p>Faulk`s P60A Predator<\/p>\n","protected":false},"featured_media":2223,"comment_status":"open","ping_status":"closed","template":"","meta":{"inline_featured_image":false},"product_brand":[],"product_cat":[134],"product_tag":[151,150],"class_list":{"0":"post-2287","1":"product","2":"type-product","3":"status-publish","4":"has-post-thumbnail","6":"product_cat-houkutuspillit","7":"product_tag-kettupilli","8":"product_tag-petopilli","10":"first","11":"instock","12":"taxable","13":"shipping-taxable","14":"purchasable","15":"product-type-simple"},"_links":{"self":[{"href":"https:\/\/retkilemi.fi\/index.php?rest_route=\/wp\/v2\/product\/2287","targetHints":{"allow":["GET"]}}],"collection":[{"href":"https:\/\/retkilemi.fi\/index.php?rest_route=\/wp\/v2\/product"}],"about":[{"href":"https:\/\/retkilemi.fi\/index.php?rest_route=\/wp\/v2\/types\/product"}],"replies":[{"embeddable":true,"href":"https:\/\/retkilemi.fi\/index.php?rest_route=%2Fwp%2Fv2%2Fcomments&post=2287"}],"wp:featuredmedia":[{"embeddable":true,"href":"https:\/\/retkilemi.fi\/index.php?rest_route=\/wp\/v2\/media\/2223"}],"wp:attachment":[{"href":"https:\/\/retkilemi.fi\/index.php?rest_route=%2Fwp%2Fv2%2Fmedia&parent=2287"}],"wp:term":[{"taxonomy":"product_brand","embeddable":true,"href":"https:\/\/retkilemi.fi\/index.php?rest_route=%2Fwp%2Fv2%2Fproduct_brand&post=2287"},{"taxonomy":"product_cat","embeddable":true,"href":"https:\/\/retkilemi.fi\/index.php?rest_route=%2Fwp%2Fv2%2Fproduct_cat&post=2287"},{"taxonomy":"product_tag","embeddable":true,"href":"https:\/\/retkilemi.fi\/index.php?rest_route=%2Fwp%2Fv2%2Fproduct_tag&post=2287"}],"curies":[{"name":"wp","href":"https:\/\/api.w.org\/{rel}","templated":true}]}}