{"id":2330,"date":"2021-09-06T18:48:22","date_gmt":"2021-09-06T15:48:22","guid":{"rendered":"https:\/\/retkilemi.fi\/?post_type=product&#038;p=2330"},"modified":"2025-03-30T13:22:40","modified_gmt":"2025-03-30T10:22:40","slug":"anar-giehta-green-sormikkaat","status":"publish","type":"product","link":"https:\/\/retkilemi.fi\/?product=anar-giehta-green-sormikkaat","title":{"rendered":"ANAR GIEHTA GREEN SORMIKKAAT"},"content":{"rendered":"<p>K\u00e4mmenpuolella pit\u00e4v\u00e4 otepinta.<br \/>\nMateriaali: 87 % polyesteri, 13 % elastaani<br \/>\nKonepesu 30 asteessa.<\/p>\n","protected":false},"excerpt":{"rendered":"<p>K\u00e4mmenpuolella pit\u00e4v\u00e4 otepinta. Materiaali: 87 % polyesteri, 13 % elastaani Konepesu 30 asteessa.<\/p>\n","protected":false},"featured_media":2331,"comment_status":"open","ping_status":"closed","template":"","meta":{"inline_featured_image":false},"product_brand":[],"product_cat":[144],"product_tag":[87,301,176],"class_list":{"0":"post-2330","1":"product","2":"type-product","3":"status-publish","4":"has-post-thumbnail","6":"product_cat-kasineet","7":"product_tag-anar","8":"product_tag-hanskat","9":"product_tag-kasineet","11":"first","12":"instock","13":"taxable","14":"shipping-taxable","15":"purchasable","16":"product-type-variable"},"_links":{"self":[{"href":"https:\/\/retkilemi.fi\/index.php?rest_route=\/wp\/v2\/product\/2330","targetHints":{"allow":["GET"]}}],"collection":[{"href":"https:\/\/retkilemi.fi\/index.php?rest_route=\/wp\/v2\/product"}],"about":[{"href":"https:\/\/retkilemi.fi\/index.php?rest_route=\/wp\/v2\/types\/product"}],"replies":[{"embeddable":true,"href":"https:\/\/retkilemi.fi\/index.php?rest_route=%2Fwp%2Fv2%2Fcomments&post=2330"}],"wp:featuredmedia":[{"embeddable":true,"href":"https:\/\/retkilemi.fi\/index.php?rest_route=\/wp\/v2\/media\/2331"}],"wp:attachment":[{"href":"https:\/\/retkilemi.fi\/index.php?rest_route=%2Fwp%2Fv2%2Fmedia&parent=2330"}],"wp:term":[{"taxonomy":"product_brand","embeddable":true,"href":"https:\/\/retkilemi.fi\/index.php?rest_route=%2Fwp%2Fv2%2Fproduct_brand&post=2330"},{"taxonomy":"product_cat","embeddable":true,"href":"https:\/\/retkilemi.fi\/index.php?rest_route=%2Fwp%2Fv2%2Fproduct_cat&post=2330"},{"taxonomy":"product_tag","embeddable":true,"href":"https:\/\/retkilemi.fi\/index.php?rest_route=%2Fwp%2Fv2%2Fproduct_tag&post=2330"}],"curies":[{"name":"wp","href":"https:\/\/api.w.org\/{rel}","templated":true}]}}