{"id":2362,"date":"2021-09-06T20:03:21","date_gmt":"2021-09-06T17:03:21","guid":{"rendered":"https:\/\/retkilemi.fi\/?post_type=product&#038;p=2362"},"modified":"2025-12-15T20:01:17","modified_gmt":"2025-12-15T18:01:17","slug":"anar-hirvas-naisten-metsastyshousut","status":"publish","type":"product","link":"https:\/\/retkilemi.fi\/?product=anar-hirvas-naisten-metsastyshousut","title":{"rendered":"Anar Hirvas naisten mets\u00e4styshousut"},"content":{"rendered":"<p>Suomalaisen huippusuunnittelijan ja osaavan mallimestarin yhteisty\u00f6n tuloksena syntyneet housut, jotka eiv\u00e4t j\u00e4t\u00e4 toivomisen varaa!<\/p>\n<p>Anar Hirvas mets\u00e4styshousut on suunniteltu suomalaiseen hirvi -ja peurajahtiin. Pintamateriaali on eritt\u00e4in hiljaista ja kulutusta kest\u00e4v\u00e4\u00e4 harjattua polyesteria. V\u00e4ri ja kuosit on suunniteltu maastouttamaan mets\u00e4st\u00e4j\u00e4 el\u00e4imen n\u00e4k\u00f6kyvylt\u00e4. Kirkas oranssi v\u00e4ritys t\u00e4ytt\u00e4\u00e4 uusimmat lain vaatimukset. N\u00e4m\u00e4 ominaisuudet sopivat eritt\u00e4in hyvin niin passi- kuin hiivint\u00e4mets\u00e4stykseen.<\/p>\n<p>T\u00e4ysin vedenpit\u00e4v\u00e4 ja erinomaisesti hengitt\u00e4v\u00e4 sek\u00e4 kevyt rakenne pit\u00e4v\u00e4t mets\u00e4st\u00e4j\u00e4n olon mahdollisimman miellytt\u00e4v\u00e4n\u00e4. Laadukas verkkovuori siirt\u00e4\u00e4 hyvin kosteuden pois iholta ja alemmista vaatekerroksista.<\/p>\n<p>Vetoketjun tuulen- ja vedenpit\u00e4vyys on varmistettu leve\u00e4ll\u00e4 tuulilistalla. Maailman tunnetuimman<br \/>\nvalmistajan YKK:n vetoketjut takaavat pitk\u00e4n k\u00e4ytt\u00f6i\u00e4n ja toiminnan.<\/p>\n<p>Vy\u00f6t\u00e4r\u00f6ll\u00e4 oleva joustava s\u00e4\u00e4t\u00f6 mahdollistaa erinomaisen istuvuuden. Vaatteet seuraavat mets\u00e4st\u00e4j\u00e4n liikkeit\u00e4 kuin toinen iho.<\/p>\n<p>Sivuilla olevat vetoketjulliset tuuletusaukot ovat parhaimmillaan l\u00e4mpim\u00e4ll\u00e4 s\u00e4\u00e4ll\u00e4 aktiivisessa jahdissa.<\/p>\n<p>Suomessa suunniteltu ja testattu.<br \/>\nEritt\u00e4in hiljaiseksi harjattu pintarakenne.<br \/>\nHyvin maastouttava Suomessa suunniteltu digicamo-kuosi.<br \/>\nMiellytt\u00e4v\u00e4n olon takaava vedenpit\u00e4v\u00e4 ja hengitt\u00e4v\u00e4 materiaali.<br \/>\nADS-kalvo, hengitt\u00e4vyys 5000g\/m2\/24h ja vedenpit\u00e4vyys 10 000mm. Teipatut saumat.<br \/>\nKulutukselle alttiit takamus ja lahkeensuut vahvistettu.<br \/>\nHousujen yl\u00e4osan vuori kest\u00e4v\u00e4\u00e4 verkkoa, joka takaa mukavuuden ja huipputason hengitt\u00e4vyyden.<br \/>\nLahkeiden alaosan taffeta-vuori helpottaa housujen pukemista.<br \/>\nJoustava vy\u00f6t\u00e4r\u00f6 ja vy\u00f6lenkit.<br \/>\nKiinnitysnapit olkaimille.<br \/>\nNelj\u00e4 vedenpit\u00e4v\u00e4\u00e4 vetoketjullista taskua; sivutaskut ja tilavat cargo-reisitaskut.<br \/>\nL\u00e4mpim\u00e4ll\u00e4 s\u00e4\u00e4ll\u00e4 ventilointiaukot mahdollistavat tehokkaan tuuletuksen.<br \/>\nLahkeensuissa tarranauhakiristykset.<br \/>\nLahkeensuiden lumilukot est\u00e4v\u00e4t lumen ja veden p\u00e4\u00e4sy\u00e4 lahkeeseen ja pit\u00e4v\u00e4t lahkeen hyvin kenkien varren ymp\u00e4rill\u00e4.<br \/>\n2-kerroslaminoitu brushed tricot.<br \/>\nPA vahvikkeet takamuksessa ja lahkeensuissa.<br \/>\nHousuissa verkkovuori, lahkeiden alaosassa taffeta.<br \/>\nMateriaali: 100 % polyesteri<br \/>\nPesuohje: konepesu 40 asteessa. K\u00e4\u00e4nnett\u00e4v\u00e4 nurin ennen pesua.<br \/>\n2-vuoden materiaali- ja valmistusvirhe takuu.<\/p>\n<p><a href=\"https:\/\/retkilemi.fi\/wp-content\/uploads\/2021\/09\/Anar_kokotaulukko_A4.pdf\"><img fetchpriority=\"high\" decoding=\"async\" class=\"alignnone wp-image-2764 size-full\" src=\"https:\/\/retkilemi.fi\/wp-content\/uploads\/2021\/09\/Anar_kokotaulukko.jpg\" alt=\"\" width=\"500\" height=\"125\" srcset=\"https:\/\/retkilemi.fi\/wp-content\/uploads\/2021\/09\/Anar_kokotaulukko.jpg 500w, https:\/\/retkilemi.fi\/wp-content\/uploads\/2021\/09\/Anar_kokotaulukko-300x75.jpg 300w\" sizes=\"(max-width: 500px) 100vw, 500px\" \/><\/a><\/p>\n","protected":false},"excerpt":{"rendered":"<p>Anar Hirvas \u2013hirvijahtihousujen ominaisuuksia ja rakenteita suunniteltaessa ovat l\u00e4ht\u00f6kohtana olleet syksyn jahtikauden alati muuttuvat s\u00e4\u00e4olosuhteet, mets\u00e4st\u00e4jien tarpeet ja toiveet, hirvijahtivaatteita koskevat asetukset, sek\u00e4 tyylikkyys. Lopputuloksena on syntynyt t\u00e4ysin tuulen- ja vedenpit\u00e4v\u00e4t housut, jotka ovat \u00e4\u00e4rimm\u00e4isen hiljaiset, miellytt\u00e4v\u00e4n kevyet, turvalliset \u2013 ja suomalaisen tyylik\u00e4\u00e4t!<\/p>\n","protected":false},"featured_media":2369,"comment_status":"open","ping_status":"closed","template":"","meta":{"inline_featured_image":false},"product_brand":[],"product_cat":[97,179,280],"product_tag":[87,118,88,181,180],"class_list":{"0":"post-2362","1":"product","2":"type-product","3":"status-publish","4":"has-post-thumbnail","6":"product_cat-metsastysvaatteet","7":"product_cat-naisten","8":"product_cat-tarjouksessa","9":"product_tag-anar","10":"product_tag-camo","11":"product_tag-hirvas","12":"product_tag-housut","13":"product_tag-naisten-metsastystakki","15":"first","16":"instock","17":"sale","18":"taxable","19":"shipping-taxable","20":"purchasable","21":"product-type-variable"},"_links":{"self":[{"href":"https:\/\/retkilemi.fi\/index.php?rest_route=\/wp\/v2\/product\/2362","targetHints":{"allow":["GET"]}}],"collection":[{"href":"https:\/\/retkilemi.fi\/index.php?rest_route=\/wp\/v2\/product"}],"about":[{"href":"https:\/\/retkilemi.fi\/index.php?rest_route=\/wp\/v2\/types\/product"}],"replies":[{"embeddable":true,"href":"https:\/\/retkilemi.fi\/index.php?rest_route=%2Fwp%2Fv2%2Fcomments&post=2362"}],"wp:featuredmedia":[{"embeddable":true,"href":"https:\/\/retkilemi.fi\/index.php?rest_route=\/wp\/v2\/media\/2369"}],"wp:attachment":[{"href":"https:\/\/retkilemi.fi\/index.php?rest_route=%2Fwp%2Fv2%2Fmedia&parent=2362"}],"wp:term":[{"taxonomy":"product_brand","embeddable":true,"href":"https:\/\/retkilemi.fi\/index.php?rest_route=%2Fwp%2Fv2%2Fproduct_brand&post=2362"},{"taxonomy":"product_cat","embeddable":true,"href":"https:\/\/retkilemi.fi\/index.php?rest_route=%2Fwp%2Fv2%2Fproduct_cat&post=2362"},{"taxonomy":"product_tag","embeddable":true,"href":"https:\/\/retkilemi.fi\/index.php?rest_route=%2Fwp%2Fv2%2Fproduct_tag&post=2362"}],"curies":[{"name":"wp","href":"https:\/\/api.w.org\/{rel}","templated":true}]}}