{"id":2428,"date":"2021-09-07T08:12:57","date_gmt":"2021-09-07T05:12:57","guid":{"rendered":"https:\/\/retkilemi.fi\/?post_type=product&#038;p=2428"},"modified":"2025-12-15T19:28:24","modified_gmt":"2025-12-15T17:28:24","slug":"anar-hirvas-miesten-metsastystakki-3","status":"publish","type":"product","link":"https:\/\/retkilemi.fi\/?product=anar-hirvas-miesten-metsastystakki-3","title":{"rendered":"Anar Hirvas miesten mets\u00e4stystakki"},"content":{"rendered":"<p>Suomalaisen huippusuunnittelijan ja osaavan mallimestarin yhteisty\u00f6n tuloksena syntynyt takki, joka ei j\u00e4t\u00e4 toivomisen varaa! Anar Hirvas mets\u00e4stystakki on suunniteltu suomalaiseen hirvi- ja peurajahtiin. Pintamateriaali on eritt\u00e4in hiljaista ja kulutusta kest\u00e4v\u00e4\u00e4 harjattua polyesteria. V\u00e4ri ja kuosit on suunniteltu maastouttamaan mets\u00e4st\u00e4j\u00e4 el\u00e4imen n\u00e4k\u00f6kyvylt\u00e4. Kirkas oranssi v\u00e4ritys t\u00e4ytt\u00e4\u00e4 uusimmat lain vaatimukset. N\u00e4m\u00e4 ominaisuudet sopivat eritt\u00e4in hyvin niin passi- kuin hiivint\u00e4mets\u00e4stykseen.<\/p>\n<p>T\u00e4ysin vedenpit\u00e4v\u00e4 ja erinomaisesti hengitt\u00e4v\u00e4 sek\u00e4 kevyt rakenne pit\u00e4v\u00e4t mets\u00e4st\u00e4j\u00e4n olon mahdollisimman miellytt\u00e4v\u00e4n\u00e4. Laadukas verkkovuori siirt\u00e4\u00e4 hyvin kosteuden pois iholta ja alemmista vaatekerroksista.<\/p>\n<p>Sile\u00e4 vuori hihoissa ja takin helmassa helpottaa pukemista. Vetoketjun tuulen- ja vedenpit\u00e4vyys on varmistettu leve\u00e4ll\u00e4 tuulilistalla. Maailman tunnetuimman valmistajan YKK:n vetoketjut takaavat pitk\u00e4n k\u00e4ytt\u00f6i\u00e4n ja toiminnan. Vy\u00f6t\u00e4r\u00f6ll\u00e4 ja helmassa oleva joustava s\u00e4\u00e4t\u00f6, sek\u00e4 s\u00e4\u00e4dett\u00e4v\u00e4t hihansuut mahdollistavat erinomaisen istuvuuden. Vaatteet seuraavat mets\u00e4st\u00e4j\u00e4n liikkeit\u00e4 kuin toinen iho. Sivuilla olevat vetoketjulliset tuuletusaukot ovat parhaimmillaan l\u00e4mpim\u00e4ll\u00e4 s\u00e4\u00e4ll\u00e4 aktiivisessa jahdissa.<\/p>\n<ul>\n<li>Takki on Suomessa suunniteltu ja testattu.<\/li>\n<li>Eritt\u00e4in hiljaiseksi harjattu pintarakenne.<\/li>\n<li>Hyvin maastouttava Suomessa suunniteltu digicamo-kuosi.<\/li>\n<li>Miellytt\u00e4v\u00e4n olon takaava vedenpit\u00e4v\u00e4 ja hengitt\u00e4v\u00e4 materiaali.<\/li>\n<li>ADS-kalvo, hengitt\u00e4vyys 5000g\/m2\/24h ja vedenpit\u00e4vyys 10 000mm. Teipatut saumat.<\/li>\n<li>Kulutukselle alttiit kyyn\u00e4rp\u00e4\u00e4n kohdat vahvistettu.<\/li>\n<li>Takin yl\u00e4osan vuori kest\u00e4v\u00e4\u00e4 verkkoa, joka takaa mukavuuden ja huipputason hengitt\u00e4vyyden.<\/li>\n<li>Nelj\u00e4\u00e4n suuntaan s\u00e4\u00e4tyv\u00e4 irroitettava huppu istuu hyvin ja k\u00e4\u00e4ntyy p\u00e4\u00e4n mukana.<\/li>\n<li>Tuulilistalliset vetoketjut pit\u00e4v\u00e4t kuivana ja l\u00e4mpim\u00e4n\u00e4.<\/li>\n<li>Napoleontasku esim. k\u00e4nnyk\u00e4lle.<\/li>\n<li>Vetoketjullinen povitasku lompakolla ja luville.<\/li>\n<li>Viisi ulkopuolista taskua; VHF-\/l\u00e4mmittelytaskut rinnassa, patruunataskut helmassa ja vetoketjullinen hihatasku pikkuesineille.<\/li>\n<li>L\u00e4mpim\u00e4ll\u00e4 s\u00e4\u00e4ll\u00e4 ventilointiaukot mahdollistavat tehokkaan tuuletuksen.<\/li>\n<li>Hihansuissa tuulilukot ja tarranauhakiristykset.<\/li>\n<li>Vy\u00f6t\u00e4r\u00f6- ja helmas\u00e4\u00e4d\u00f6ill\u00e4 takin istuvuuden saa s\u00e4\u00e4detty\u00e4 mieleiseksi.<\/li>\n<li>2-kerroslaminoitu brushed tricot.<\/li>\n<li>PA vahvikkeet hartioissa.<\/li>\n<li>Takin yl\u00e4osassa verkkovuori, sek\u00e4 alaosassa ja hihoissa taffeta.<\/li>\n<li>Materiaali: 100 % polyesteri<\/li>\n<li>Pesuohje: Konepesu 40 asteessa. K\u00e4\u00e4nnett\u00e4v\u00e4 nurin ennen pesua.<\/li>\n<li>2-vuoden materiaali- ja valmistusvirhe takuu.<\/li>\n<li><a href=\"https:\/\/retkilemi.fi\/wp-content\/uploads\/2021\/09\/Anar_kokotaulukko_A4.pdf\"><img fetchpriority=\"high\" decoding=\"async\" class=\"alignnone wp-image-2764 size-full\" src=\"https:\/\/retkilemi.fi\/wp-content\/uploads\/2021\/09\/Anar_kokotaulukko.jpg\" alt=\"\" width=\"500\" height=\"125\" srcset=\"https:\/\/retkilemi.fi\/wp-content\/uploads\/2021\/09\/Anar_kokotaulukko.jpg 500w, https:\/\/retkilemi.fi\/wp-content\/uploads\/2021\/09\/Anar_kokotaulukko-300x75.jpg 300w\" sizes=\"(max-width: 500px) 100vw, 500px\" \/><\/a><\/li>\n<\/ul>\n","protected":false},"excerpt":{"rendered":"<p>Anar Hirvas \u2013hirvijahtitakin ominaisuuksia ja rakenteita suunniteltaessa ovat l\u00e4ht\u00f6kohtana olleet syksyn jahtikauden alati muuttuvat s\u00e4\u00e4olosuhteet, mets\u00e4st\u00e4jien tarpeet ja toiveet, hirvijahtivaatteita koskevat asetukset, sek\u00e4 tyylikkyys. Lopputuloksena on syntynyt t\u00e4ysin tuulen- ja vedenpit\u00e4v\u00e4 takki, joka on \u00e4\u00e4rimm\u00e4isen hiljainen, miellytt\u00e4v\u00e4n kevyt, turvallinen \u2013 ja suomalaisen tyylik\u00e4s!<\/p>\n","protected":false},"featured_media":1903,"comment_status":"open","ping_status":"closed","template":"","meta":{"inline_featured_image":false},"product_brand":[],"product_cat":[97,182],"product_tag":[87,88,89],"class_list":{"0":"post-2428","1":"product","2":"type-product","3":"status-publish","4":"has-post-thumbnail","6":"product_cat-metsastysvaatteet","7":"product_cat-miesten","8":"product_tag-anar","9":"product_tag-hirvas","10":"product_tag-miesten-metsastystakki","12":"first","13":"instock","14":"sale","15":"taxable","16":"shipping-taxable","17":"purchasable","18":"product-type-variable"},"_links":{"self":[{"href":"https:\/\/retkilemi.fi\/index.php?rest_route=\/wp\/v2\/product\/2428","targetHints":{"allow":["GET"]}}],"collection":[{"href":"https:\/\/retkilemi.fi\/index.php?rest_route=\/wp\/v2\/product"}],"about":[{"href":"https:\/\/retkilemi.fi\/index.php?rest_route=\/wp\/v2\/types\/product"}],"replies":[{"embeddable":true,"href":"https:\/\/retkilemi.fi\/index.php?rest_route=%2Fwp%2Fv2%2Fcomments&post=2428"}],"wp:featuredmedia":[{"embeddable":true,"href":"https:\/\/retkilemi.fi\/index.php?rest_route=\/wp\/v2\/media\/1903"}],"wp:attachment":[{"href":"https:\/\/retkilemi.fi\/index.php?rest_route=%2Fwp%2Fv2%2Fmedia&parent=2428"}],"wp:term":[{"taxonomy":"product_brand","embeddable":true,"href":"https:\/\/retkilemi.fi\/index.php?rest_route=%2Fwp%2Fv2%2Fproduct_brand&post=2428"},{"taxonomy":"product_cat","embeddable":true,"href":"https:\/\/retkilemi.fi\/index.php?rest_route=%2Fwp%2Fv2%2Fproduct_cat&post=2428"},{"taxonomy":"product_tag","embeddable":true,"href":"https:\/\/retkilemi.fi\/index.php?rest_route=%2Fwp%2Fv2%2Fproduct_tag&post=2428"}],"curies":[{"name":"wp","href":"https:\/\/api.w.org\/{rel}","templated":true}]}}