{"id":2459,"date":"2021-09-07T08:31:40","date_gmt":"2021-09-07T05:31:40","guid":{"rendered":"https:\/\/retkilemi.fi\/?post_type=product&#038;p=2459"},"modified":"2025-10-14T21:53:55","modified_gmt":"2025-10-14T18:53:55","slug":"anar-muohta-snowcamo-puku","status":"publish","type":"product","link":"https:\/\/retkilemi.fi\/?product=anar-muohta-snowcamo-puku","title":{"rendered":"Anar Muohta Snowcamo puku"},"content":{"rendered":"<p>Kangas: kevyt 100% PES teflon-k\u00e4sittelyll\u00e4<br \/>\nPaino: 95 g\/m2<br \/>\nAinutlaatuinen Anar snow digi camo kuosi<br \/>\nVuoreton<br \/>\nEdess\u00e4 huppu kiristysnauhalla<\/p>\n<p>Takki:<\/p>\n<p>2 kpl vetoketjutaskuja<br \/>\nHelmassa joustava kiristysnauha<br \/>\nKuminauhat hihansuissa<\/p>\n<p>Housut:<\/p>\n<p>Vy\u00f6t\u00e4r\u00f6ll\u00e4 kuminauha ja s\u00e4\u00e4t\u00f6ny\u00f6ri<br \/>\nLahkeensuussa joustava kiristysnauha<br \/>\nSivutaskujen kohdalla l\u00e4piviennit alempien housujen taskuille<br \/>\nTutustu my\u00f6s<\/p>\n","protected":false},"excerpt":{"rendered":"<p>Anar Muohta on eritt\u00e4in kevyt snow camo mets\u00e4styspuku, joka on suunniteltu k\u00e4ytett\u00e4v\u00e4ksi muiden talvivaatteiden p\u00e4\u00e4ll\u00e4.<\/p>\n","protected":false},"featured_media":2467,"comment_status":"open","ping_status":"closed","template":"","meta":{"inline_featured_image":false},"product_brand":[],"product_cat":[97,182,280],"product_tag":[87,118,267,268,89,184],"class_list":{"0":"post-2459","1":"product","2":"type-product","3":"status-publish","4":"has-post-thumbnail","6":"product_cat-metsastysvaatteet","7":"product_cat-miesten","8":"product_cat-tarjouksessa","9":"product_tag-anar","10":"product_tag-camo","11":"product_tag-lumi","12":"product_tag-lumipuku","13":"product_tag-miesten-metsastystakki","14":"product_tag-talvipuku","16":"first","17":"outofstock","18":"sale","19":"taxable","20":"shipping-taxable","21":"purchasable","22":"product-type-variable"},"_links":{"self":[{"href":"https:\/\/retkilemi.fi\/index.php?rest_route=\/wp\/v2\/product\/2459","targetHints":{"allow":["GET"]}}],"collection":[{"href":"https:\/\/retkilemi.fi\/index.php?rest_route=\/wp\/v2\/product"}],"about":[{"href":"https:\/\/retkilemi.fi\/index.php?rest_route=\/wp\/v2\/types\/product"}],"replies":[{"embeddable":true,"href":"https:\/\/retkilemi.fi\/index.php?rest_route=%2Fwp%2Fv2%2Fcomments&post=2459"}],"wp:featuredmedia":[{"embeddable":true,"href":"https:\/\/retkilemi.fi\/index.php?rest_route=\/wp\/v2\/media\/2467"}],"wp:attachment":[{"href":"https:\/\/retkilemi.fi\/index.php?rest_route=%2Fwp%2Fv2%2Fmedia&parent=2459"}],"wp:term":[{"taxonomy":"product_brand","embeddable":true,"href":"https:\/\/retkilemi.fi\/index.php?rest_route=%2Fwp%2Fv2%2Fproduct_brand&post=2459"},{"taxonomy":"product_cat","embeddable":true,"href":"https:\/\/retkilemi.fi\/index.php?rest_route=%2Fwp%2Fv2%2Fproduct_cat&post=2459"},{"taxonomy":"product_tag","embeddable":true,"href":"https:\/\/retkilemi.fi\/index.php?rest_route=%2Fwp%2Fv2%2Fproduct_tag&post=2459"}],"curies":[{"name":"wp","href":"https:\/\/api.w.org\/{rel}","templated":true}]}}