{"id":2492,"date":"2021-09-08T08:04:04","date_gmt":"2021-09-08T05:04:04","guid":{"rendered":"https:\/\/retkilemi.fi\/?post_type=product&#038;p=2492"},"modified":"2022-06-03T06:31:59","modified_gmt":"2022-06-03T03:31:59","slug":"anar-miella-anorakkipuku","status":"publish","type":"product","link":"https:\/\/retkilemi.fi\/?product=anar-miella-anorakkipuku","title":{"rendered":"ANAR MIELLA ANORAKKIPUKU"},"content":{"rendered":"<p>Suomalainen innovaatio! Anar Miellan pintamateriaali on eritt\u00e4in tihe\u00e4kudoksista ja kulutusta kest\u00e4v\u00e4\u00e4 ripstop-materiaalia. Puku sopii eritt\u00e4in hyvin niin luontokuvaajalle, lintubongarille kuin mets\u00e4st\u00e4j\u00e4llekin.<\/p>\n<p>Eritt\u00e4in hyvin hengitt\u00e4v\u00e4 sek\u00e4 kevyt rakenne pit\u00e4\u00e4 mets\u00e4st\u00e4j\u00e4n olon mahdollisimman miellytt\u00e4v\u00e4n\u00e4 kuivassa ja l\u00e4mpim\u00e4ss\u00e4 s\u00e4\u00e4ss\u00e4. Omaan taskuunsa pakattava hyttysverkko on helppo asentaa paikoilleen hupun reunaa kiert\u00e4v\u00e4ll\u00e4 vetoketjulla. Puku suojaa eritt\u00e4in hyvin my\u00f6s hirvik\u00e4rp\u00e4silt\u00e4 ja muilta hy\u00f6nteisilt\u00e4.<br \/>\nTilavaan etutaskuun mahtuu niin lintukirja kuin GPS-paikanninkin.<\/p>\n<p>Kevyt, vuoriton anorakki ja housut.<br \/>\nKiinte\u00e4 huppu.<br \/>\nS\u00e4\u00e4skiverkko toimii my\u00f6s kasvonaamiona.<br \/>\nReilun kokoinen etutasku.<br \/>\nNy\u00f6rikiristys helmassa.<br \/>\nHihansuissa kiristykset.<br \/>\nHousuissa tilavat sivutaskut.<br \/>\nS\u00e4\u00e4dett\u00e4v\u00e4t lahkeensuut.<br \/>\n2-vuoden materiaali- ja valmistusvirhe takuu<br \/>\nMateriaali: 100 % polyesteri<br \/>\nPesuohje: Konepesu 40 asteessa. K\u00e4\u00e4nnett\u00e4v\u00e4 nurin ennen pesua.<\/p>\n","protected":false},"excerpt":{"rendered":"<p>Anar Miella-kevytpuku on suunniteltu l\u00e4mpimiin s\u00e4ihin, sek\u00e4 etel\u00e4isempien seutujen kuvaus ja jahtireissuihin. Puku on eritt\u00e4in hyvin tuulta pit\u00e4v\u00e4, \u00e4\u00e4rimm\u00e4isen kevyt ja hyttysenpiston est\u00e4v\u00e4!<\/p>\n","protected":false},"featured_media":2500,"comment_status":"open","ping_status":"closed","template":"","meta":{"inline_featured_image":false},"product_brand":[],"product_cat":[145,97,182,179],"product_tag":[87,186,185,89],"class_list":{"0":"post-2492","1":"product","2":"type-product","3":"status-publish","4":"has-post-thumbnail","6":"product_cat-metsastys-vaatteet","7":"product_cat-metsastysvaatteet","8":"product_cat-miesten","9":"product_cat-naisten","10":"product_tag-anar","11":"product_tag-anorakki","12":"product_tag-miella","13":"product_tag-miesten-metsastystakki","15":"first","16":"outofstock","17":"taxable","18":"shipping-taxable","19":"purchasable","20":"product-type-variable"},"_links":{"self":[{"href":"https:\/\/retkilemi.fi\/index.php?rest_route=\/wp\/v2\/product\/2492","targetHints":{"allow":["GET"]}}],"collection":[{"href":"https:\/\/retkilemi.fi\/index.php?rest_route=\/wp\/v2\/product"}],"about":[{"href":"https:\/\/retkilemi.fi\/index.php?rest_route=\/wp\/v2\/types\/product"}],"replies":[{"embeddable":true,"href":"https:\/\/retkilemi.fi\/index.php?rest_route=%2Fwp%2Fv2%2Fcomments&post=2492"}],"wp:featuredmedia":[{"embeddable":true,"href":"https:\/\/retkilemi.fi\/index.php?rest_route=\/wp\/v2\/media\/2500"}],"wp:attachment":[{"href":"https:\/\/retkilemi.fi\/index.php?rest_route=%2Fwp%2Fv2%2Fmedia&parent=2492"}],"wp:term":[{"taxonomy":"product_brand","embeddable":true,"href":"https:\/\/retkilemi.fi\/index.php?rest_route=%2Fwp%2Fv2%2Fproduct_brand&post=2492"},{"taxonomy":"product_cat","embeddable":true,"href":"https:\/\/retkilemi.fi\/index.php?rest_route=%2Fwp%2Fv2%2Fproduct_cat&post=2492"},{"taxonomy":"product_tag","embeddable":true,"href":"https:\/\/retkilemi.fi\/index.php?rest_route=%2Fwp%2Fv2%2Fproduct_tag&post=2492"}],"curies":[{"name":"wp","href":"https:\/\/api.w.org\/{rel}","templated":true}]}}