{"id":2514,"date":"2021-09-08T08:15:44","date_gmt":"2021-09-08T05:15:44","guid":{"rendered":"https:\/\/retkilemi.fi\/?post_type=product&#038;p=2514"},"modified":"2023-06-01T01:01:27","modified_gmt":"2023-05-31T22:01:27","slug":"anar-galda-naisten-huppari-2","status":"publish","type":"product","link":"https:\/\/retkilemi.fi\/?product=anar-galda-naisten-huppari-2","title":{"rendered":"Anar Galda naisten punainen huppari"},"content":{"rendered":"<p>Suunniteltu Suomessa<br \/>\nJoustava ja hengitt\u00e4v\u00e4<br \/>\nIso kengurutasku<br \/>\nTilava huppu kaksinkertaista materiaalia, joustava s\u00e4\u00e4t\u00f6ny\u00f6ri muovisella narulukolla<br \/>\nBrodeerattu Anar-logo<\/p>\n<p>Materiaali<br \/>\n100% polyesteri<\/p>\n<p>Pesuohje<br \/>\nKonepesu 40 \u00b0C, ei rumpukuivausta<\/p>\n<p>&nbsp;<\/p>\n<p><a href=\"https:\/\/retkilemi.fi\/wp-content\/uploads\/2021\/09\/Anar_kokotaulukko_A4.pdf\"><img fetchpriority=\"high\" decoding=\"async\" class=\"alignnone wp-image-2764 size-full\" src=\"https:\/\/retkilemi.fi\/wp-content\/uploads\/2021\/09\/Anar_kokotaulukko.jpg\" alt=\"\" width=\"500\" height=\"125\" srcset=\"https:\/\/retkilemi.fi\/wp-content\/uploads\/2021\/09\/Anar_kokotaulukko.jpg 500w, https:\/\/retkilemi.fi\/wp-content\/uploads\/2021\/09\/Anar_kokotaulukko-300x75.jpg 300w\" sizes=\"(max-width: 500px) 100vw, 500px\" \/><\/a><\/p>\n","protected":false},"excerpt":{"rendered":"<p>Anar Galda on laadukas naisten huppari kaikkeen ulkoiluun ja vapaa-aikaan. Teknisest\u00e4 materiaalista valmistettu huppari on joustava ja hengitt\u00e4v\u00e4, mink\u00e4 ansiosta se on eritt\u00e4in mukava p\u00e4\u00e4ll\u00e4.<\/p>\n","protected":false},"featured_media":2522,"comment_status":"open","ping_status":"closed","template":"","meta":{"inline_featured_image":false},"product_brand":[],"product_cat":[147,280],"product_tag":[87,189,190,188],"class_list":{"0":"post-2514","1":"product","2":"type-product","3":"status-publish","4":"has-post-thumbnail","6":"product_cat-naisten-paidat","7":"product_cat-tarjouksessa","8":"product_tag-anar","9":"product_tag-galda","10":"product_tag-huppari","11":"product_tag-outdoor","13":"first","14":"instock","15":"taxable","16":"shipping-taxable","17":"purchasable","18":"product-type-variable"},"_links":{"self":[{"href":"https:\/\/retkilemi.fi\/index.php?rest_route=\/wp\/v2\/product\/2514","targetHints":{"allow":["GET"]}}],"collection":[{"href":"https:\/\/retkilemi.fi\/index.php?rest_route=\/wp\/v2\/product"}],"about":[{"href":"https:\/\/retkilemi.fi\/index.php?rest_route=\/wp\/v2\/types\/product"}],"replies":[{"embeddable":true,"href":"https:\/\/retkilemi.fi\/index.php?rest_route=%2Fwp%2Fv2%2Fcomments&post=2514"}],"wp:featuredmedia":[{"embeddable":true,"href":"https:\/\/retkilemi.fi\/index.php?rest_route=\/wp\/v2\/media\/2522"}],"wp:attachment":[{"href":"https:\/\/retkilemi.fi\/index.php?rest_route=%2Fwp%2Fv2%2Fmedia&parent=2514"}],"wp:term":[{"taxonomy":"product_brand","embeddable":true,"href":"https:\/\/retkilemi.fi\/index.php?rest_route=%2Fwp%2Fv2%2Fproduct_brand&post=2514"},{"taxonomy":"product_cat","embeddable":true,"href":"https:\/\/retkilemi.fi\/index.php?rest_route=%2Fwp%2Fv2%2Fproduct_cat&post=2514"},{"taxonomy":"product_tag","embeddable":true,"href":"https:\/\/retkilemi.fi\/index.php?rest_route=%2Fwp%2Fv2%2Fproduct_tag&post=2514"}],"curies":[{"name":"wp","href":"https:\/\/api.w.org\/{rel}","templated":true}]}}