{"id":2554,"date":"2021-09-08T08:51:30","date_gmt":"2021-09-08T05:51:30","guid":{"rendered":"https:\/\/retkilemi.fi\/?post_type=product&#038;p=2554"},"modified":"2021-09-21T08:15:56","modified_gmt":"2021-09-21T05:15:56","slug":"anar-navdi-puukko","status":"publish","type":"product","link":"https:\/\/retkilemi.fi\/?product=anar-navdi-puukko","title":{"rendered":"Anar Navdi puukko"},"content":{"rendered":"<p>Puukon pituus on 20.5 cm ja ter\u00e4n pituus 9.5 cm. Kest\u00e4v\u00e4 mustanahkainen tuppi on valmistettu naudannahasta ja siin\u00e4 on ripustin. Sormisuoja on messinki\u00e4. Kaunis k\u00e4sintehty kokonaisuus palvelee niin mets\u00e4ll\u00e4 kuin retkell\u00e4.<\/p>\n<p>Puukon pituus: 20.5 cm<br \/>\nTer\u00e4n pituus: 9.5 cm<br \/>\nTuppi: Mustaa nahkaa<br \/>\nTer\u00e4: Karkaistua hiiliter\u00e4st\u00e4<br \/>\nMade in Finland<\/p>\n","protected":false},"excerpt":{"rendered":"<p>Anar Navdi puukko on valmistettu suomalaisena k\u00e4sity\u00f6n\u00e4. Suomalaisen huippusuunnittelijan ja osaavan puukkomestarin yhteisty\u00f6n tuloksena syntyi mustaa ja hopeaa yhdistelev\u00e4 puukko, joka on yksinkertaisuudessaan kaunis.<\/p>\n","protected":false},"featured_media":2555,"comment_status":"open","ping_status":"closed","template":"","meta":{"inline_featured_image":false},"product_brand":[],"product_cat":[206],"product_tag":[87,88,209,210,208],"class_list":{"0":"post-2554","1":"product","2":"type-product","3":"status-publish","4":"has-post-thumbnail","6":"product_cat-puukot-veitset","7":"product_tag-anar","8":"product_tag-hirvas","9":"product_tag-magga","10":"product_tag-navdi","11":"product_tag-nylkeminen","13":"first","14":"instock","15":"taxable","16":"shipping-taxable","17":"purchasable","18":"product-type-simple"},"_links":{"self":[{"href":"https:\/\/retkilemi.fi\/index.php?rest_route=\/wp\/v2\/product\/2554","targetHints":{"allow":["GET"]}}],"collection":[{"href":"https:\/\/retkilemi.fi\/index.php?rest_route=\/wp\/v2\/product"}],"about":[{"href":"https:\/\/retkilemi.fi\/index.php?rest_route=\/wp\/v2\/types\/product"}],"replies":[{"embeddable":true,"href":"https:\/\/retkilemi.fi\/index.php?rest_route=%2Fwp%2Fv2%2Fcomments&post=2554"}],"wp:featuredmedia":[{"embeddable":true,"href":"https:\/\/retkilemi.fi\/index.php?rest_route=\/wp\/v2\/media\/2555"}],"wp:attachment":[{"href":"https:\/\/retkilemi.fi\/index.php?rest_route=%2Fwp%2Fv2%2Fmedia&parent=2554"}],"wp:term":[{"taxonomy":"product_brand","embeddable":true,"href":"https:\/\/retkilemi.fi\/index.php?rest_route=%2Fwp%2Fv2%2Fproduct_brand&post=2554"},{"taxonomy":"product_cat","embeddable":true,"href":"https:\/\/retkilemi.fi\/index.php?rest_route=%2Fwp%2Fv2%2Fproduct_cat&post=2554"},{"taxonomy":"product_tag","embeddable":true,"href":"https:\/\/retkilemi.fi\/index.php?rest_route=%2Fwp%2Fv2%2Fproduct_tag&post=2554"}],"curies":[{"name":"wp","href":"https:\/\/api.w.org\/{rel}","templated":true}]}}