{"id":2557,"date":"2021-09-08T08:54:43","date_gmt":"2021-09-08T05:54:43","guid":{"rendered":"https:\/\/retkilemi.fi\/?post_type=product&#038;p=2557"},"modified":"2022-11-17T06:27:45","modified_gmt":"2022-11-17T04:27:45","slug":"anar-hirvas-avauspuukko","status":"publish","type":"product","link":"https:\/\/retkilemi.fi\/?product=anar-hirvas-avauspuukko","title":{"rendered":"Anar Hirvas avauspuukko"},"content":{"rendered":"<p>Avauspuukon pituus on 19 cm ja ter\u00e4n pituus 7.5 cm. Kest\u00e4v\u00e4 mustanahkainen tuppi on valmistettu naudannahasta oranssein tehoste-ompelein ja siin\u00e4 on ripustin. Sormisuoja on messinki\u00e4. Kaunis k\u00e4sintehty puukko tekee saaliin avaamisesta helppoa.<\/p>\n<p>Puukon pituus: 9 cm<br \/>\nTer\u00e4n pituus: 7.5 cm<br \/>\nTuppi: Mustaa nahkaa<br \/>\nTer\u00e4: Karkaistua hiiliter\u00e4st\u00e4<br \/>\nMade in Finland<\/p>\n","protected":false},"excerpt":{"rendered":"<p>Hirvas avauspuukko on valmistettu suomalaisena k\u00e4sity\u00f6n\u00e4 ja suunniteltu erityisesti mets\u00e4st\u00e4j\u00e4lle. Suomalaisen huippusuunnittelijan ja osaavan puukkomestarin yhteisty\u00f6n tuloksena syntyi puukko, joka ei j\u00e4t\u00e4 toivomisen varaa!<\/p>\n","protected":false},"featured_media":2558,"comment_status":"open","ping_status":"closed","template":"","meta":{"inline_featured_image":false},"product_brand":[],"product_cat":[206],"product_tag":[87,88,209,208],"class_list":{"0":"post-2557","1":"product","2":"type-product","3":"status-publish","4":"has-post-thumbnail","6":"product_cat-puukot-veitset","7":"product_tag-anar","8":"product_tag-hirvas","9":"product_tag-magga","10":"product_tag-nylkeminen","12":"first","13":"instock","14":"taxable","15":"shipping-taxable","16":"purchasable","17":"product-type-simple"},"_links":{"self":[{"href":"https:\/\/retkilemi.fi\/index.php?rest_route=\/wp\/v2\/product\/2557","targetHints":{"allow":["GET"]}}],"collection":[{"href":"https:\/\/retkilemi.fi\/index.php?rest_route=\/wp\/v2\/product"}],"about":[{"href":"https:\/\/retkilemi.fi\/index.php?rest_route=\/wp\/v2\/types\/product"}],"replies":[{"embeddable":true,"href":"https:\/\/retkilemi.fi\/index.php?rest_route=%2Fwp%2Fv2%2Fcomments&post=2557"}],"wp:featuredmedia":[{"embeddable":true,"href":"https:\/\/retkilemi.fi\/index.php?rest_route=\/wp\/v2\/media\/2558"}],"wp:attachment":[{"href":"https:\/\/retkilemi.fi\/index.php?rest_route=%2Fwp%2Fv2%2Fmedia&parent=2557"}],"wp:term":[{"taxonomy":"product_brand","embeddable":true,"href":"https:\/\/retkilemi.fi\/index.php?rest_route=%2Fwp%2Fv2%2Fproduct_brand&post=2557"},{"taxonomy":"product_cat","embeddable":true,"href":"https:\/\/retkilemi.fi\/index.php?rest_route=%2Fwp%2Fv2%2Fproduct_cat&post=2557"},{"taxonomy":"product_tag","embeddable":true,"href":"https:\/\/retkilemi.fi\/index.php?rest_route=%2Fwp%2Fv2%2Fproduct_tag&post=2557"}],"curies":[{"name":"wp","href":"https:\/\/api.w.org\/{rel}","templated":true}]}}