{"id":2814,"date":"2021-09-17T20:06:26","date_gmt":"2021-09-17T17:06:26","guid":{"rendered":"https:\/\/retkilemi.fi\/?post_type=product&#038;p=2814"},"modified":"2024-12-14T13:37:49","modified_gmt":"2024-12-14T11:37:49","slug":"anar-garra-miesten-merinovilla-alusasu","status":"publish","type":"product","link":"https:\/\/retkilemi.fi\/?product=anar-garra-miesten-merinovilla-alusasu","title":{"rendered":"Anar Garra miesten merinovilla alusasu"},"content":{"rendered":"<p>Materiaalina merinovilla on luonnollisesti antibakteerinen. Merinovillaisia vaatteita ei tarvitse v\u00e4ltt\u00e4m\u00e4tt\u00e4 pest\u00e4 yht\u00e4 usein kuin keinokuituisia. Kun muistat tuulettaa ja kuivattaa huolellisesti merinovillaiset vaatteet k\u00e4yt\u00f6n j\u00e4lkeen, ne s\u00e4ilyv\u00e4t pesem\u00e4tt\u00e4kin pidemp\u00e4\u00e4n raikkaina.<\/p>\n<p>Materiaali: 100 % merinovilla<br \/>\nPaino 250 g\/m\u00b2<br \/>\nPesuohje: K\u00e4sinpesu<br \/>\nValmistettu EU:ssa, suunniteltu ja testattu Suomessa<br \/>\nAnar Garra merinovillainen alusasu on reilua kokoa, joten suositelemme valitsemaan yht\u00e4 kokoa pienemm\u00e4n asun kuin tavallisesti k\u00e4yt\u00e4t.<\/p>\n<p>Anar_kokotaulukko_A4.pdf&#8221;&gt;<img fetchpriority=\"high\" decoding=\"async\" class=\"alignnone wp-image-2764 size-full\" src=\"https:\/\/retkilemi.fi\/wp-content\/uploads\/2021\/09\/Anar_kokotaulukko.jpg\" alt=\"\" width=\"500\" height=\"125\" srcset=\"https:\/\/retkilemi.fi\/wp-content\/uploads\/2021\/09\/Anar_kokotaulukko.jpg 500w, https:\/\/retkilemi.fi\/wp-content\/uploads\/2021\/09\/Anar_kokotaulukko-300x75.jpg 300w\" sizes=\"(max-width: 500px) 100vw, 500px\" \/><\/p>\n","protected":false},"excerpt":{"rendered":"<p>Anar Garra on l\u00e4mmin ja pehme\u00e4 alusasu syksyn ja talven ulkoiluun. Alusasun materiaali on 100% 250 g merinovillaa. Anar Garra merinovillainen alusasu l\u00e4mmitt\u00e4\u00e4 kylm\u00e4ll\u00e4 s\u00e4\u00e4ll\u00e4 ja siirt\u00e4\u00e4 tehokkaasti kosteutta pois iholta. Pehme\u00e4 ja miellytt\u00e4v\u00e4 merinovilla ei kutita ja kuivuu nopeasti, mutta l\u00e4mmitt\u00e4\u00e4 my\u00f6s kosteana.<\/p>\n","protected":false},"featured_media":2822,"comment_status":"open","ping_status":"closed","template":"","meta":{"inline_featured_image":false},"product_brand":[],"product_cat":[170,280],"product_tag":[221,87,218,220,178,188],"class_list":{"0":"post-2814","1":"product","2":"type-product","3":"status-publish","4":"has-post-thumbnail","6":"product_cat-muut-asusteet","7":"product_cat-tarjouksessa","8":"product_tag-alusasu","9":"product_tag-anar","10":"product_tag-garra","11":"product_tag-kerrasto","12":"product_tag-merinovilla","13":"product_tag-outdoor","15":"first","16":"onbackorder","17":"sale","18":"taxable","19":"shipping-taxable","20":"purchasable","21":"product-type-variable"},"_links":{"self":[{"href":"https:\/\/retkilemi.fi\/index.php?rest_route=\/wp\/v2\/product\/2814","targetHints":{"allow":["GET"]}}],"collection":[{"href":"https:\/\/retkilemi.fi\/index.php?rest_route=\/wp\/v2\/product"}],"about":[{"href":"https:\/\/retkilemi.fi\/index.php?rest_route=\/wp\/v2\/types\/product"}],"replies":[{"embeddable":true,"href":"https:\/\/retkilemi.fi\/index.php?rest_route=%2Fwp%2Fv2%2Fcomments&post=2814"}],"wp:featuredmedia":[{"embeddable":true,"href":"https:\/\/retkilemi.fi\/index.php?rest_route=\/wp\/v2\/media\/2822"}],"wp:attachment":[{"href":"https:\/\/retkilemi.fi\/index.php?rest_route=%2Fwp%2Fv2%2Fmedia&parent=2814"}],"wp:term":[{"taxonomy":"product_brand","embeddable":true,"href":"https:\/\/retkilemi.fi\/index.php?rest_route=%2Fwp%2Fv2%2Fproduct_brand&post=2814"},{"taxonomy":"product_cat","embeddable":true,"href":"https:\/\/retkilemi.fi\/index.php?rest_route=%2Fwp%2Fv2%2Fproduct_cat&post=2814"},{"taxonomy":"product_tag","embeddable":true,"href":"https:\/\/retkilemi.fi\/index.php?rest_route=%2Fwp%2Fv2%2Fproduct_tag&post=2814"}],"curies":[{"name":"wp","href":"https:\/\/api.w.org\/{rel}","templated":true}]}}