{"id":2825,"date":"2022-03-18T08:13:44","date_gmt":"2022-03-18T06:13:44","guid":{"rendered":"https:\/\/retkilemi.fi\/?post_type=product&#038;p=2825"},"modified":"2023-06-01T01:01:27","modified_gmt":"2023-05-31T22:01:27","slug":"anar-baitil-rinkka","status":"publish","type":"product","link":"https:\/\/retkilemi.fi\/?product=anar-baitil-rinkka","title":{"rendered":"Anar Baitil 65L rinkka"},"content":{"rendered":"<p>Ylh\u00e4\u00e4lt\u00e4 avattava p\u00e4\u00e4lokero, jossa vetoketjullinen v\u00e4lipohja. Pohja avautuu vetoketjulla, v\u00e4lipohja luo alaosaan optimaalisen tilan esimerkiksi retkikeittimelle. Pohjassa integroitu sadesuoja alataskussa josta sen saa nopeasti vedetty\u00e4 esiin. Kannessa on ulkopuolelta avattava tasku sek\u00e4 sis\u00e4puolella tilava verkkotasku. Rinkan molemmilla sivuilla on k\u00e4yt\u00e4nn\u00f6lliset vetoketjulliset sivutaskut sek\u00e4 joustavat, verkkokankaiset sivulokerot. Tilava ja vetoketjullinen etutasku sek\u00e4 vetoketjullinen pikkutasku lantiovy\u00f6ll\u00e4.<\/p>\n<p>Monipuoliset s\u00e4\u00e4t\u00f6mahdollisuudet<br \/>\nSel\u00e4n pituus on helppo s\u00e4\u00e4t\u00e4\u00e4 k\u00e4ytt\u00e4j\u00e4n pituuteen sopivaksi S-XL<br \/>\nKaksi joustavaa, verkkokankaista sivulokeroa<br \/>\nVetoketjulliset sivutaskut molemmin puolin<br \/>\nKannessa, sivuilla ja lantiovy\u00f6ss\u00e4 k\u00e4yt\u00e4nn\u00f6llisi\u00e4 vetoketjullisia taskuja<br \/>\nKolme nepparilla avattavaa tavaranpidikett\u00e4<br \/>\nSivuilla kompressiohihnat<br \/>\nSis\u00e4puolella kaksi kiinnitysremmi\u00e4 ja kuminauhallinen tasku<br \/>\nYlit\u00e4ytt\u00f6mahdollisuus<br \/>\nLaadukkaat YKK- vetoketjut<br \/>\nTilavuus 65 litraa<br \/>\nPaino 1,87kg<br \/>\nMitat: 75 x 32 x 18 cm<\/p>\n","protected":false},"excerpt":{"rendered":"<p>Anar Baitil 65 on mukava vaellusrinkka hyvill\u00e4 ominaisuuksilla ja s\u00e4\u00e4t\u00f6mahdollisuuksilla. Kantoj\u00e4rjestelm\u00e4 on suunniteltu sopivaksi sek\u00e4 miehille ett\u00e4 naisille. Sel\u00e4n pituuden s\u00e4\u00e4t\u00f6 mahdollistaa rinkan kantamisen monen pituiselle retkeilij\u00e4lle. Tuettu ja pehmustettu selk\u00e4mys ja sek\u00e4 pehmustetut ja s\u00e4\u00e4dett\u00e4v\u00e4t olkahihnat tekev\u00e4t rinkasta eritt\u00e4in k\u00e4ytt\u00e4j\u00e4yst\u00e4v\u00e4llisen. Pehmustettu reilun kokoinen lantiovy\u00f6 takaa mukavauuden pitkin\u00e4kin vaellusp\u00e4ivin\u00e4.<\/p>\n","protected":false},"featured_media":2826,"comment_status":"open","ping_status":"closed","template":"","meta":{"inline_featured_image":false},"product_brand":[],"product_cat":[141,280],"product_tag":[87,226,77,205],"class_list":{"0":"post-2825","1":"product","2":"type-product","3":"status-publish","4":"has-post-thumbnail","6":"product_cat-rinkat","7":"product_cat-tarjouksessa","8":"product_tag-anar","9":"product_tag-reppu","10":"product_tag-rinkka","11":"product_tag-vaellus","13":"first","14":"instock","15":"taxable","16":"shipping-taxable","17":"purchasable","18":"product-type-variable"},"_links":{"self":[{"href":"https:\/\/retkilemi.fi\/index.php?rest_route=\/wp\/v2\/product\/2825","targetHints":{"allow":["GET"]}}],"collection":[{"href":"https:\/\/retkilemi.fi\/index.php?rest_route=\/wp\/v2\/product"}],"about":[{"href":"https:\/\/retkilemi.fi\/index.php?rest_route=\/wp\/v2\/types\/product"}],"replies":[{"embeddable":true,"href":"https:\/\/retkilemi.fi\/index.php?rest_route=%2Fwp%2Fv2%2Fcomments&post=2825"}],"wp:featuredmedia":[{"embeddable":true,"href":"https:\/\/retkilemi.fi\/index.php?rest_route=\/wp\/v2\/media\/2826"}],"wp:attachment":[{"href":"https:\/\/retkilemi.fi\/index.php?rest_route=%2Fwp%2Fv2%2Fmedia&parent=2825"}],"wp:term":[{"taxonomy":"product_brand","embeddable":true,"href":"https:\/\/retkilemi.fi\/index.php?rest_route=%2Fwp%2Fv2%2Fproduct_brand&post=2825"},{"taxonomy":"product_cat","embeddable":true,"href":"https:\/\/retkilemi.fi\/index.php?rest_route=%2Fwp%2Fv2%2Fproduct_cat&post=2825"},{"taxonomy":"product_tag","embeddable":true,"href":"https:\/\/retkilemi.fi\/index.php?rest_route=%2Fwp%2Fv2%2Fproduct_tag&post=2825"}],"curies":[{"name":"wp","href":"https:\/\/api.w.org\/{rel}","templated":true}]}}