{"id":2883,"date":"2021-09-28T07:49:40","date_gmt":"2021-09-28T04:49:40","guid":{"rendered":"https:\/\/retkilemi.fi\/?post_type=product&#038;p=2883"},"modified":"2022-09-07T09:43:11","modified_gmt":"2022-09-07T06:43:11","slug":"leupold-vx-freedom-15-4x20-pig-plex","status":"publish","type":"product","link":"https:\/\/retkilemi.fi\/?product=leupold-vx-freedom-15-4x20-pig-plex","title":{"rendered":"Leupold VX-Freedom 1,5-4&#215;20 Pig-Plex"},"content":{"rendered":"<p>Leupoldin uusi VX-Freedom sarja yhdist\u00e4\u00e4 edelliset VX-1 ja VX-2 -sarjat. VX-Freedom sarjan t\u00e4ht\u00e4inkiikareista l\u00f6yd\u00e4t tuttua ja lujaa Leupold -laatua. T\u00e4ht\u00e4inkiikareissa on laadukas Twilight Light Management System -linssij\u00e4rjestelm\u00e4, joka tarjoaa valovoimaa ja kontrastia kaikissa olosuhteissa. Uudet 1\/4 MOA -pikas\u00e4\u00e4d\u00f6t helpottavat huomattavasti kiikarin kohdistamista. Kuten muutkin Leupold -tuotteet my\u00f6s Freedom -sarjan tuotteet ovat t\u00e4ysin vesitiiviit\u00e4 ja huurtumattomia. Luonnollisesti Leupoldin legendaarinen 30 vuoden takuu on my\u00f6s voimassa Freedom -sarjan tuotteissa.<\/p>\n<p>Tekniset tiedot:<\/p>\n<p>Suurennussuhde: 1,5-4\u00d720<br \/>\nPaino: 272 g<br \/>\nPituus: 237 mm<br \/>\nEtulinssin halkaisija: 25,4 mm<br \/>\nN\u00e4k\u00f6kentt\u00e4 100 m: 25,0 \u2013 9,9 m<br \/>\nOpt. silm\u00e4n et\u00e4isyys: 106 \u2013 95 mm<br \/>\nRistikko: Pig Plex<br \/>\nTuotekoodi: 174177<br \/>\nMuuta: Yksinkertaistettu Pig-Plex t\u00e4ht\u00e4inristikko soveltuu nopeasti liikkuvaan kohteeseen<\/p>\n","protected":false},"excerpt":{"rendered":"<p>Leupoldin uusi VX-Freedom sarja yhdist\u00e4\u00e4 edelliset VX-1 ja VX-2 -sarjat. VX-Freedom sarjan t\u00e4ht\u00e4inkiikareista l\u00f6yd\u00e4t tuttua ja lujaa Leupold -laatua. T\u00e4ht\u00e4inkiikareissa on laadukas Twilight Light Management System -linssij\u00e4rjestelm\u00e4, joka tarjoaa valovoimaa ja kontrastia kaikissa olosuhteissa. Uudet 1\/4 MOA -pikas\u00e4\u00e4d\u00f6t helpottavat huomattavasti kiikarin kohdistamista. Kuten muutkin Leupold -tuotteet my\u00f6s Freedom -sarjan tuotteet ovat t\u00e4ysin vesitiiviit\u00e4 ja huurtumattomia. &hellip; <\/p>\n<p class=\"more-link-wrap\"><a href=\"https:\/\/retkilemi.fi\/?product=leupold-vx-freedom-15-4x20-pig-plex\" class=\"more-link\"><span>Read More<span class=\"screen-reader-text\"> &#8221;Leupold VX-Freedom 1,5-4&#215;20 Pig-Plex&#8221;<\/span><\/span><\/a><\/p>\n","protected":false},"featured_media":2884,"comment_status":"open","ping_status":"closed","template":"","meta":{"inline_featured_image":false},"product_brand":[],"product_cat":[129],"product_tag":[252,80,251,165,81],"class_list":{"0":"post-2883","1":"product","2":"type-product","3":"status-publish","4":"has-post-thumbnail","6":"product_cat-optiikka","7":"product_tag-kiikari","8":"product_tag-leupold","9":"product_tag-optiikka","10":"product_tag-tahtain","11":"product_tag-vx-freedom","13":"first","14":"onbackorder","15":"taxable","16":"shipping-taxable","17":"purchasable","18":"product-type-simple"},"_links":{"self":[{"href":"https:\/\/retkilemi.fi\/index.php?rest_route=\/wp\/v2\/product\/2883","targetHints":{"allow":["GET"]}}],"collection":[{"href":"https:\/\/retkilemi.fi\/index.php?rest_route=\/wp\/v2\/product"}],"about":[{"href":"https:\/\/retkilemi.fi\/index.php?rest_route=\/wp\/v2\/types\/product"}],"replies":[{"embeddable":true,"href":"https:\/\/retkilemi.fi\/index.php?rest_route=%2Fwp%2Fv2%2Fcomments&post=2883"}],"wp:featuredmedia":[{"embeddable":true,"href":"https:\/\/retkilemi.fi\/index.php?rest_route=\/wp\/v2\/media\/2884"}],"wp:attachment":[{"href":"https:\/\/retkilemi.fi\/index.php?rest_route=%2Fwp%2Fv2%2Fmedia&parent=2883"}],"wp:term":[{"taxonomy":"product_brand","embeddable":true,"href":"https:\/\/retkilemi.fi\/index.php?rest_route=%2Fwp%2Fv2%2Fproduct_brand&post=2883"},{"taxonomy":"product_cat","embeddable":true,"href":"https:\/\/retkilemi.fi\/index.php?rest_route=%2Fwp%2Fv2%2Fproduct_cat&post=2883"},{"taxonomy":"product_tag","embeddable":true,"href":"https:\/\/retkilemi.fi\/index.php?rest_route=%2Fwp%2Fv2%2Fproduct_tag&post=2883"}],"curies":[{"name":"wp","href":"https:\/\/api.w.org\/{rel}","templated":true}]}}