{"id":2890,"date":"2021-09-29T08:42:29","date_gmt":"2021-09-29T05:42:29","guid":{"rendered":"https:\/\/retkilemi.fi\/?post_type=product&#038;p=2890"},"modified":"2022-09-07T09:42:20","modified_gmt":"2022-09-07T06:42:20","slug":"meopta-meopro-optika-6-3-18x50-bdc-3","status":"publish","type":"product","link":"https:\/\/retkilemi.fi\/?product=meopta-meopro-optika-6-3-18x50-bdc-3","title":{"rendered":"Meopta MeoPro Optika 6   3-18&#215;50 BDC 3"},"content":{"rendered":"<p>MeoPro Optika 6-sarja tarjoaa suorituskyky\u00e4 ja luotettavuutta 6-kertaisen suurennoksen ohella.<\/p>\n<p>TEKNISET TIEDOT<\/p>\n<p>Varustettu 30 mm putkella<br \/>\nValaistu piste ristikon keskell\u00e4<br \/>\nRistikon tyyppi, BDC 3<br \/>\nTakalinssin ulkohalkaisija, 44 mm<br \/>\nEtulinssin ulkohalkaisija, 58 mm<br \/>\nPituus, 371 mm<br \/>\nPaino, 849 g<br \/>\nTakuu, 10 Vuotta<br \/>\nN\u00e4k\u00f6kentt\u00e4, m@100m\t11.2\/1.9<br \/>\nS\u00e4\u00e4t\u00f6napsun vaikutus, cm@100m\t0.7<br \/>\nSilm\u00e4n et\u00e4isyys, mm\t100<br \/>\nDioptrinen korjaus\t-2 \/ 2 D<br \/>\nValmistusmaa, Tsekki<\/p>\n","protected":false},"excerpt":{"rendered":"<p>MeoPro Optika 6-sarja tarjoaa suorituskyky\u00e4 ja luotettavuutta 6-kertaisen suurennoksen ohella. TEKNISET TIEDOT Varustettu 30 mm putkella Valaistu piste ristikon keskell\u00e4 Ristikon tyyppi, BDC 3 Takalinssin ulkohalkaisija, 44 mm Etulinssin ulkohalkaisija, 58 mm Pituus, 371 mm Paino, 849 g Takuu, 10 Vuotta N\u00e4k\u00f6kentt\u00e4, m@100m 11.2\/1.9 S\u00e4\u00e4t\u00f6napsun vaikutus, cm@100m 0.7 Silm\u00e4n et\u00e4isyys, mm 100 Dioptrinen korjaus -2 &hellip; <\/p>\n<p class=\"more-link-wrap\"><a href=\"https:\/\/retkilemi.fi\/?product=meopta-meopro-optika-6-3-18x50-bdc-3\" class=\"more-link\"><span>Read More<span class=\"screen-reader-text\"> &#8221;Meopta MeoPro Optika 6   3-18&#215;50 BDC 3&#8221;<\/span><\/span><\/a><\/p>\n","protected":false},"featured_media":2891,"comment_status":"open","ping_status":"closed","template":"","meta":{"inline_featured_image":false},"product_brand":[],"product_cat":[129],"product_tag":[252,212,213,251,253,165],"class_list":{"0":"post-2890","1":"product","2":"type-product","3":"status-publish","4":"has-post-thumbnail","6":"product_cat-optiikka","7":"product_tag-kiikari","8":"product_tag-meopta","9":"product_tag-meostar","10":"product_tag-optiikka","11":"product_tag-optika","12":"product_tag-tahtain","14":"first","15":"onbackorder","16":"taxable","17":"shipping-taxable","18":"purchasable","19":"product-type-simple"},"_links":{"self":[{"href":"https:\/\/retkilemi.fi\/index.php?rest_route=\/wp\/v2\/product\/2890","targetHints":{"allow":["GET"]}}],"collection":[{"href":"https:\/\/retkilemi.fi\/index.php?rest_route=\/wp\/v2\/product"}],"about":[{"href":"https:\/\/retkilemi.fi\/index.php?rest_route=\/wp\/v2\/types\/product"}],"replies":[{"embeddable":true,"href":"https:\/\/retkilemi.fi\/index.php?rest_route=%2Fwp%2Fv2%2Fcomments&post=2890"}],"wp:featuredmedia":[{"embeddable":true,"href":"https:\/\/retkilemi.fi\/index.php?rest_route=\/wp\/v2\/media\/2891"}],"wp:attachment":[{"href":"https:\/\/retkilemi.fi\/index.php?rest_route=%2Fwp%2Fv2%2Fmedia&parent=2890"}],"wp:term":[{"taxonomy":"product_brand","embeddable":true,"href":"https:\/\/retkilemi.fi\/index.php?rest_route=%2Fwp%2Fv2%2Fproduct_brand&post=2890"},{"taxonomy":"product_cat","embeddable":true,"href":"https:\/\/retkilemi.fi\/index.php?rest_route=%2Fwp%2Fv2%2Fproduct_cat&post=2890"},{"taxonomy":"product_tag","embeddable":true,"href":"https:\/\/retkilemi.fi\/index.php?rest_route=%2Fwp%2Fv2%2Fproduct_tag&post=2890"}],"curies":[{"name":"wp","href":"https:\/\/api.w.org\/{rel}","templated":true}]}}