{"id":2894,"date":"2021-09-29T08:56:39","date_gmt":"2021-09-29T05:56:39","guid":{"rendered":"https:\/\/retkilemi.fi\/?post_type=product&#038;p=2894"},"modified":"2021-09-29T09:01:24","modified_gmt":"2021-09-29T06:01:24","slug":"lafayette-smart-bt-lahetinnappi-ptt-lyhyt-6158","status":"publish","type":"product","link":"https:\/\/retkilemi.fi\/?product=lafayette-smart-bt-lahetinnappi-ptt-lyhyt-6158","title":{"rendered":"Lafayette Smart BT L\u00e4hetinnappi\/PTT, Lyhyt mikrofonilla 6158"},"content":{"rendered":"<p>L\u00e4hetinnappi Smart BT radiopuhelimen sek\u00e4 Headsetin v\u00e4lille.<\/p>\n<p>Johdon vapaa pituus n. 30 cm<\/p>\n<p>Sopivuus Lafayette smart BT<\/p>\n","protected":false},"excerpt":{"rendered":"<p>L\u00e4hetinnappi Smart BT radiopuhelimen sek\u00e4 Headsetin v\u00e4lille. Johdon vapaa pituus n. 30 cm Sopivuus Lafayette smart BT<\/p>\n","protected":false},"featured_media":2893,"comment_status":"open","ping_status":"closed","template":"","meta":{"inline_featured_image":false},"product_brand":[],"product_cat":[138],"product_tag":[254,259,258,246,256,255,257,248],"class_list":{"0":"post-2894","1":"product","2":"type-product","3":"status-publish","4":"has-post-thumbnail","6":"product_cat-vhf-puhelimet","7":"product_tag-bt","8":"product_tag-headset","9":"product_tag-kuuloke","10":"product_tag-lafayette","11":"product_tag-lahetin","12":"product_tag-nappi","13":"product_tag-radiopuhelin","14":"product_tag-smart","16":"first","17":"instock","18":"taxable","19":"shipping-taxable","20":"purchasable","21":"product-type-simple"},"_links":{"self":[{"href":"https:\/\/retkilemi.fi\/index.php?rest_route=\/wp\/v2\/product\/2894","targetHints":{"allow":["GET"]}}],"collection":[{"href":"https:\/\/retkilemi.fi\/index.php?rest_route=\/wp\/v2\/product"}],"about":[{"href":"https:\/\/retkilemi.fi\/index.php?rest_route=\/wp\/v2\/types\/product"}],"replies":[{"embeddable":true,"href":"https:\/\/retkilemi.fi\/index.php?rest_route=%2Fwp%2Fv2%2Fcomments&post=2894"}],"wp:featuredmedia":[{"embeddable":true,"href":"https:\/\/retkilemi.fi\/index.php?rest_route=\/wp\/v2\/media\/2893"}],"wp:attachment":[{"href":"https:\/\/retkilemi.fi\/index.php?rest_route=%2Fwp%2Fv2%2Fmedia&parent=2894"}],"wp:term":[{"taxonomy":"product_brand","embeddable":true,"href":"https:\/\/retkilemi.fi\/index.php?rest_route=%2Fwp%2Fv2%2Fproduct_brand&post=2894"},{"taxonomy":"product_cat","embeddable":true,"href":"https:\/\/retkilemi.fi\/index.php?rest_route=%2Fwp%2Fv2%2Fproduct_cat&post=2894"},{"taxonomy":"product_tag","embeddable":true,"href":"https:\/\/retkilemi.fi\/index.php?rest_route=%2Fwp%2Fv2%2Fproduct_tag&post=2894"}],"curies":[{"name":"wp","href":"https:\/\/api.w.org\/{rel}","templated":true}]}}