{"id":2899,"date":"2021-09-29T18:05:04","date_gmt":"2021-09-29T15:05:04","guid":{"rendered":"https:\/\/retkilemi.fi\/?post_type=product&#038;p=2899"},"modified":"2021-09-29T18:05:05","modified_gmt":"2021-09-29T15:05:05","slug":"lafayette-smart-miniheadset-korvanapilla","status":"publish","type":"product","link":"https:\/\/retkilemi.fi\/?product=lafayette-smart-miniheadset-korvanapilla","title":{"rendered":"Lafayette Smart Miniheadset Korvanapilla"},"content":{"rendered":"<p>Erillinen l\u00e4hetyspainike ja mikrofoni. Sis\u00e4inen nappikuuloke. H\u00e4iritsee v\u00e4hemm\u00e4n ymp\u00e4rist\u00f6\u00e4.<\/p>\n<p>Huom. Smart puhelimeen<\/p>\n","protected":false},"excerpt":{"rendered":"<p>6122<\/p>\n","protected":false},"featured_media":2896,"comment_status":"open","ping_status":"closed","template":"","meta":{"inline_featured_image":false},"product_brand":[],"product_cat":[138],"product_tag":[259,258,246,260,257,248,244],"class_list":{"0":"post-2899","1":"product","2":"type-product","3":"status-publish","4":"has-post-thumbnail","6":"product_cat-vhf-puhelimet","7":"product_tag-headset","8":"product_tag-kuuloke","9":"product_tag-lafayette","10":"product_tag-mikki","11":"product_tag-radiopuhelin","12":"product_tag-smart","13":"product_tag-vhf","15":"first","16":"instock","17":"taxable","18":"shipping-taxable","19":"purchasable","20":"product-type-simple"},"_links":{"self":[{"href":"https:\/\/retkilemi.fi\/index.php?rest_route=\/wp\/v2\/product\/2899","targetHints":{"allow":["GET"]}}],"collection":[{"href":"https:\/\/retkilemi.fi\/index.php?rest_route=\/wp\/v2\/product"}],"about":[{"href":"https:\/\/retkilemi.fi\/index.php?rest_route=\/wp\/v2\/types\/product"}],"replies":[{"embeddable":true,"href":"https:\/\/retkilemi.fi\/index.php?rest_route=%2Fwp%2Fv2%2Fcomments&post=2899"}],"wp:featuredmedia":[{"embeddable":true,"href":"https:\/\/retkilemi.fi\/index.php?rest_route=\/wp\/v2\/media\/2896"}],"wp:attachment":[{"href":"https:\/\/retkilemi.fi\/index.php?rest_route=%2Fwp%2Fv2%2Fmedia&parent=2899"}],"wp:term":[{"taxonomy":"product_brand","embeddable":true,"href":"https:\/\/retkilemi.fi\/index.php?rest_route=%2Fwp%2Fv2%2Fproduct_brand&post=2899"},{"taxonomy":"product_cat","embeddable":true,"href":"https:\/\/retkilemi.fi\/index.php?rest_route=%2Fwp%2Fv2%2Fproduct_cat&post=2899"},{"taxonomy":"product_tag","embeddable":true,"href":"https:\/\/retkilemi.fi\/index.php?rest_route=%2Fwp%2Fv2%2Fproduct_tag&post=2899"}],"curies":[{"name":"wp","href":"https:\/\/api.w.org\/{rel}","templated":true}]}}