{"id":2931,"date":"2021-10-21T07:49:49","date_gmt":"2021-10-21T04:49:49","guid":{"rendered":"https:\/\/retkilemi.fi\/?post_type=product&#038;p=2931"},"modified":"2025-12-15T19:48:49","modified_gmt":"2025-12-15T17:48:49","slug":"anar-hirvas-metsastys-puku-3","status":"publish","type":"product","link":"https:\/\/retkilemi.fi\/?product=anar-hirvas-metsastys-puku-3","title":{"rendered":"Anar hirvas mets\u00e4stys puku"},"content":{"rendered":"<p>Puku on Suomessa suunniteltu ja testattu.<br \/>\nEritt\u00e4in hiljaiseksi harjattu pintarakenne.<br \/>\nHyvin maastouttava Suomessa suunniteltu digicamo-kuosi.<br \/>\nMiellytt\u00e4v\u00e4n olon takaava vedenpit\u00e4v\u00e4 ja hengitt\u00e4v\u00e4 materiaali.<br \/>\nADS-kalvo, hengitt\u00e4vyys 5000g\/m2\/24h ja vedenpit\u00e4vyys 10 000mm. Teipatut saumat.<br \/>\nKulutukselle alttiit kyyn\u00e4rp\u00e4\u00e4n kohdat vahvistettu.<br \/>\nTakin yl\u00e4osan vuori kest\u00e4v\u00e4\u00e4 verkkoa, joka takaa mukavuuden ja huipputason hengitt\u00e4vyyden.<br \/>\nNelj\u00e4\u00e4n suuntaan s\u00e4\u00e4tyv\u00e4 irroitettava huppu istuu hyvin ja k\u00e4\u00e4ntyy p\u00e4\u00e4n mukana.<br \/>\nTuulilistalliset vetoketjut pit\u00e4v\u00e4t kuivana ja l\u00e4mpim\u00e4n\u00e4.<br \/>\nNapoleontasku esim. k\u00e4nnyk\u00e4lle.<br \/>\nVetoketjullinen povitasku lompakolla ja luville.<br \/>\nViisi ulkopuolista taskua; VHF-\/l\u00e4mmittelytaskut rinnassa, patruunataskut helmassa ja vetoketjullinen hihatasku pikkuesineille.<br \/>\nL\u00e4mpim\u00e4ll\u00e4 s\u00e4\u00e4ll\u00e4 ventilointiaukot mahdollistavat tehokkaan tuuletuksen.<br \/>\nHihansuissa tuulilukot ja tarranauhakiristykset.<br \/>\nVy\u00f6t\u00e4r\u00f6- ja helmas\u00e4\u00e4d\u00f6ill\u00e4 takin istuvuuden saa s\u00e4\u00e4detty\u00e4 mieleiseksi.<br \/>\n2-kerroslaminoitu brushed tricot.<br \/>\nPA vahvikkeet hartioissa.<br \/>\nTakin yl\u00e4osassa verkkovuori, sek\u00e4 alaosassa ja hihoissa taffeta.<br \/>\nMateriaali: 100 % polyesteri<br \/>\nPesuohje: Konepesu 40 asteessa. K\u00e4\u00e4nnett\u00e4v\u00e4 nurin ennen pesua.<br \/>\n2-vuoden materiaali- ja valmistusvirhe takuu.<\/p>\n<p><a href=\"https:\/\/retkilemi.fi\/wp-content\/uploads\/2021\/09\/Anar_kokotaulukko_A4.pdf\"><img fetchpriority=\"high\" decoding=\"async\" class=\"alignnone wp-image-2764 size-full\" src=\"https:\/\/retkilemi.fi\/wp-content\/uploads\/2021\/09\/Anar_kokotaulukko.jpg\" alt=\"\" width=\"500\" height=\"125\" srcset=\"https:\/\/retkilemi.fi\/wp-content\/uploads\/2021\/09\/Anar_kokotaulukko.jpg 500w, https:\/\/retkilemi.fi\/wp-content\/uploads\/2021\/09\/Anar_kokotaulukko-300x75.jpg 300w\" sizes=\"(max-width: 500px) 100vw, 500px\" \/><\/a><\/p>\n","protected":false},"excerpt":{"rendered":"<p>Anar Hirvas hirvijahtipuku miehille<\/p>\n","protected":false},"featured_media":1907,"comment_status":"open","ping_status":"closed","template":"","meta":{"inline_featured_image":false},"product_brand":[],"product_cat":[97,182,280],"product_tag":[87,88,265,181,75,234,230,233],"class_list":{"0":"post-2931","1":"product","2":"type-product","3":"status-publish","4":"has-post-thumbnail","6":"product_cat-metsastysvaatteet","7":"product_cat-miesten","8":"product_cat-tarjouksessa","9":"product_tag-anar","10":"product_tag-hirvas","11":"product_tag-hirvi","12":"product_tag-housut","13":"product_tag-metsastys","14":"product_tag-metsastyspuku","15":"product_tag-oranssi","16":"product_tag-takki","18":"first","19":"instock","20":"sale","21":"taxable","22":"shipping-taxable","23":"purchasable","24":"product-type-variable"},"_links":{"self":[{"href":"https:\/\/retkilemi.fi\/index.php?rest_route=\/wp\/v2\/product\/2931","targetHints":{"allow":["GET"]}}],"collection":[{"href":"https:\/\/retkilemi.fi\/index.php?rest_route=\/wp\/v2\/product"}],"about":[{"href":"https:\/\/retkilemi.fi\/index.php?rest_route=\/wp\/v2\/types\/product"}],"replies":[{"embeddable":true,"href":"https:\/\/retkilemi.fi\/index.php?rest_route=%2Fwp%2Fv2%2Fcomments&post=2931"}],"wp:featuredmedia":[{"embeddable":true,"href":"https:\/\/retkilemi.fi\/index.php?rest_route=\/wp\/v2\/media\/1907"}],"wp:attachment":[{"href":"https:\/\/retkilemi.fi\/index.php?rest_route=%2Fwp%2Fv2%2Fmedia&parent=2931"}],"wp:term":[{"taxonomy":"product_brand","embeddable":true,"href":"https:\/\/retkilemi.fi\/index.php?rest_route=%2Fwp%2Fv2%2Fproduct_brand&post=2931"},{"taxonomy":"product_cat","embeddable":true,"href":"https:\/\/retkilemi.fi\/index.php?rest_route=%2Fwp%2Fv2%2Fproduct_cat&post=2931"},{"taxonomy":"product_tag","embeddable":true,"href":"https:\/\/retkilemi.fi\/index.php?rest_route=%2Fwp%2Fv2%2Fproduct_tag&post=2931"}],"curies":[{"name":"wp","href":"https:\/\/api.w.org\/{rel}","templated":true}]}}