{"id":2984,"date":"2021-12-01T18:11:21","date_gmt":"2021-12-01T16:11:21","guid":{"rendered":"https:\/\/retkilemi.fi\/?post_type=product&#038;p=2984"},"modified":"2022-09-05T07:53:32","modified_gmt":"2022-09-05T04:53:32","slug":"anar-garra-merinovilla-sukka","status":"publish","type":"product","link":"https:\/\/retkilemi.fi\/?product=anar-garra-merinovilla-sukka","title":{"rendered":"Anar Garra merinovilla sukka"},"content":{"rendered":"<p>L\u00e4mmin sek\u00e4 mukavan tuntuinen merinovillasukka<\/p>\n<p>Hengitt\u00e4v\u00e4n materiaalin ansiosta jalka pysyy kuivana<\/p>\n<p>Pohjassa sek\u00e4 varpaissa vahvempi ja l\u00e4mpim\u00e4mpi neulos (80% villaa)<\/p>\n<p>Materiaali: Merinovilla 60%, puuvilla 20%, polyamidi 15%, elastaani 5%<\/p>\n","protected":false},"excerpt":{"rendered":"<p>L\u00e4mmin merinovillasukka<\/p>\n","protected":false},"featured_media":2988,"comment_status":"open","ping_status":"closed","template":"","meta":{"inline_featured_image":false},"product_brand":[],"product_cat":[170],"product_tag":[87,218,178,287,289],"class_list":{"0":"post-2984","1":"product","2":"type-product","3":"status-publish","4":"has-post-thumbnail","6":"product_cat-muut-asusteet","7":"product_tag-anar","8":"product_tag-garra","9":"product_tag-merinovilla","10":"product_tag-sukat","11":"product_tag-sukka","13":"first","14":"instock","15":"taxable","16":"shipping-taxable","17":"purchasable","18":"product-type-variable"},"_links":{"self":[{"href":"https:\/\/retkilemi.fi\/index.php?rest_route=\/wp\/v2\/product\/2984","targetHints":{"allow":["GET"]}}],"collection":[{"href":"https:\/\/retkilemi.fi\/index.php?rest_route=\/wp\/v2\/product"}],"about":[{"href":"https:\/\/retkilemi.fi\/index.php?rest_route=\/wp\/v2\/types\/product"}],"replies":[{"embeddable":true,"href":"https:\/\/retkilemi.fi\/index.php?rest_route=%2Fwp%2Fv2%2Fcomments&post=2984"}],"wp:featuredmedia":[{"embeddable":true,"href":"https:\/\/retkilemi.fi\/index.php?rest_route=\/wp\/v2\/media\/2988"}],"wp:attachment":[{"href":"https:\/\/retkilemi.fi\/index.php?rest_route=%2Fwp%2Fv2%2Fmedia&parent=2984"}],"wp:term":[{"taxonomy":"product_brand","embeddable":true,"href":"https:\/\/retkilemi.fi\/index.php?rest_route=%2Fwp%2Fv2%2Fproduct_brand&post=2984"},{"taxonomy":"product_cat","embeddable":true,"href":"https:\/\/retkilemi.fi\/index.php?rest_route=%2Fwp%2Fv2%2Fproduct_cat&post=2984"},{"taxonomy":"product_tag","embeddable":true,"href":"https:\/\/retkilemi.fi\/index.php?rest_route=%2Fwp%2Fv2%2Fproduct_tag&post=2984"}],"curies":[{"name":"wp","href":"https:\/\/api.w.org\/{rel}","templated":true}]}}