{"id":2990,"date":"2021-12-01T18:20:38","date_gmt":"2021-12-01T16:20:38","guid":{"rendered":"https:\/\/retkilemi.fi\/?post_type=product&#038;p=2990"},"modified":"2026-03-09T08:05:32","modified_gmt":"2026-03-09T06:05:32","slug":"anar-dalvi-merinovillasukat","status":"publish","type":"product","link":"https:\/\/retkilemi.fi\/?product=anar-dalvi-merinovillasukat","title":{"rendered":"Anar Dalvi merinovillasukat"},"content":{"rendered":"<p>Anar Dalvi merinovillasukat ovat l\u00e4mpim\u00e4t ja hyvin istuvat merinovillasukat mets\u00e4stykseen, kalastukseen tai muuhun ulkoiluun. Pitk\u00e4n varren ansiosta hyv\u00e4t my\u00f6s saappaissa k\u00e4ytett\u00e4v\u00e4ksi. Sukka istuu jalkaan mukavasti ja kaikki kulutuskohdat on vahvistettu kest\u00e4vyyden lis\u00e4\u00e4miseksi.<\/p>\n<p>Kulutuskohdat vahvistettu<br \/>\nMateriaali: 40% Merinovilla, 40% akryyli, 17% nylon, 3% elastaani<br \/>\nPesuohje: Villapesu<\/p>\n","protected":false},"excerpt":{"rendered":"<p>Anar Dalvi merinovillasukat ovat l\u00e4mpim\u00e4t ja hyvin istuvat merinovillasukat mets\u00e4stykseen, kalastukseen tai muuhun ulkoiluun. Pitk\u00e4n varren ansiosta hyv\u00e4t my\u00f6s saappaissa k\u00e4ytett\u00e4v\u00e4ksi. Sukka istuu jalkaan mukavasti ja kaikki kulutuskohdat on vahvistettu kest\u00e4vyyden lis\u00e4\u00e4miseksi. Kulutuskohdat vahvistettu Materiaali: 40% Merinovilla, 40% akryyli, 17% nylon, 3% elastaani Pesuohje: Villapesu<\/p>\n","protected":false},"featured_media":2991,"comment_status":"open","ping_status":"closed","template":"","meta":{"inline_featured_image":false},"product_brand":[],"product_cat":[170],"product_tag":[87,291,178,287,289,292,290],"class_list":{"0":"post-2990","1":"product","2":"type-product","3":"status-publish","4":"has-post-thumbnail","6":"product_cat-muut-asusteet","7":"product_tag-anar","8":"product_tag-dalvi","9":"product_tag-merinovilla","10":"product_tag-sukat","11":"product_tag-sukka","12":"product_tag-talvi","13":"product_tag-ulkoilu","15":"first","16":"instock","17":"taxable","18":"shipping-taxable","19":"purchasable","20":"product-type-variable"},"_links":{"self":[{"href":"https:\/\/retkilemi.fi\/index.php?rest_route=\/wp\/v2\/product\/2990","targetHints":{"allow":["GET"]}}],"collection":[{"href":"https:\/\/retkilemi.fi\/index.php?rest_route=\/wp\/v2\/product"}],"about":[{"href":"https:\/\/retkilemi.fi\/index.php?rest_route=\/wp\/v2\/types\/product"}],"replies":[{"embeddable":true,"href":"https:\/\/retkilemi.fi\/index.php?rest_route=%2Fwp%2Fv2%2Fcomments&post=2990"}],"wp:featuredmedia":[{"embeddable":true,"href":"https:\/\/retkilemi.fi\/index.php?rest_route=\/wp\/v2\/media\/2991"}],"wp:attachment":[{"href":"https:\/\/retkilemi.fi\/index.php?rest_route=%2Fwp%2Fv2%2Fmedia&parent=2990"}],"wp:term":[{"taxonomy":"product_brand","embeddable":true,"href":"https:\/\/retkilemi.fi\/index.php?rest_route=%2Fwp%2Fv2%2Fproduct_brand&post=2990"},{"taxonomy":"product_cat","embeddable":true,"href":"https:\/\/retkilemi.fi\/index.php?rest_route=%2Fwp%2Fv2%2Fproduct_cat&post=2990"},{"taxonomy":"product_tag","embeddable":true,"href":"https:\/\/retkilemi.fi\/index.php?rest_route=%2Fwp%2Fv2%2Fproduct_tag&post=2990"}],"curies":[{"name":"wp","href":"https:\/\/api.w.org\/{rel}","templated":true}]}}