{"id":3025,"date":"2021-12-27T08:31:15","date_gmt":"2021-12-27T06:31:15","guid":{"rendered":"https:\/\/retkilemi.fi\/?post_type=product&#038;p=3025"},"modified":"2024-01-29T20:20:00","modified_gmt":"2024-01-29T18:20:00","slug":"anar-dalvi-talvikengat","status":"publish","type":"product","link":"https:\/\/retkilemi.fi\/?product=anar-dalvi-talvikengat","title":{"rendered":"Anar Dalvi Talvikeng\u00e4t"},"content":{"rendered":"<p>P\u00e4\u00e4llinen mokkanahkaa<br \/>\nThinsulate eristys<br \/>\nVedenpit\u00e4v\u00e4 kalvo<br \/>\nHelposti kiristett\u00e4v\u00e4t nauhat<\/p>\n<h6><strong>VALITSE KAHTA NUMEROA ISOMPI KOKO KUIN NORMAALISTI!<\/strong><\/h6>\n<p>&nbsp;<\/p>\n<p>&nbsp;<\/p>\n<p>&nbsp;<\/p>\n","protected":false},"excerpt":{"rendered":"<p>Anar Dalvi -talvikeng\u00e4t monipuoliseen ulkoiluun vaativissakin olosuhteissa! Tukevat ja vedenpit\u00e4v\u00e4t Dalvi keng\u00e4t ovat eritt\u00e4in l\u00e4mpim\u00e4t Thinsulate eristyksen ansiosta. Keng\u00e4t on valmistettu laadukkaasta mokkanahasta ja ne on varustettu nopealla ja helpolla fitgo pikakiinnityksell\u00e4.<\/p>\n<p>Kokoa valitessasi valitse kahta numeroa isompi koko kuin normaalisti.<\/p>\n","protected":false},"featured_media":3037,"comment_status":"open","ping_status":"closed","template":"","meta":{"inline_featured_image":false},"product_brand":[],"product_cat":[86],"product_tag":[87,291,218,203,75,219],"class_list":{"0":"post-3025","1":"product","2":"type-product","3":"status-publish","4":"has-post-thumbnail","6":"product_cat-jalkineet","7":"product_tag-anar","8":"product_tag-dalvi","9":"product_tag-garra","10":"product_tag-kengat","11":"product_tag-metsastys","12":"product_tag-vedenpitava","14":"first","15":"instock","16":"sale","17":"taxable","18":"shipping-taxable","19":"purchasable","20":"product-type-variable"},"_links":{"self":[{"href":"https:\/\/retkilemi.fi\/index.php?rest_route=\/wp\/v2\/product\/3025","targetHints":{"allow":["GET"]}}],"collection":[{"href":"https:\/\/retkilemi.fi\/index.php?rest_route=\/wp\/v2\/product"}],"about":[{"href":"https:\/\/retkilemi.fi\/index.php?rest_route=\/wp\/v2\/types\/product"}],"replies":[{"embeddable":true,"href":"https:\/\/retkilemi.fi\/index.php?rest_route=%2Fwp%2Fv2%2Fcomments&post=3025"}],"wp:featuredmedia":[{"embeddable":true,"href":"https:\/\/retkilemi.fi\/index.php?rest_route=\/wp\/v2\/media\/3037"}],"wp:attachment":[{"href":"https:\/\/retkilemi.fi\/index.php?rest_route=%2Fwp%2Fv2%2Fmedia&parent=3025"}],"wp:term":[{"taxonomy":"product_brand","embeddable":true,"href":"https:\/\/retkilemi.fi\/index.php?rest_route=%2Fwp%2Fv2%2Fproduct_brand&post=3025"},{"taxonomy":"product_cat","embeddable":true,"href":"https:\/\/retkilemi.fi\/index.php?rest_route=%2Fwp%2Fv2%2Fproduct_cat&post=3025"},{"taxonomy":"product_tag","embeddable":true,"href":"https:\/\/retkilemi.fi\/index.php?rest_route=%2Fwp%2Fv2%2Fproduct_tag&post=3025"}],"curies":[{"name":"wp","href":"https:\/\/api.w.org\/{rel}","templated":true}]}}