{"id":3058,"date":"2022-05-01T17:22:18","date_gmt":"2022-05-01T14:22:18","guid":{"rendered":"https:\/\/retkilemi.fi\/?post_type=product&#038;p=3058"},"modified":"2025-07-04T06:27:58","modified_gmt":"2025-07-04T03:27:58","slug":"anar-bare-vaelluskengat","status":"publish","type":"product","link":"https:\/\/retkilemi.fi\/?product=anar-bare-vaelluskengat","title":{"rendered":"Anar Bare vaelluskeng\u00e4t"},"content":{"rendered":"<p>Paljasjalka \u2013tyyliset kevyet vaelluskeng\u00e4t<br \/>\nKest\u00e4v\u00e4 ja mukautuva nahkap\u00e4\u00e4llinen<br \/>\nJoustava ja pit\u00e4v\u00e4 Vibram pohja<br \/>\nVahvistettu k\u00e4rki<br \/>\nKevyet ja hengitt\u00e4v\u00e4t v\u00e4limateriaalit<br \/>\nUnisex muotoilu<br \/>\nSuomessa Suunniteltu ja testattu<\/p>\n<p>Huuhtele ja pyyhi puhtaaksi kostealla liinalla. Anna kuivua k\u00e4yt\u00f6n j\u00e4lkeen huoneenl\u00e4mm\u00f6ss\u00e4. K\u00e4sittele tarvittaessa hyv\u00e4laatuisella mehil\u00e4isvahapohjaisella kenk\u00e4rasvalla.<\/p>\n","protected":false},"excerpt":{"rendered":"<p>Anar Bare vaelluskenk\u00e4 on kevyt paljasjalkamainen vaelluskenk\u00e4. Keng\u00e4ss\u00e4 on pit\u00e4v\u00e4, mutta joustava Vibram pohja. Anar Bare keng\u00e4n p\u00e4\u00e4llinen on kest\u00e4v\u00e4\u00e4 ja mukautuvaa nahkaa joka muokkautuu k\u00e4ytt\u00e4j\u00e4ns\u00e4 jalkaan sopivaksi k\u00e4yt\u00f6ss\u00e4. Kevyet ja hengitt\u00e4v\u00e4t v\u00e4limateriaalit est\u00e4v\u00e4t jalkojen hiostumista ja vahvistettu k\u00e4rki est\u00e4\u00e4 kulumista. Unisex \u2013muotoilu sopii sek\u00e4 naisille, ett\u00e4 miehille.<\/p>\n","protected":false},"featured_media":3070,"comment_status":"open","ping_status":"closed","template":"","meta":{"inline_featured_image":false},"product_brand":[],"product_cat":[86],"product_tag":[87,302,291,218,203,75,303,219],"class_list":{"0":"post-3058","1":"product","2":"type-product","3":"status-publish","4":"has-post-thumbnail","6":"product_cat-jalkineet","7":"product_tag-anar","8":"product_tag-bare","9":"product_tag-dalvi","10":"product_tag-garra","11":"product_tag-kengat","12":"product_tag-metsastys","13":"product_tag-vaelluskenka","14":"product_tag-vedenpitava","16":"first","17":"instock","18":"taxable","19":"shipping-taxable","20":"purchasable","21":"product-type-variable"},"_links":{"self":[{"href":"https:\/\/retkilemi.fi\/index.php?rest_route=\/wp\/v2\/product\/3058","targetHints":{"allow":["GET"]}}],"collection":[{"href":"https:\/\/retkilemi.fi\/index.php?rest_route=\/wp\/v2\/product"}],"about":[{"href":"https:\/\/retkilemi.fi\/index.php?rest_route=\/wp\/v2\/types\/product"}],"replies":[{"embeddable":true,"href":"https:\/\/retkilemi.fi\/index.php?rest_route=%2Fwp%2Fv2%2Fcomments&post=3058"}],"wp:featuredmedia":[{"embeddable":true,"href":"https:\/\/retkilemi.fi\/index.php?rest_route=\/wp\/v2\/media\/3070"}],"wp:attachment":[{"href":"https:\/\/retkilemi.fi\/index.php?rest_route=%2Fwp%2Fv2%2Fmedia&parent=3058"}],"wp:term":[{"taxonomy":"product_brand","embeddable":true,"href":"https:\/\/retkilemi.fi\/index.php?rest_route=%2Fwp%2Fv2%2Fproduct_brand&post=3058"},{"taxonomy":"product_cat","embeddable":true,"href":"https:\/\/retkilemi.fi\/index.php?rest_route=%2Fwp%2Fv2%2Fproduct_cat&post=3058"},{"taxonomy":"product_tag","embeddable":true,"href":"https:\/\/retkilemi.fi\/index.php?rest_route=%2Fwp%2Fv2%2Fproduct_tag&post=3058"}],"curies":[{"name":"wp","href":"https:\/\/api.w.org\/{rel}","templated":true}]}}