{"id":3084,"date":"2022-01-07T11:02:27","date_gmt":"2022-01-07T09:02:27","guid":{"rendered":"https:\/\/retkilemi.fi\/?post_type=product&#038;p=3084"},"modified":"2026-01-01T17:00:36","modified_gmt":"2026-01-01T15:00:36","slug":"anar-dalvi-topparukkanen-oranssi","status":"publish","type":"product","link":"https:\/\/retkilemi.fi\/?product=anar-dalvi-topparukkanen-oranssi","title":{"rendered":"Anar Dalvi topparukkanen oranssi"},"content":{"rendered":"<ul>\n<li>Untuvat\u00e4ytteinen topparukkanen kylmiin olosuhteisiin<\/li>\n<li>Vett\u00e4hylkiv\u00e4t materiaalit ja hyv\u00e4 erist\u00e4vyys<\/li>\n<li>Tarranauhallinen kiristysnauha ranteessa<\/li>\n<li>Kiristett\u00e4v\u00e4 kuminauha suuaukolla<\/li>\n<li>Ranteeseen laitettava karkuremmi est\u00e4\u00e4 rukkasen putoamisen riisuttaessa<\/li>\n<li>Rukkaset voi liitt\u00e4\u00e4 yhteen klipsill\u00e4<\/li>\n<li>Nahkaiset yksityiskohdat<\/li>\n<li>Polyuretaanipinnoitettu k\u00e4mmen takaa pit\u00e4v\u00e4n otteen<\/li>\n<li>Materiaali: p\u00e4\u00e4llinen 94 % polyesteri \/ 6% elastaani, vuori 100% polyesteri, t\u00e4yte 90% untuva \/ 10% h\u00f6yhen, k\u00e4mmenosa keinonahka<\/li>\n<\/ul>\n<p>&nbsp;<\/p>\n<p>Rukkaset ovat reilua kokoa!<\/p>\n","protected":false},"excerpt":{"rendered":"<p>Untuvat\u00e4ytteiset Anar Dalvi topparukkaset pit\u00e4v\u00e4t k\u00e4det l\u00e4mpim\u00e4n\u00e4 talven kylmimpin\u00e4kin p\u00e4ivin\u00e4. N\u00e4iss\u00e4 l\u00e4mpimiss\u00e4 rukkasissa yhdistyv\u00e4t vett\u00e4hylkiv\u00e4t materiaalit, eritt\u00e4in l\u00e4mmin untuvat\u00e4yte sek\u00e4 polyuretaanipinnoitettu k\u00e4mmenosa joka takaa pit\u00e4v\u00e4n otteen. Suuaukon kiristett\u00e4v\u00e4 kuminauha sek\u00e4 tarranauhallinen kiristysnauha ranteessa takaavat maksimaalisen l\u00e4mm\u00f6n ja hyv\u00e4n istuvuuden. Karkuremmin ansiosta rukkaset eiv\u00e4t putoa riisuttaessa. Voit siis huoletta riisua hanskat talvisilla seikkailuilla, olitpa sitten mets\u00e4ss\u00e4 tai lasketteluhississ\u00e4.<\/p>\n","protected":false},"featured_media":3088,"comment_status":"open","ping_status":"closed","template":"","meta":{"inline_featured_image":false},"product_brand":[],"product_cat":[144],"product_tag":[87,291,301,304,305],"class_list":{"0":"post-3084","1":"product","2":"type-product","3":"status-publish","4":"has-post-thumbnail","6":"product_cat-kasineet","7":"product_tag-anar","8":"product_tag-dalvi","9":"product_tag-hanskat","10":"product_tag-rukkaset","11":"product_tag-talvihanskat","13":"first","14":"instock","15":"taxable","16":"shipping-taxable","17":"purchasable","18":"product-type-variable"},"_links":{"self":[{"href":"https:\/\/retkilemi.fi\/index.php?rest_route=\/wp\/v2\/product\/3084","targetHints":{"allow":["GET"]}}],"collection":[{"href":"https:\/\/retkilemi.fi\/index.php?rest_route=\/wp\/v2\/product"}],"about":[{"href":"https:\/\/retkilemi.fi\/index.php?rest_route=\/wp\/v2\/types\/product"}],"replies":[{"embeddable":true,"href":"https:\/\/retkilemi.fi\/index.php?rest_route=%2Fwp%2Fv2%2Fcomments&post=3084"}],"wp:featuredmedia":[{"embeddable":true,"href":"https:\/\/retkilemi.fi\/index.php?rest_route=\/wp\/v2\/media\/3088"}],"wp:attachment":[{"href":"https:\/\/retkilemi.fi\/index.php?rest_route=%2Fwp%2Fv2%2Fmedia&parent=3084"}],"wp:term":[{"taxonomy":"product_brand","embeddable":true,"href":"https:\/\/retkilemi.fi\/index.php?rest_route=%2Fwp%2Fv2%2Fproduct_brand&post=3084"},{"taxonomy":"product_cat","embeddable":true,"href":"https:\/\/retkilemi.fi\/index.php?rest_route=%2Fwp%2Fv2%2Fproduct_cat&post=3084"},{"taxonomy":"product_tag","embeddable":true,"href":"https:\/\/retkilemi.fi\/index.php?rest_route=%2Fwp%2Fv2%2Fproduct_tag&post=3084"}],"curies":[{"name":"wp","href":"https:\/\/api.w.org\/{rel}","templated":true}]}}