{"id":3094,"date":"2022-01-07T11:23:11","date_gmt":"2022-01-07T09:23:11","guid":{"rendered":"https:\/\/retkilemi.fi\/?post_type=product&#038;p=3094"},"modified":"2025-10-25T10:23:55","modified_gmt":"2025-10-25T07:23:55","slug":"jussa-light-merinovillapipo-brick-red","status":"publish","type":"product","link":"https:\/\/retkilemi.fi\/?product=jussa-light-merinovillapipo-brick-red","title":{"rendered":"Jussa Light merinovillapipo punainen"},"content":{"rendered":"<ul>\n<li>Materiaali: 100% eritt\u00e4in hieno mulesing-vapaa merinovilla.<\/li>\n<li>Valmistettu Suomessa<\/li>\n<li>Ei kutita eik\u00e4 purista<\/li>\n<li>Yksi koko sopii kaikille<\/li>\n<\/ul>\n","protected":false},"excerpt":{"rendered":"<p>Anar Jussa Light on kevyempi 100% mulesing-vapaasta merinovillasta valmistettu merinovillapipo. Merinovillainen pipo on l\u00e4mmin, mutta hengitt\u00e4v\u00e4. Eritt\u00e4in pehme\u00e4 materiaali on miellytt\u00e4v\u00e4 eik\u00e4 kutita tai purista.<\/p>\n","protected":false},"featured_media":3095,"comment_status":"open","ping_status":"closed","template":"","meta":{"inline_featured_image":false},"product_brand":[],"product_cat":[143],"product_tag":[306,307,172,308],"class_list":{"0":"post-3094","1":"product","2":"type-product","3":"status-publish","4":"has-post-thumbnail","6":"product_cat-paahineet","7":"product_tag-light","8":"product_tag-merino","9":"product_tag-pipo","10":"product_tag-villa","12":"first","13":"instock","14":"sale","15":"taxable","16":"shipping-taxable","17":"purchasable","18":"product-type-simple"},"_links":{"self":[{"href":"https:\/\/retkilemi.fi\/index.php?rest_route=\/wp\/v2\/product\/3094","targetHints":{"allow":["GET"]}}],"collection":[{"href":"https:\/\/retkilemi.fi\/index.php?rest_route=\/wp\/v2\/product"}],"about":[{"href":"https:\/\/retkilemi.fi\/index.php?rest_route=\/wp\/v2\/types\/product"}],"replies":[{"embeddable":true,"href":"https:\/\/retkilemi.fi\/index.php?rest_route=%2Fwp%2Fv2%2Fcomments&post=3094"}],"wp:featuredmedia":[{"embeddable":true,"href":"https:\/\/retkilemi.fi\/index.php?rest_route=\/wp\/v2\/media\/3095"}],"wp:attachment":[{"href":"https:\/\/retkilemi.fi\/index.php?rest_route=%2Fwp%2Fv2%2Fmedia&parent=3094"}],"wp:term":[{"taxonomy":"product_brand","embeddable":true,"href":"https:\/\/retkilemi.fi\/index.php?rest_route=%2Fwp%2Fv2%2Fproduct_brand&post=3094"},{"taxonomy":"product_cat","embeddable":true,"href":"https:\/\/retkilemi.fi\/index.php?rest_route=%2Fwp%2Fv2%2Fproduct_cat&post=3094"},{"taxonomy":"product_tag","embeddable":true,"href":"https:\/\/retkilemi.fi\/index.php?rest_route=%2Fwp%2Fv2%2Fproduct_tag&post=3094"}],"curies":[{"name":"wp","href":"https:\/\/api.w.org\/{rel}","templated":true}]}}