{"id":3104,"date":"2022-01-07T11:39:48","date_gmt":"2022-01-07T09:39:48","guid":{"rendered":"https:\/\/retkilemi.fi\/?post_type=product&#038;p=3104"},"modified":"2024-10-06T22:51:55","modified_gmt":"2024-10-06T19:51:55","slug":"jussa-light-merinovillapipo-china-blue","status":"publish","type":"product","link":"https:\/\/retkilemi.fi\/?product=jussa-light-merinovillapipo-china-blue","title":{"rendered":"Jussa Light merinovillapipo blue"},"content":{"rendered":"<ul>\n<li>Materiaali: 100% eritt\u00e4in hieno mulesing-vapaa merinovilla.<\/li>\n<li>Valmistettu Suomessa<\/li>\n<li>Ei kutita eik\u00e4 purista<\/li>\n<li>Yksi koko sopii kaikille<\/li>\n<\/ul>\n","protected":false},"excerpt":{"rendered":"<p>Anar Jussa Light on kevyempi 100% mulesing-vapaasta merinovillasta valmistettu merinovillapipo. Merinovillainen pipo on l\u00e4mmin, mutta hengitt\u00e4v\u00e4. Eritt\u00e4in pehme\u00e4 materiaali on miellytt\u00e4v\u00e4 eik\u00e4 kutita tai purista.<\/p>\n","protected":false},"featured_media":3105,"comment_status":"open","ping_status":"closed","template":"","meta":{"inline_featured_image":false},"product_brand":[],"product_cat":[143,280],"product_tag":[306,307,172,308],"class_list":{"0":"post-3104","1":"product","2":"type-product","3":"status-publish","4":"has-post-thumbnail","6":"product_cat-paahineet","7":"product_cat-tarjouksessa","8":"product_tag-light","9":"product_tag-merino","10":"product_tag-pipo","11":"product_tag-villa","13":"first","14":"outofstock","15":"sale","16":"taxable","17":"shipping-taxable","18":"purchasable","19":"product-type-simple"},"_links":{"self":[{"href":"https:\/\/retkilemi.fi\/index.php?rest_route=\/wp\/v2\/product\/3104","targetHints":{"allow":["GET"]}}],"collection":[{"href":"https:\/\/retkilemi.fi\/index.php?rest_route=\/wp\/v2\/product"}],"about":[{"href":"https:\/\/retkilemi.fi\/index.php?rest_route=\/wp\/v2\/types\/product"}],"replies":[{"embeddable":true,"href":"https:\/\/retkilemi.fi\/index.php?rest_route=%2Fwp%2Fv2%2Fcomments&post=3104"}],"wp:featuredmedia":[{"embeddable":true,"href":"https:\/\/retkilemi.fi\/index.php?rest_route=\/wp\/v2\/media\/3105"}],"wp:attachment":[{"href":"https:\/\/retkilemi.fi\/index.php?rest_route=%2Fwp%2Fv2%2Fmedia&parent=3104"}],"wp:term":[{"taxonomy":"product_brand","embeddable":true,"href":"https:\/\/retkilemi.fi\/index.php?rest_route=%2Fwp%2Fv2%2Fproduct_brand&post=3104"},{"taxonomy":"product_cat","embeddable":true,"href":"https:\/\/retkilemi.fi\/index.php?rest_route=%2Fwp%2Fv2%2Fproduct_cat&post=3104"},{"taxonomy":"product_tag","embeddable":true,"href":"https:\/\/retkilemi.fi\/index.php?rest_route=%2Fwp%2Fv2%2Fproduct_tag&post=3104"}],"curies":[{"name":"wp","href":"https:\/\/api.w.org\/{rel}","templated":true}]}}