{"id":3106,"date":"2022-01-07T17:49:24","date_gmt":"2022-01-07T15:49:24","guid":{"rendered":"https:\/\/retkilemi.fi\/?post_type=product&#038;p=3106"},"modified":"2022-01-07T17:49:24","modified_gmt":"2022-01-07T15:49:24","slug":"anar-galda-naisten-vaellushousut","status":"publish","type":"product","link":"https:\/\/retkilemi.fi\/?product=anar-galda-naisten-vaellushousut","title":{"rendered":"Anar Galda naisten vaellushousut"},"content":{"rendered":"<p>Vetoketjulliset sivutaskut ja reilun kokoiset reisitaskut mm. puhelimelle ja muille tarvikkeille. Materiaalit sopivat kovaan kulutukseen.<\/p>\n<ul>\n<li>Suomessa suunniteltu ja testattu<\/li>\n<li>P\u00e4\u00e4llimateriaali kest\u00e4\u00e4 kovaa kulutusta ja antaa vahan avulla muokattavissa olevan suojan tuulta ja kosteutta vastaan: vahattu materiaali on 65% polyesteri\u00e4 \/ 35% puuvillaa. Materiaali on testattu Martindale ISO 12947-2 (9kPa) \u2013standardin mukaan ja se kest\u00e4\u00e4 yli 50 000 kierrosta<\/li>\n<li>Nelisuuntainen joustava materiaali on 90% polyamidia \/ 10% elastaania: Materiaali on testattu Martindale EN ISO 12947 \u2013standardin mukaan ja se kest\u00e4\u00e4 yli 30 000 kierrosta<\/li>\n<li>Joustava materiaali on sijoitettu eteen housujen yl\u00e4osaan, haaraan ja lahkeiden takaosaan, vapaan liikkuvuuden takaamiseksi ja lis\u00e4\u00e4m\u00e4\u00e4n hengitt\u00e4vyytt\u00e4<\/li>\n<li>Yhteens\u00e4 nelj\u00e4 taskua: kaksi vetoketjullista sivutaskua ja kaksi reilun kokoista reisitaskua<\/li>\n<li>Vasemmanpuoleisessa reisitaskussa neppareilla suljettavan l\u00e4p\u00e4n alla vetoketju<\/li>\n<li>Oikeanpuoleisessa reisitaskussa sis\u00e4ll\u00e4 joustava verkkotasku puhelimelle ja neppareilla suljettava l\u00e4pp\u00e4<\/li>\n<li>Reilunkokoiset vetoketjulliset tuuletusaukot sivuissa<\/li>\n<li>Vy\u00f6nlenkit, ja etulenkeiss\u00e4 lis\u00e4ksi lenkki avaimille<\/li>\n<li>Lahkeensuissa neppareilla kiinnitett\u00e4v\u00e4 nauhallinen s\u00e4\u00e4t\u00f6mahdollisuus<\/li>\n<li>Viimeistelty istuvuus antaa mahtavan liikkuvuuden<\/li>\n<li>YKK vetoketjut<\/li>\n<li>T\u00e4t\u00e4 tuotetta saatavissa my\u00f6s v\u00e4ljemm\u00e4ll\u00e4D-mitoituksella<\/li>\n<\/ul>\n","protected":false},"excerpt":{"rendered":"<p>Monik\u00e4ytt\u00f6iset vaellushousut kulutusta kest\u00e4v\u00e4st\u00e4 vahamateriaalista. Housut sopivat yht\u00e4 hyvin niin liikkuvaan vaellukseen kuin muihin luontoaktiviteetteihin. Joustavat lis\u00e4kappaleet ja viimeistelty istuvuus antavat mahtavan liikkuvuuden. Reilunkokoiset vetoketjulliset tuuletusaukot sivuissa lis\u00e4\u00e4v\u00e4t hengitt\u00e4vyytt\u00e4 liikuttaessa.<\/p>\n","protected":false},"featured_media":3107,"comment_status":"open","ping_status":"closed","template":"","meta":{"inline_featured_image":false},"product_brand":[],"product_cat":[170],"product_tag":[87,189,181,205],"class_list":{"0":"post-3106","1":"product","2":"type-product","3":"status-publish","4":"has-post-thumbnail","6":"product_cat-muut-asusteet","7":"product_tag-anar","8":"product_tag-galda","9":"product_tag-housut","10":"product_tag-vaellus","12":"first","13":"instock","14":"taxable","15":"shipping-taxable","16":"purchasable","17":"product-type-variable"},"_links":{"self":[{"href":"https:\/\/retkilemi.fi\/index.php?rest_route=\/wp\/v2\/product\/3106","targetHints":{"allow":["GET"]}}],"collection":[{"href":"https:\/\/retkilemi.fi\/index.php?rest_route=\/wp\/v2\/product"}],"about":[{"href":"https:\/\/retkilemi.fi\/index.php?rest_route=\/wp\/v2\/types\/product"}],"replies":[{"embeddable":true,"href":"https:\/\/retkilemi.fi\/index.php?rest_route=%2Fwp%2Fv2%2Fcomments&post=3106"}],"wp:featuredmedia":[{"embeddable":true,"href":"https:\/\/retkilemi.fi\/index.php?rest_route=\/wp\/v2\/media\/3107"}],"wp:attachment":[{"href":"https:\/\/retkilemi.fi\/index.php?rest_route=%2Fwp%2Fv2%2Fmedia&parent=3106"}],"wp:term":[{"taxonomy":"product_brand","embeddable":true,"href":"https:\/\/retkilemi.fi\/index.php?rest_route=%2Fwp%2Fv2%2Fproduct_brand&post=3106"},{"taxonomy":"product_cat","embeddable":true,"href":"https:\/\/retkilemi.fi\/index.php?rest_route=%2Fwp%2Fv2%2Fproduct_cat&post=3106"},{"taxonomy":"product_tag","embeddable":true,"href":"https:\/\/retkilemi.fi\/index.php?rest_route=%2Fwp%2Fv2%2Fproduct_tag&post=3106"}],"curies":[{"name":"wp","href":"https:\/\/api.w.org\/{rel}","templated":true}]}}