{"id":3127,"date":"2022-01-19T09:00:41","date_gmt":"2022-01-19T07:00:41","guid":{"rendered":"https:\/\/retkilemi.fi\/?post_type=product&#038;p=3127"},"modified":"2022-12-04T13:01:30","modified_gmt":"2022-12-04T11:01:30","slug":"metallinen-juomasanko-littealla-takaseinalla-8l","status":"publish","type":"product","link":"https:\/\/retkilemi.fi\/?product=metallinen-juomasanko-littealla-takaseinalla-8l","title":{"rendered":"Metallinen juomasanko litte\u00e4ll\u00e4 takasein\u00e4ll\u00e4 8L"},"content":{"rendered":"<p>K\u00e4tev\u00e4 esimerkiksi tarhaan, aitaukseen tai h\u00e4kkiin. Helppo pit\u00e4\u00e4 puhtaana. Kest\u00e4v\u00e4\u00e4 rosteria, joka palvelee vuodesta toiseen. Suuren tilavuutensa ansiosta riitt\u00e4\u00e4 vesiastiaksi my\u00f6s useammalle koiralle. Litte\u00e4n takasein\u00e4n ansiosta nojautuu tiiviisti tarhaa vasten. Metalliset pidikkeet ja sanka.<\/p>\n<p>&nbsp;<\/p>\n<p>8 litraa | Halk. 25 cm, pohjan halk. 19 cm | Korkeus 24 cm<\/p>\n","protected":false},"excerpt":{"rendered":"<p>Rosterisanko<\/p>\n","protected":false},"featured_media":3128,"comment_status":"open","ping_status":"closed","template":"","meta":{"inline_featured_image":false},"product_brand":[],"product_cat":[311],"product_tag":[318,316,314,315,317],"class_list":{"0":"post-3127","1":"product","2":"type-product","3":"status-publish","4":"has-post-thumbnail","6":"product_cat-kupit-ja-astiat","7":"product_tag-koira","8":"product_tag-koiran","9":"product_tag-kuppi","10":"product_tag-sanko","11":"product_tag-vesikuppi","13":"first","14":"instock","15":"featured","16":"taxable","17":"shipping-taxable","18":"purchasable","19":"product-type-simple"},"_links":{"self":[{"href":"https:\/\/retkilemi.fi\/index.php?rest_route=\/wp\/v2\/product\/3127","targetHints":{"allow":["GET"]}}],"collection":[{"href":"https:\/\/retkilemi.fi\/index.php?rest_route=\/wp\/v2\/product"}],"about":[{"href":"https:\/\/retkilemi.fi\/index.php?rest_route=\/wp\/v2\/types\/product"}],"replies":[{"embeddable":true,"href":"https:\/\/retkilemi.fi\/index.php?rest_route=%2Fwp%2Fv2%2Fcomments&post=3127"}],"wp:featuredmedia":[{"embeddable":true,"href":"https:\/\/retkilemi.fi\/index.php?rest_route=\/wp\/v2\/media\/3128"}],"wp:attachment":[{"href":"https:\/\/retkilemi.fi\/index.php?rest_route=%2Fwp%2Fv2%2Fmedia&parent=3127"}],"wp:term":[{"taxonomy":"product_brand","embeddable":true,"href":"https:\/\/retkilemi.fi\/index.php?rest_route=%2Fwp%2Fv2%2Fproduct_brand&post=3127"},{"taxonomy":"product_cat","embeddable":true,"href":"https:\/\/retkilemi.fi\/index.php?rest_route=%2Fwp%2Fv2%2Fproduct_cat&post=3127"},{"taxonomy":"product_tag","embeddable":true,"href":"https:\/\/retkilemi.fi\/index.php?rest_route=%2Fwp%2Fv2%2Fproduct_tag&post=3127"}],"curies":[{"name":"wp","href":"https:\/\/api.w.org\/{rel}","templated":true}]}}