{"id":3142,"date":"2022-01-13T17:51:17","date_gmt":"2022-01-13T15:51:17","guid":{"rendered":"https:\/\/retkilemi.fi\/?post_type=product&#038;p=3142"},"modified":"2024-10-22T15:00:14","modified_gmt":"2024-10-22T12:00:14","slug":"probooster-puppy-mini-medium-chicken-15kg","status":"publish","type":"product","link":"https:\/\/retkilemi.fi\/?product=probooster-puppy-mini-medium-chicken-15kg","title":{"rendered":"ProBooster 15kg Puppy Mini &amp; Medium Chicken"},"content":{"rendered":"<p>Kasvukauden aikana oikea ravitsemus on eritt\u00e4in t\u00e4rke\u00e4\u00e4. ProBooster Puppy Mini &amp; Medium on kehitetty erityisesti tukemaan pienten ja keskikokoisten rotujen pentujen turvallista kasvua.<\/p>\n<p><b>VALMISTUSAINEET:<\/b>kana 53% (kuivattu kananliha 28%, kanajauho 27%), riisi, kananrasva (antioksidanttina orgaaninen seleeni ja tokoferoli, E-vitamiinin l\u00e4hde), panimohiiva, kuivatut omenat, hydrolysoitu kananmaksa 3%, lohi\u00f6ljy, hedelm\u00e4- ja yrttiuutteet (viiniryp\u00e4leet, rosmariini, kurkuma, sitrushedelm\u00e4t ja neilikka), hydrolysoidut \u00e4yri\u00e4isten kuoret (glukosami nin l\u00e4hde), hydrolysoitu sian henkitorvi ja nen\u00e4rusto (kondroitiinin l\u00e4hde), mannaanioligosakkaridit, fruktooligosakkaridit, Yucca schidigera -kasviuute.<\/p>\n<p><b>RAVINTOAINEET:<\/b>raakaproteiini 30%, raakarasva 18%, raakakuitu 2,3%, kosteus 10%, raakatuhka 6,7%, kalsium 1,5%, fosfori 1,1%, DHA 0,1 %, EPA 0,05%.<\/p>\n<p><b>RAVINTOLIS\u00c4AINEET:<\/b>A-vitamiini 25000 IE, D3-vitamiini 1900 IE, E-vitamiini 800 mg, sinkki 120 mg, kupari 20 mg, seleeni 0,20 mg, glukosamiinisulffaatti 260 mg, kondroitiinisulffaatti 160 mg, Omega 6: 3,88 g\/kg, Omega 3: 0,55 g\/kg.<\/p>\n<p>ProBooster-s\u00e4kit ovat kierr\u00e4tett\u00e4vi\u00e4 tunnuksella 7: muut muovit. Voit siis laittaa s\u00e4kin muovinker\u00e4ykseen!<\/p>\n<p>Katso annostusohje osoitteessa\u00a0<a href=\"http:\/\/www.probooster.eu\/prod1.php\">www.ProBooster.eu<\/a><\/p>\n<div align=\"center\"><span style=\"font-size: xx-large\"><b>30%<\/b><\/span><br \/>\nProteiinia<br \/>\n_______<\/p>\n<p>Rasvaa<br \/>\n<span style=\"font-size: xx-large\"><b>18%<\/b><\/span><\/p>\n<p><img decoding=\"async\" src=\"http:\/\/www.vipvescor.fi\/VIPstorekuvat\/ProBooster\/puppymjampallo.jpg\" border=\"0\" \/><\/div>\n","protected":false},"excerpt":{"rendered":"<p>T\u00c4YSRAVINTO PIENTEN JA KESKIKOKOISTEN ROTUJEN PENNUILLE JA NUORILLE KOIRILLE<\/p>\n<p>15kg S\u00e4kki<\/p>\n","protected":false},"featured_media":3143,"comment_status":"open","ping_status":"closed","template":"","meta":{"inline_featured_image":false},"product_brand":[],"product_cat":[309],"product_tag":[325,326,324,101,323],"class_list":{"0":"post-3142","1":"product","2":"type-product","3":"status-publish","4":"has-post-thumbnail","6":"product_cat-koiranruoka","7":"product_tag-booster","8":"product_tag-kuivaruoka","9":"product_tag-nappula","10":"product_tag-pro","11":"product_tag-ruoka","13":"first","14":"instock","15":"sale","16":"taxable","17":"shipping-taxable","18":"purchasable","19":"product-type-simple"},"_links":{"self":[{"href":"https:\/\/retkilemi.fi\/index.php?rest_route=\/wp\/v2\/product\/3142","targetHints":{"allow":["GET"]}}],"collection":[{"href":"https:\/\/retkilemi.fi\/index.php?rest_route=\/wp\/v2\/product"}],"about":[{"href":"https:\/\/retkilemi.fi\/index.php?rest_route=\/wp\/v2\/types\/product"}],"replies":[{"embeddable":true,"href":"https:\/\/retkilemi.fi\/index.php?rest_route=%2Fwp%2Fv2%2Fcomments&post=3142"}],"wp:featuredmedia":[{"embeddable":true,"href":"https:\/\/retkilemi.fi\/index.php?rest_route=\/wp\/v2\/media\/3143"}],"wp:attachment":[{"href":"https:\/\/retkilemi.fi\/index.php?rest_route=%2Fwp%2Fv2%2Fmedia&parent=3142"}],"wp:term":[{"taxonomy":"product_brand","embeddable":true,"href":"https:\/\/retkilemi.fi\/index.php?rest_route=%2Fwp%2Fv2%2Fproduct_brand&post=3142"},{"taxonomy":"product_cat","embeddable":true,"href":"https:\/\/retkilemi.fi\/index.php?rest_route=%2Fwp%2Fv2%2Fproduct_cat&post=3142"},{"taxonomy":"product_tag","embeddable":true,"href":"https:\/\/retkilemi.fi\/index.php?rest_route=%2Fwp%2Fv2%2Fproduct_tag&post=3142"}],"curies":[{"name":"wp","href":"https:\/\/api.w.org\/{rel}","templated":true}]}}