{"id":3147,"date":"2022-01-13T18:22:26","date_gmt":"2022-01-13T16:22:26","guid":{"rendered":"https:\/\/retkilemi.fi\/?post_type=product&#038;p=3147"},"modified":"2022-11-05T07:07:08","modified_gmt":"2022-11-05T05:07:08","slug":"booster-chew-delicacy-minikevytrulla-12-cm-10-kpl","status":"publish","type":"product","link":"https:\/\/retkilemi.fi\/?product=booster-chew-delicacy-minikevytrulla-12-cm-10-kpl","title":{"rendered":"Minikevytrulla, 12 cm, 10 kpl"},"content":{"rendered":"<p>Ohuempi valkoisesta naudanvuodasta valmistettu kevytrulla. Konstailemattomat kevytrullat valmistetaan yhten\u00e4isest\u00e4 vuodan palasta rullaamalla ilman solmuja.<\/p>\n<p><b>Pakkauskoko:<\/b>\u00a012 cm, 10 kpl, paino 200 g<br \/>\n<b>Koostumus:<\/b>\u00a0Naudannahka 100%.<br \/>\n<b>Ravintoaineet:<\/b>\u00a0Raakavalkuainen 80%, raakarasva 1,5%, hehkutusj\u00e4\u00e4nn\u00f6s 2%, raakakuitu 2%, kosteus 18%.<br \/>\n<b>Ruokintaohje:<\/b>\u00a0Tarjoa koiralle tasapainoisen ruokavalion lis\u00e4n\u00e4. Valvo koiraasi sen sy\u00f6dess\u00e4 puruluita. Pid\u00e4 aina raikasta vett\u00e4 koirasi saatavilla. S\u00e4ilyt\u00e4 kuivassa ja viile\u00e4ss\u00e4.<\/p>\n","protected":false},"excerpt":{"rendered":"<p>Booster Chew &amp; Delicacy Kevytrullan ohuempi versio, joka sopii paremmin my\u00f6s pienemp\u00e4\u00e4n suuhun.<\/p>\n","protected":false},"featured_media":3148,"comment_status":"open","ping_status":"closed","template":"","meta":{"inline_featured_image":false},"product_brand":[],"product_cat":[329,280],"product_tag":[325,331,330,332],"class_list":{"0":"post-3147","1":"product","2":"type-product","3":"status-publish","4":"has-post-thumbnail","6":"product_cat-luut-herkut","7":"product_cat-tarjouksessa","8":"product_tag-booster","9":"product_tag-luu","10":"product_tag-puruluu","11":"product_tag-pururulla","13":"first","14":"outofstock","15":"taxable","16":"shipping-taxable","17":"purchasable","18":"product-type-simple"},"_links":{"self":[{"href":"https:\/\/retkilemi.fi\/index.php?rest_route=\/wp\/v2\/product\/3147","targetHints":{"allow":["GET"]}}],"collection":[{"href":"https:\/\/retkilemi.fi\/index.php?rest_route=\/wp\/v2\/product"}],"about":[{"href":"https:\/\/retkilemi.fi\/index.php?rest_route=\/wp\/v2\/types\/product"}],"replies":[{"embeddable":true,"href":"https:\/\/retkilemi.fi\/index.php?rest_route=%2Fwp%2Fv2%2Fcomments&post=3147"}],"wp:featuredmedia":[{"embeddable":true,"href":"https:\/\/retkilemi.fi\/index.php?rest_route=\/wp\/v2\/media\/3148"}],"wp:attachment":[{"href":"https:\/\/retkilemi.fi\/index.php?rest_route=%2Fwp%2Fv2%2Fmedia&parent=3147"}],"wp:term":[{"taxonomy":"product_brand","embeddable":true,"href":"https:\/\/retkilemi.fi\/index.php?rest_route=%2Fwp%2Fv2%2Fproduct_brand&post=3147"},{"taxonomy":"product_cat","embeddable":true,"href":"https:\/\/retkilemi.fi\/index.php?rest_route=%2Fwp%2Fv2%2Fproduct_cat&post=3147"},{"taxonomy":"product_tag","embeddable":true,"href":"https:\/\/retkilemi.fi\/index.php?rest_route=%2Fwp%2Fv2%2Fproduct_tag&post=3147"}],"curies":[{"name":"wp","href":"https:\/\/api.w.org\/{rel}","templated":true}]}}