{"id":3161,"date":"2022-01-13T18:53:29","date_gmt":"2022-01-13T16:53:29","guid":{"rendered":"https:\/\/retkilemi.fi\/?post_type=product&#038;p=3161"},"modified":"2022-12-13T22:02:42","modified_gmt":"2022-12-13T20:02:42","slug":"booster-delicacy-viljatonlammasnami-200-g","status":"publish","type":"product","link":"https:\/\/retkilemi.fi\/?product=booster-delicacy-viljatonlammasnami-200-g","title":{"rendered":"Viljaton lammasnami, 200 g"},"content":{"rendered":"<p>Maukkaan lihaisat, lampaanlihaa sis\u00e4lt\u00e4v\u00e4t VILJATTOMAT namit kaikille koirille. Helposti sulavat, gluteenittomat namit sopivat my\u00f6s viljayliherkkyyksist\u00e4 k\u00e4rsiville koirille. Pehme\u00e4hk\u00f6 koostumus mahdollistaa namien jakamisen pienempiin osiin.<\/p>\n<p>Valmistusaineet: Liha ja el\u00e4inper\u00e4iset tuotteet (50 %, josta 15 % lammasta), vihannekset, sinimailanen, lupiini (4 %).<\/p>\n<p><b>Ravintosis\u00e4lt\u00f6:<\/b><br \/>\nValkuainen 28 %<br \/>\nRasva 6 %<br \/>\nHehkutusj\u00e4\u00e4nn\u00f6s 6 %<br \/>\nRaakakuitu 5 %<br \/>\nKosteus 25 %<br \/>\nV\u00e4ri- ja s\u00e4il\u00f6nt\u00e4aineet (E-lis\u00e4aineet)<\/p>\n<p><b>Pakkauskoko:<\/b>\u00a0200 g<\/p>\n","protected":false},"excerpt":{"rendered":"<p>Maukkaan lihaisat, lampaanlihaa sis\u00e4lt\u00e4v\u00e4t VILJATTOMAT namit kaikille koirille. Helposti sulavat, gluteenittomat namit sopivat my\u00f6s viljayliherkkyyksist\u00e4 k\u00e4rsiville koirille. Pehme\u00e4hk\u00f6 koostumus mahdollistaa namien jakamisen pienempiin osiin. Valmistusaineet: Liha ja el\u00e4inper\u00e4iset tuotteet (50 %, josta 15 % lammasta), vihannekset, sinimailanen, lupiini (4 %). Ravintosis\u00e4lt\u00f6: Valkuainen 28 % Rasva 6 % Hehkutusj\u00e4\u00e4nn\u00f6s 6 % Raakakuitu 5 % Kosteus 25 &hellip; <\/p>\n<p class=\"more-link-wrap\"><a href=\"https:\/\/retkilemi.fi\/?product=booster-delicacy-viljatonlammasnami-200-g\" class=\"more-link\"><span>Read More<span class=\"screen-reader-text\"> &#8221;Viljaton lammasnami, 200 g&#8221;<\/span><\/span><\/a><\/p>\n","protected":false},"featured_media":3162,"comment_status":"open","ping_status":"closed","template":"","meta":{"inline_featured_image":false},"product_brand":[],"product_cat":[329],"product_tag":[339,338],"class_list":{"0":"post-3161","1":"product","2":"type-product","3":"status-publish","4":"has-post-thumbnail","6":"product_cat-luut-herkut","7":"product_tag-koiralle","8":"product_tag-koiranherkku","10":"first","11":"instock","12":"taxable","13":"shipping-taxable","14":"purchasable","15":"product-type-simple"},"_links":{"self":[{"href":"https:\/\/retkilemi.fi\/index.php?rest_route=\/wp\/v2\/product\/3161","targetHints":{"allow":["GET"]}}],"collection":[{"href":"https:\/\/retkilemi.fi\/index.php?rest_route=\/wp\/v2\/product"}],"about":[{"href":"https:\/\/retkilemi.fi\/index.php?rest_route=\/wp\/v2\/types\/product"}],"replies":[{"embeddable":true,"href":"https:\/\/retkilemi.fi\/index.php?rest_route=%2Fwp%2Fv2%2Fcomments&post=3161"}],"wp:featuredmedia":[{"embeddable":true,"href":"https:\/\/retkilemi.fi\/index.php?rest_route=\/wp\/v2\/media\/3162"}],"wp:attachment":[{"href":"https:\/\/retkilemi.fi\/index.php?rest_route=%2Fwp%2Fv2%2Fmedia&parent=3161"}],"wp:term":[{"taxonomy":"product_brand","embeddable":true,"href":"https:\/\/retkilemi.fi\/index.php?rest_route=%2Fwp%2Fv2%2Fproduct_brand&post=3161"},{"taxonomy":"product_cat","embeddable":true,"href":"https:\/\/retkilemi.fi\/index.php?rest_route=%2Fwp%2Fv2%2Fproduct_cat&post=3161"},{"taxonomy":"product_tag","embeddable":true,"href":"https:\/\/retkilemi.fi\/index.php?rest_route=%2Fwp%2Fv2%2Fproduct_tag&post=3161"}],"curies":[{"name":"wp","href":"https:\/\/api.w.org\/{rel}","templated":true}]}}