{"id":3201,"date":"2022-01-23T11:54:19","date_gmt":"2022-01-23T09:54:19","guid":{"rendered":"https:\/\/retkilemi.fi\/?post_type=product&#038;p=3201"},"modified":"2023-05-07T22:24:37","modified_gmt":"2023-05-07T19:24:37","slug":"jampti-pro-medi-6m-x-6m","status":"publish","type":"product","link":"https:\/\/retkilemi.fi\/?product=jampti-pro-medi-6m-x-6m","title":{"rendered":"J\u00e4mpti Pro MEDI  6m x 6m (185 cm)"},"content":{"rendered":"<p>Valmiit tarhapaketit J\u00e4mpti Pro MEDI Sinkityist\u00e4 + maalatuista verkkoelementeist\u00e4. Pakettiin sis\u00e4ltyy yksi ovielementti ja 11 kappaletta peruselementtej\u00e4 sek\u00e4 kaksi kiinnikett\u00e4 \/ elementti.<\/p>\n<p><b>Kest\u00e4v\u00e4 tarha, joka on nopea pystytt\u00e4\u00e4<\/b><br \/>\nMaalattu tarha pysyy tyylikk\u00e4\u00e4n\u00e4 pitk\u00e4\u00e4n kest\u00e4v\u00e4n pinnoituksen ansiosta. Metalliosat on ruostesuojattu sinkitsem\u00e4ll\u00e4, jonka j\u00e4lkeen ne on jauhepolttomaalattu. Kotimainen Teknoksen polyesterijauhemaali kest\u00e4\u00e4 erinomaisesti erilaisia s\u00e4\u00e4olosuhteita v\u00e4rin kirkkauden s\u00e4ilytt\u00e4en. Lopputuloksena on pitk\u00e4ik\u00e4inen, pohjoismaisissa s\u00e4\u00e4olosuhteissa kest\u00e4v\u00e4 koiratarha.<\/p>\n<p>Tarha on riitt\u00e4v\u00e4n j\u00e4mer\u00e4 kovaankin k\u00e4ytt\u00f6\u00f6n. Verkon jokainen lanka on hitsattu kiinni kehikkoon ja toisiin lankoihin.<\/p>\n<p>J\u00e4mpti Pro -tarha on helppo koota, pystytt\u00e4miseen tarvitaan vain lenkkiavainta.<\/p>\n<p><b>Juuri oikeanlainen tarha<\/b><br \/>\nValmista tarhapakettia voi laajentaa lis\u00e4elementeill\u00e4. Tarhan voi porrastaa my\u00f6s ep\u00e4tasaiseen maastoon. Kiinnikkeiden kiinnityskohdat voi valita vapaasti. Lis\u00e4ksi koiratarhasta voi tehd\u00e4 mink\u00e4 muotoisen tahansa elementin kehikon py\u00f6r\u00f6putken ansiosta. Jokaisen elementin kanssa toimitetaan kaksi kiinnikett\u00e4.<\/p>\n<p>Ovielementin ovi aukeaa kumpaankin suuntaan. Ovessa on kaksi helppok\u00e4ytt\u00f6ist\u00e4 lukkoa, jotka voidaan avata ja sulkea molemmin puolin tarhaa.<\/p>\n<p><b>Kuusi perusv\u00e4rivaihtoehtoa<\/b><br \/>\nVihre\u00e4, valkoinen, ruskea, vaaleanharmaa, tummanharmaa, musta. Tiedustele erikoisv\u00e4rej\u00e4 200 v\u00e4rin RAL-v\u00e4rikartasta.<\/p>\n<p><b>Paljon lis\u00e4varusteita<\/b><br \/>\nJ\u00e4mpti Pro -tarhoihin on saatavilla erilaisia lis\u00e4varusteita.<\/p>\n<p><b>Katso havainnollistavat videot tarhan pystytyksest\u00e4<\/b><\/p>\n<p>&nbsp;<\/p>\n<p><b>Tekniset tiedot:<\/b><br \/>\n&#8211; Peruselementti: Leveys 200 x korkeus 185 cm<br \/>\n&#8211; Ovielementti: Leveys 200 x korkeus 185 cm<br \/>\n&#8211; Oven alla oleva kynnys: 25 cm<br \/>\n&#8211; Kehysputken halkaisija: 32 mm<br \/>\n&#8211; Verkon materiaalivahvuus: 4 mm, mik\u00e4 pit\u00e4\u00e4 verkon j\u00e4m\u00e4kk\u00e4n\u00e4.<br \/>\n&#8211; Verkon silm\u00e4koko: 50 x 100 mm<br \/>\n<em>Huom! Yksi kiinnike tuo elementtien v\u00e4liin 3 cm lis\u00e4\u00e4 leveytt\u00e4.<\/em><\/p>\n<p><b>Takuu<\/b><br \/>\nJ\u00e4mpti-tarhaustuotteilla (J\u00e4mpti-tarhaelementit sek\u00e4 J\u00e4mpti L\u00e4mp\u00f6eristetty koirankoppi) on 10 vuoden takuu materiaali- ja valmistusvirheille. Takuun piiriin ei kuulu kuljetusvauriot (aiheuttaja korvaa), koiran tuotteelle aiheuttamat vauriot, k\u00e4ytt\u00e4j\u00e4n huolimattomuudesta aiheutuneet viat tai kuluvat osat normaalin kulumisen osalta. J\u00e4mpti-tarhaustuotteiden takuukortti aukeaa\u00a0<a href=\"https:\/\/www.vipstore.fi\/ckeditor\/plugins\/fileman\/Uploads\/Images\/jampti_takuukortti.pdf\" target=\"_blank\" rel=\"noopener\">T\u00c4ST\u00c4<\/a>.<\/p>\n<p><b>Toimitus<\/b><br \/>\nTarhapakettien toimitusaika on n. 2-5 arkip\u00e4iv\u00e4\u00e4.<\/p>\n","protected":false},"excerpt":{"rendered":"<p>Toimitus 2-5 arkip\u00e4iv\u00e4\u00e4<\/p>\n<p>Toimitetaan kotiovelle!<\/p>\n","protected":false},"featured_media":3181,"comment_status":"open","ping_status":"closed","template":"","meta":{"inline_featured_image":false},"product_brand":[],"product_cat":[354],"product_tag":[350,346,348,349,345,347],"class_list":{"0":"post-3201","1":"product","2":"type-product","3":"status-publish","4":"has-post-thumbnail","6":"product_cat-koiratarhapaketit","7":"product_tag-hakki","8":"product_tag-jampti","9":"product_tag-koiratarha","10":"product_tag-koppi","11":"product_tag-tarha","12":"product_tag-verkko","14":"first","15":"instock","16":"taxable","17":"shipping-taxable","18":"purchasable","19":"product-type-variable"},"_links":{"self":[{"href":"https:\/\/retkilemi.fi\/index.php?rest_route=\/wp\/v2\/product\/3201","targetHints":{"allow":["GET"]}}],"collection":[{"href":"https:\/\/retkilemi.fi\/index.php?rest_route=\/wp\/v2\/product"}],"about":[{"href":"https:\/\/retkilemi.fi\/index.php?rest_route=\/wp\/v2\/types\/product"}],"replies":[{"embeddable":true,"href":"https:\/\/retkilemi.fi\/index.php?rest_route=%2Fwp%2Fv2%2Fcomments&post=3201"}],"wp:featuredmedia":[{"embeddable":true,"href":"https:\/\/retkilemi.fi\/index.php?rest_route=\/wp\/v2\/media\/3181"}],"wp:attachment":[{"href":"https:\/\/retkilemi.fi\/index.php?rest_route=%2Fwp%2Fv2%2Fmedia&parent=3201"}],"wp:term":[{"taxonomy":"product_brand","embeddable":true,"href":"https:\/\/retkilemi.fi\/index.php?rest_route=%2Fwp%2Fv2%2Fproduct_brand&post=3201"},{"taxonomy":"product_cat","embeddable":true,"href":"https:\/\/retkilemi.fi\/index.php?rest_route=%2Fwp%2Fv2%2Fproduct_cat&post=3201"},{"taxonomy":"product_tag","embeddable":true,"href":"https:\/\/retkilemi.fi\/index.php?rest_route=%2Fwp%2Fv2%2Fproduct_tag&post=3201"}],"curies":[{"name":"wp","href":"https:\/\/api.w.org\/{rel}","templated":true}]}}