{"id":3208,"date":"2022-01-24T07:57:57","date_gmt":"2022-01-24T05:57:57","guid":{"rendered":"https:\/\/retkilemi.fi\/?post_type=product&#038;p=3208"},"modified":"2024-02-06T18:26:33","modified_gmt":"2024-02-06T16:26:33","slug":"jampti-lampoeristetty-koirankoppi","status":"publish","type":"product","link":"https:\/\/retkilemi.fi\/?product=jampti-lampoeristetty-koirankoppi","title":{"rendered":"J\u00e4mpti harmaa l\u00e4mp\u00f6eristetty koirankoppi"},"content":{"rendered":"<p>Suomessa valmistettu, innovatiivinen J\u00e4mpti Koirankoppi soveltuu ominaisuuksiltaan erinomaisesti koiran ymp\u00e4rivuotiseen tarhaukseen. Ainutlaatuinen, rotaatiovalutekniikalla valmistettu l\u00e4mp\u00f6eristetty J\u00e4mpti Koirankoppi on eritt\u00e4in kest\u00e4v\u00e4 ja huoltovapaa &#8211; ei lahoa ja on helppo puhdistaa!<\/p>\n<p>&nbsp;<\/p>\n<p>Kotimainen J\u00e4mpti Koirankoppi on suunniteltu my\u00f6s huomioiden koirasi tarvetta vahtia ja seurata pihan tapahtumia: Koirankopin ikkunasta on pihavahdin mukava p\u00e4ivyst\u00e4\u00e4 ymp\u00e4rist\u00f6n tapahtumia. Loiva katto on voimakkaasti karhennettu, jotta sinne olisi helppo kiivet\u00e4 loikoilemaan ja katselemaan ymp\u00e4rist\u00f6\u00e4.<\/p>\n<p>&nbsp;<\/p>\n<p>J\u00e4mpti Koirankoppi on kaksiosainen; tuulikaappiosan ja varsinaisen koppiosan v\u00e4lisein\u00e4ss\u00e4 on l\u00e4pin\u00e4kyv\u00e4, valmiiksi asennettu v\u00e4liovi heiluriperiaatteella, josta koiran on helppo kulkea sis\u00e4\u00e4n ja ulos aina halutessaan. V\u00e4liovi sis\u00e4ltyy toimitukseen. Makuutilan puhdistaminen k\u00e4y helposti vaikka painepesurilla, koska koppiosa aukeaa k\u00e4tev\u00e4sti saranoiden varassa. Koppiosaa avatessa huomioitavaa: Koppi ja koppiosa on oltava tasaisella maalla avatessa. Lis\u00e4ksi koppiosasta on pidett\u00e4v\u00e4 kiinni, kun se on nostettu auki.<\/p>\n<p>&nbsp;<\/p>\n<p>J\u00e4mpti Koirankoppi toimitetaan k\u00e4ytt\u00f6valmiina kuljetuspakkauksessaan. Lis\u00e4varusteina J\u00e4mpti-koirankoppiin on saatavissa ulko-ovi, l\u00e4mp\u00f6mittari sek\u00e4 Adax-koirankopin l\u00e4mmitin &#8211; kaikki valmiiksi asennettuna. My\u00f6s Foxy Fur -makuualustat ja RutiRex -koirankopin kuivike soveltuvat kopissa k\u00e4ytett\u00e4v\u00e4ksi. Kopin pohjassa on valmis l\u00e4pivienti patterin s\u00e4hk\u00f6kaapelille, est\u00e4en koiraa p\u00e4\u00e4sem\u00e4st\u00e4 kaapeliin k\u00e4siksi.<\/p>\n<p>Kopin kokonaispaino 60 kg. Leveys 102 cm, pituus 156 cm, korkeus 94 cm<br \/>\nV\u00e4lioven leveys 32 cm, korkeus 46 cm, v\u00e4lioven kynnys 15 cm.<br \/>\nSis\u00e4tilojen mitat (noin) leveys * pituus * korkeus<br \/>\n-Tuulikaappi: 47cm * 78cm * 77cm<br \/>\n&#8211; Koppiosa: 82cm * 78cm * 77cm<br \/>\n&#8211; Oviaukon mitat: leveys alhaalta: 31 cm, ylh\u00e4\u00e4lt\u00e4 27 cm, korkeus 43 cm<\/p>\n<p>Materiaali UV-suojattu polyeteeni.<br \/>\nTuplasein\u00e4m\u00e4t n. 50mm styreenieristys.<br \/>\nTakasein\u00e4ss\u00e4 ilmanvaihtoventtiili<\/p>\n<p>Tilauskoodi: 50055<\/p>\n<p>J\u00e4mpti-tarhaustuotteilla (J\u00e4mpti-, J\u00e4mpti Pro &#8211; ja J\u00e4mpti Eco -tarhaelementit sek\u00e4 J\u00e4mpti-koirankoppi) on 10 vuoden takuu materiaali- ja valmistusvirheille. Takuun piiriin ei kuulu kuljetusvauriot (aiheuttaja korvaa), koiran tuotteelle aiheuttamat vauriot, k\u00e4ytt\u00e4j\u00e4n huolimattomuudesta aiheutuneet viat tai kuluvat osat normaalin kulumisen osalta. J\u00e4mpti-tarhaustuotteiden takuukortti aukeaa\u00a0<a href=\"https:\/\/www.vipstore.fi\/ckeditor\/plugins\/fileman\/Uploads\/Images\/jampti_takuukortti.pdf\" target=\"_blank\" rel=\"noopener\">T\u00c4ST\u00c4<\/a>.<\/p>\n<p>&nbsp;<\/p>\n<p>&nbsp;<\/p>\n<p>&nbsp;<\/p>\n","protected":false},"excerpt":{"rendered":"<p>Toimitus 2-5 arkip\u00e4iv\u00e4\u00e4<\/p>\n<p>Tuote toimitetaan kotiovellesi!<\/p>\n","protected":false},"featured_media":4044,"comment_status":"open","ping_status":"closed","template":"","meta":{"inline_featured_image":false},"product_brand":[],"product_cat":[352],"product_tag":[351,346,349],"class_list":{"0":"post-3208","1":"product","2":"type-product","3":"status-publish","4":"has-post-thumbnail","6":"product_cat-kopit","7":"product_tag-eristetty","8":"product_tag-jampti","9":"product_tag-koppi","11":"first","12":"instock","13":"taxable","14":"shipping-taxable","15":"purchasable","16":"product-type-simple"},"_links":{"self":[{"href":"https:\/\/retkilemi.fi\/index.php?rest_route=\/wp\/v2\/product\/3208","targetHints":{"allow":["GET"]}}],"collection":[{"href":"https:\/\/retkilemi.fi\/index.php?rest_route=\/wp\/v2\/product"}],"about":[{"href":"https:\/\/retkilemi.fi\/index.php?rest_route=\/wp\/v2\/types\/product"}],"replies":[{"embeddable":true,"href":"https:\/\/retkilemi.fi\/index.php?rest_route=%2Fwp%2Fv2%2Fcomments&post=3208"}],"wp:featuredmedia":[{"embeddable":true,"href":"https:\/\/retkilemi.fi\/index.php?rest_route=\/wp\/v2\/media\/4044"}],"wp:attachment":[{"href":"https:\/\/retkilemi.fi\/index.php?rest_route=%2Fwp%2Fv2%2Fmedia&parent=3208"}],"wp:term":[{"taxonomy":"product_brand","embeddable":true,"href":"https:\/\/retkilemi.fi\/index.php?rest_route=%2Fwp%2Fv2%2Fproduct_brand&post=3208"},{"taxonomy":"product_cat","embeddable":true,"href":"https:\/\/retkilemi.fi\/index.php?rest_route=%2Fwp%2Fv2%2Fproduct_cat&post=3208"},{"taxonomy":"product_tag","embeddable":true,"href":"https:\/\/retkilemi.fi\/index.php?rest_route=%2Fwp%2Fv2%2Fproduct_tag&post=3208"}],"curies":[{"name":"wp","href":"https:\/\/api.w.org\/{rel}","templated":true}]}}