{"id":3233,"date":"2022-01-24T08:28:57","date_gmt":"2022-01-24T06:28:57","guid":{"rendered":"https:\/\/retkilemi.fi\/?post_type=product&#038;p=3233"},"modified":"2023-05-07T22:23:29","modified_gmt":"2023-05-07T19:23:29","slug":"jampti-pro-medi-kuumasinkitty-175-cm","status":"publish","type":"product","link":"https:\/\/retkilemi.fi\/?product=jampti-pro-medi-kuumasinkitty-175-cm","title":{"rendered":"J\u00e4mpti Pro MEDI  Kuumasinkitty (175 cm)"},"content":{"rendered":"<p>Valmiit koiratarhapaketit J\u00e4mpti Pro MEDI Kuumasinkityist\u00e4 verkkoelementeist\u00e4. Pakettiin sis\u00e4ltyy yksi ovielementti ja valittu m\u00e4\u00e4r\u00e4 peruselementtej\u00e4 (7, 9 tai 11) sek\u00e4 kaksi kiinnikett\u00e4 \/ elementti.<\/p>\n<p><b>J\u00e4mpti Pro Kuumasinkityt koiratarhat<\/b><br \/>\nJ\u00e4mpti Pro Kuumasinkityt koiratarhat on tarkoitettu raskaaseen k\u00e4ytt\u00f6\u00f6n. Kuumasinkitys suojaa tarhaa ruostumiselta vuosiksi eteenp\u00e4in. Kest\u00e4vyytens\u00e4 ja konstailemattomuutensa ansiosta kuumasinkityt tarhat ovat erityisesti ammattilaisten ja mets\u00e4miesten suosiossa.<\/p>\n<p>Elementtikehikot ovat vahvaa 32 mm putkea. Verkon jokainen lanka on kiinnitetty hitsaamalla kehikkoon ja toisiin lankoihin.<\/p>\n<p>J\u00e4mpti Pro -tarha on helppo koota, sen pystytt\u00e4miseen ei tarvita kuin yht\u00e4 ty\u00f6kalua, lenkkiavainta. Elementeist\u00e4 voidaan rakentaa halutun kokoinen tarha &#8211; tarhapakettia voidaan laajentaa elementti kerrallaan erikseen saatavilla perus- ja ovielementeill\u00e4. Tarhan perustamispaikalle ei ole suuria vaatimuksia, sill\u00e4 tarhan voi rakentaa my\u00f6s ep\u00e4tasaiseen maastoon. Kiinnikkeiden kiinnityskohdat ovat vapaasti valittavissa. Elementin kehikossa k\u00e4ytetyn py\u00f6r\u00f6putken ansiosta tarhasta voidaan tehd\u00e4 mink\u00e4 muotoinen tahansa.<\/p>\n<p>J\u00e4mpti Pro -tarhan ovi aukeaa sek\u00e4 ulos- ett\u00e4 sis\u00e4\u00e4np\u00e4in. Ovessa on luotettavat ja helppok\u00e4ytt\u00f6iset lukot (2 kpl), jotka voidaan sulkea yhdell\u00e4 k\u00e4dell\u00e4 tarhan ulko- ja sis\u00e4puolelta.<\/p>\n<p><b>Paljon lis\u00e4varusteita<\/b><br \/>\nJ\u00e4mpti Pro -tarhoihin on saatavilla kattava valikoima erilaisia lis\u00e4varusteita.<\/p>\n<p><b>Katso havainnollistavat videot tarhan pystytyksest\u00e4<\/b><\/p>\n<p>&nbsp;<\/p>\n<p><b>Tekniset tiedot:<\/b><br \/>\n&#8211; Peruselementti, MEDI: Leveys 200 x korkeus 175 cm<br \/>\n&#8211; Ovielementti, MEDI: Leveys 200 x korkeus 175 cm<br \/>\n&#8211; Oven koko: 60 x 140 cm<br \/>\n&#8211; Oven alla oleva kynnys: 25 cm<br \/>\n&#8211; Kehysputken halkaisija: 32 mm<br \/>\n&#8211; Verkon materiaalivahvuus: 4 mm, mik\u00e4 pit\u00e4\u00e4 verkon j\u00e4m\u00e4kk\u00e4n\u00e4. Ohuempi verkkolanka voi aiheuttaa verkon venymisen ja l\u00f6ystymisen koiran esimerkiksi hyppiess\u00e4 sit\u00e4 vasten.<br \/>\n&#8211; Verkon silm\u00e4koko: 50 x 100 mm<br \/>\n<em>Huomioitavaa! Yksi kiinnike tuo elementtien v\u00e4liin 3 cm lis\u00e4\u00e4 leveytt\u00e4.<\/em><\/p>\n<p><b>Takuu<\/b><br \/>\nJ\u00e4mpti-tarhaustuotteilla (J\u00e4mpti-, J\u00e4mpti Pro ja J\u00e4mpti Eco -tarhaelementit sek\u00e4 J\u00e4mpti L\u00e4mp\u00f6eristetty koirankoppi) on 10 vuoden takuu materiaali- ja valmistusvirheille. Takuun piiriin ei kuulu kuljetusvauriot (aiheuttaja korvaa), koiran tuotteelle aiheuttamat vauriot, k\u00e4ytt\u00e4j\u00e4n huolimattomuudesta aiheutuneet viat tai kuluvat osat normaalin kulumisen osalta. J\u00e4mpti-tarhaustuotteiden takuukortti aukeaa\u00a0<a href=\"https:\/\/www.vipstore.fi\/ckeditor\/plugins\/fileman\/Uploads\/Images\/jampti_takuukortti.pdf\" target=\"_blank\" rel=\"noopener\">T\u00c4ST\u00c4<\/a>.<\/p>\n<p><b>Toimitus<\/b><br \/>\nTarhapakettien toimitusaika on n. 2-5 arkip\u00e4iv\u00e4\u00e4.<\/p>\n","protected":false},"excerpt":{"rendered":"<ol>\n<li>Toimitus 2-5 arkip\u00e4iv\u00e4\u00e4<\/li>\n<\/ol>\n<p>Toimitetaan kotiovelle!<\/p>\n","protected":false},"featured_media":3243,"comment_status":"open","ping_status":"closed","template":"","meta":{"inline_featured_image":false},"product_brand":[],"product_cat":[354],"product_tag":[350,346,348,349,345,347],"class_list":{"0":"post-3233","1":"product","2":"type-product","3":"status-publish","4":"has-post-thumbnail","6":"product_cat-koiratarhapaketit","7":"product_tag-hakki","8":"product_tag-jampti","9":"product_tag-koiratarha","10":"product_tag-koppi","11":"product_tag-tarha","12":"product_tag-verkko","14":"first","15":"instock","16":"taxable","17":"shipping-taxable","18":"purchasable","19":"product-type-variable"},"_links":{"self":[{"href":"https:\/\/retkilemi.fi\/index.php?rest_route=\/wp\/v2\/product\/3233","targetHints":{"allow":["GET"]}}],"collection":[{"href":"https:\/\/retkilemi.fi\/index.php?rest_route=\/wp\/v2\/product"}],"about":[{"href":"https:\/\/retkilemi.fi\/index.php?rest_route=\/wp\/v2\/types\/product"}],"replies":[{"embeddable":true,"href":"https:\/\/retkilemi.fi\/index.php?rest_route=%2Fwp%2Fv2%2Fcomments&post=3233"}],"wp:featuredmedia":[{"embeddable":true,"href":"https:\/\/retkilemi.fi\/index.php?rest_route=\/wp\/v2\/media\/3243"}],"wp:attachment":[{"href":"https:\/\/retkilemi.fi\/index.php?rest_route=%2Fwp%2Fv2%2Fmedia&parent=3233"}],"wp:term":[{"taxonomy":"product_brand","embeddable":true,"href":"https:\/\/retkilemi.fi\/index.php?rest_route=%2Fwp%2Fv2%2Fproduct_brand&post=3233"},{"taxonomy":"product_cat","embeddable":true,"href":"https:\/\/retkilemi.fi\/index.php?rest_route=%2Fwp%2Fv2%2Fproduct_cat&post=3233"},{"taxonomy":"product_tag","embeddable":true,"href":"https:\/\/retkilemi.fi\/index.php?rest_route=%2Fwp%2Fv2%2Fproduct_tag&post=3233"}],"curies":[{"name":"wp","href":"https:\/\/api.w.org\/{rel}","templated":true}]}}