{"id":3246,"date":"2022-01-24T08:46:08","date_gmt":"2022-01-24T06:46:08","guid":{"rendered":"https:\/\/retkilemi.fi\/?post_type=product&#038;p=3246"},"modified":"2023-05-07T22:23:12","modified_gmt":"2023-05-07T19:23:12","slug":"jampti-medi-kuumasinkitty-kalteritarhapaketti-175-cm","status":"publish","type":"product","link":"https:\/\/retkilemi.fi\/?product=jampti-medi-kuumasinkitty-kalteritarhapaketti-175-cm","title":{"rendered":"J\u00e4mpti MEDI Kuumasinkitty Kalteritarhapaketti (175 cm)"},"content":{"rendered":"<p>Valmiit koiratarhapaketit J\u00e4mpti MEDI Kuumasinkityist\u00e4 kalterielementeist\u00e4. Pakettiin sis\u00e4ltyy yksi ovielementti ja valittu m\u00e4\u00e4r\u00e4 peruselementtej\u00e4 (7, 9 tai 11) sek\u00e4 kaksi pulttia \/ elementti.<\/p>\n<p><b>J\u00e4mpti Kuumasinkityt kalteritarhat<\/b><br \/>\nKuumasinkitty kalteritarha on kest\u00e4v\u00e4 ja kovaan k\u00e4ytt\u00f6\u00f6n tarkoitettu. Kiipeilyn est\u00e4miseksi elementin sein\u00e4m\u00e4 koostuu kaltereista verkon sijaan. Kalteritarhaa voidaan siis suositella erityisesti kiipeilyyn taipuvaisille koirille. Kalteri v\u00e4hent\u00e4\u00e4 my\u00f6s riski\u00e4 j\u00e4\u00e4d\u00e4 hampaista tai tassusta kiinni tarhan sein\u00e4\u00e4n. Tarhan nurkat asennetaan 90\u00b0 kulmaan, joka mahdollistaa neliskanttisen tai suorakaiteen muotoisen tarhan rakentamisen. Ovielementin ovi aukeaa tarhan sis\u00e4\u00e4n p\u00e4in, k\u00e4\u00e4nt\u00f6salpalukko on suljettavissa tarhan sis\u00e4- ja ulkopuolelta. Oviaukon yl\u00e4- ja alakulmissa on tukevat stopparit lievent\u00e4m\u00e4ss\u00e4 oveen kohdistuvaa painetta koiran hyppiess\u00e4 ovea vasten.<\/p>\n<p>J\u00e4mpti Kuumasinkitty Kalteritarha on eritt\u00e4in yksinkertainen ja nopea pystytt\u00e4\u00e4. Elementit liitet\u00e4\u00e4n toisiinsa pulteilla (reij\u00e4t ovat valmiina elementtien neli\u00f6kehysputkessa). Tarhaan on saatavana erikseen lis\u00e4\u00e4 perus- ja ovielementtej\u00e4.<\/p>\n<p><b>Lis\u00e4varusteet<\/b><br \/>\nJ\u00e4mpti Kuumasinkittyihin kalteritarhoihin on saatavilla lis\u00e4varusteita, kuten kulmatuet, U-malliset lis\u00e4kiinnikkeet, alikaivuueste sek\u00e4 tarhan sis\u00e4- ja ulkopuolelle asentuvia kuppitelineit\u00e4.\u00a0<b>Huom!<\/b>\u00a0Kuvien kulmatuet ja U-kiinnikkeet eiv\u00e4t sis\u00e4lly toimitukseen vaan ovat saatavina erikseen.<\/p>\n<p><b>Katso havainnollistavat videot neli\u00f6kehysputkella varustetun tarhan pystytyksest\u00e4<\/b><\/p>\n<p>&nbsp;<\/p>\n<p><b>Tekniset tiedot:<\/b><br \/>\n&#8211; Peruselementti: Leveys 200 x korkeus 175 cm<br \/>\n&#8211; Ovielementti: Leveys 200 x korkeus 175 cm<br \/>\n&#8211; Oven koko: 60 x 140 cm<br \/>\n&#8211; Oven alla oleva kynnys: 25 cm<br \/>\n&#8211; Elementin keh\u00e4: 25 x 25 mm putkea<br \/>\n&#8211; Kalterit: Vahvuus 1,6 cm, kalterien v\u00e4li 8,1 cm (ovessa kalterien v\u00e4li n. 9 cm) &#8211; 99,5 cm:n korkeudella on poikkipuu, joka on n. 8 mm vahva metallitanko.<\/p>\n<p><b>Takuu<\/b><br \/>\nJ\u00e4mpti-tarhaustuotteilla (J\u00e4mpti-, J\u00e4mpti Pro ja J\u00e4mpti Eco -tarhaelementit sek\u00e4 J\u00e4mpti L\u00e4mp\u00f6eristetty koirankoppi) on 10 vuoden takuu materiaali- ja valmistusvirheille. Takuun piiriin ei kuulu kuljetusvauriot (aiheuttaja korvaa), koiran tuotteelle aiheuttamat vauriot, k\u00e4ytt\u00e4j\u00e4n huolimattomuudesta aiheutuneet viat tai kuluvat osat normaalin kulumisen osalta. J\u00e4mpti-tarhaustuotteiden takuukortti aukeaa\u00a0<a href=\"https:\/\/www.vipstore.fi\/ckeditor\/plugins\/fileman\/Uploads\/Images\/jampti_takuukortti.pdf\" target=\"_blank\" rel=\"noopener\">T\u00c4ST\u00c4<\/a>.<\/p>\n<p><b>Toimitus<\/b><br \/>\nTarhapakettien toimitusaika on n. 2-5 arkip\u00e4iv\u00e4\u00e4.<\/p>\n","protected":false},"excerpt":{"rendered":"<p>Toimitus 2-5 arkip\u00e4iv\u00e4\u00e4<\/p>\n<p>Toimitetaan kotiovelle!<\/p>\n","protected":false},"featured_media":3250,"comment_status":"open","ping_status":"closed","template":"","meta":{"inline_featured_image":false},"product_brand":[],"product_cat":[354],"product_tag":[350,346,348,349,345,347],"class_list":{"0":"post-3246","1":"product","2":"type-product","3":"status-publish","4":"has-post-thumbnail","6":"product_cat-koiratarhapaketit","7":"product_tag-hakki","8":"product_tag-jampti","9":"product_tag-koiratarha","10":"product_tag-koppi","11":"product_tag-tarha","12":"product_tag-verkko","14":"first","15":"instock","16":"taxable","17":"shipping-taxable","18":"purchasable","19":"product-type-variable"},"_links":{"self":[{"href":"https:\/\/retkilemi.fi\/index.php?rest_route=\/wp\/v2\/product\/3246","targetHints":{"allow":["GET"]}}],"collection":[{"href":"https:\/\/retkilemi.fi\/index.php?rest_route=\/wp\/v2\/product"}],"about":[{"href":"https:\/\/retkilemi.fi\/index.php?rest_route=\/wp\/v2\/types\/product"}],"replies":[{"embeddable":true,"href":"https:\/\/retkilemi.fi\/index.php?rest_route=%2Fwp%2Fv2%2Fcomments&post=3246"}],"wp:featuredmedia":[{"embeddable":true,"href":"https:\/\/retkilemi.fi\/index.php?rest_route=\/wp\/v2\/media\/3250"}],"wp:attachment":[{"href":"https:\/\/retkilemi.fi\/index.php?rest_route=%2Fwp%2Fv2%2Fmedia&parent=3246"}],"wp:term":[{"taxonomy":"product_brand","embeddable":true,"href":"https:\/\/retkilemi.fi\/index.php?rest_route=%2Fwp%2Fv2%2Fproduct_brand&post=3246"},{"taxonomy":"product_cat","embeddable":true,"href":"https:\/\/retkilemi.fi\/index.php?rest_route=%2Fwp%2Fv2%2Fproduct_cat&post=3246"},{"taxonomy":"product_tag","embeddable":true,"href":"https:\/\/retkilemi.fi\/index.php?rest_route=%2Fwp%2Fv2%2Fproduct_tag&post=3246"}],"curies":[{"name":"wp","href":"https:\/\/api.w.org\/{rel}","templated":true}]}}