{"id":3273,"date":"2022-01-30T19:11:40","date_gmt":"2022-01-30T17:11:40","guid":{"rendered":"https:\/\/retkilemi.fi\/?post_type=product&#038;p=3273"},"modified":"2024-04-16T11:42:13","modified_gmt":"2024-04-16T08:42:13","slug":"metallikuppi","status":"publish","type":"product","link":"https:\/\/retkilemi.fi\/?product=metallikuppi","title":{"rendered":"Metallikuppi"},"content":{"rendered":"<p>Helppo pit\u00e4\u00e4 puhtaina.<\/p>\n<p>Halkaisijat (sis\u00e4halkaisija yl\u00e4reunasta) ja korkeudet:<\/p>\n<p>0,4 litraa \u00d8 = n. 13 cm, k=4,5 cm<br \/>\n0,7 litraa \u00d8 = n. 14,8 cm, k=5,5 cm<br \/>\n1,5 litraa \u00d8 = n. 18,4 cm, k=6,5 cm<br \/>\n4,7 litraa \u00d8 = n. 25,9 cm, k=8,5 cm<br \/>\n6,7 litraa \u00d8 = n. 31 cm, k=10,5 cm<\/p>\n","protected":false},"excerpt":{"rendered":"<p>Perinteiset, kest\u00e4v\u00e4t metallikupit ruostumattomasta ter\u00e4ksest\u00e4.<\/p>\n","protected":false},"featured_media":3280,"comment_status":"open","ping_status":"closed","template":"","meta":{"inline_featured_image":false},"product_brand":[],"product_cat":[311],"product_tag":[368,314,371],"class_list":{"0":"post-3273","1":"product","2":"type-product","3":"status-publish","4":"has-post-thumbnail","6":"product_cat-kupit-ja-astiat","7":"product_tag-astia","8":"product_tag-kuppi","9":"product_tag-metallikuppi","11":"first","12":"instock","13":"sale","14":"taxable","15":"shipping-taxable","16":"purchasable","17":"product-type-variable"},"_links":{"self":[{"href":"https:\/\/retkilemi.fi\/index.php?rest_route=\/wp\/v2\/product\/3273","targetHints":{"allow":["GET"]}}],"collection":[{"href":"https:\/\/retkilemi.fi\/index.php?rest_route=\/wp\/v2\/product"}],"about":[{"href":"https:\/\/retkilemi.fi\/index.php?rest_route=\/wp\/v2\/types\/product"}],"replies":[{"embeddable":true,"href":"https:\/\/retkilemi.fi\/index.php?rest_route=%2Fwp%2Fv2%2Fcomments&post=3273"}],"wp:featuredmedia":[{"embeddable":true,"href":"https:\/\/retkilemi.fi\/index.php?rest_route=\/wp\/v2\/media\/3280"}],"wp:attachment":[{"href":"https:\/\/retkilemi.fi\/index.php?rest_route=%2Fwp%2Fv2%2Fmedia&parent=3273"}],"wp:term":[{"taxonomy":"product_brand","embeddable":true,"href":"https:\/\/retkilemi.fi\/index.php?rest_route=%2Fwp%2Fv2%2Fproduct_brand&post=3273"},{"taxonomy":"product_cat","embeddable":true,"href":"https:\/\/retkilemi.fi\/index.php?rest_route=%2Fwp%2Fv2%2Fproduct_cat&post=3273"},{"taxonomy":"product_tag","embeddable":true,"href":"https:\/\/retkilemi.fi\/index.php?rest_route=%2Fwp%2Fv2%2Fproduct_tag&post=3273"}],"curies":[{"name":"wp","href":"https:\/\/api.w.org\/{rel}","templated":true}]}}