{"id":3288,"date":"2022-02-01T08:21:12","date_gmt":"2022-02-01T06:21:12","guid":{"rendered":"https:\/\/retkilemi.fi\/?post_type=product&#038;p=3288"},"modified":"2023-06-08T11:59:44","modified_gmt":"2023-06-08T08:59:44","slug":"brava-metallihakki-harmaa","status":"publish","type":"product","link":"https:\/\/retkilemi.fi\/?product=brava-metallihakki-harmaa","title":{"rendered":"Brava Metallih\u00e4kki, harmaa"},"content":{"rendered":"<p>Kevyt, muovinen pohjakaukalo voidaan ottaa k\u00e4tev\u00e4sti h\u00e4kist\u00e4 ulos puhdistusta varten.<br \/>\nKahdella luotettavalla salpalukolla varustettu ovi p\u00e4\u00e4dyss\u00e4 ja toisella pitk\u00e4ll\u00e4 sivulla (p\u00e4\u00e4tyovesta katsottuna h\u00e4kin oikealla puolella).<br \/>\nH\u00e4kki on helppo taittaa kasaan s\u00e4ilytyksen ja kantamisen ajaksi. Nostaminen onnistuu mukavasti muovisesta kantokahvasta.<\/p>\n<p><b>V\u00e4ri:<\/b>\u00a0Musta<br \/>\n<b>Koot:<\/b>\u00a0M-XXXL<\/p>\n<p><b>Kokotaulukko:<\/b><\/p>\n<table>\n<tbody>\n<tr>\n<td><strong>Koko\u00a0<\/strong><\/td>\n<td><strong>Pituus\u00a0<\/strong><\/td>\n<td><strong>Leveys\u00a0<\/strong><\/td>\n<td><strong>Korkeus\u00a0<\/strong><\/td>\n<td><strong>Paino<\/strong><\/td>\n<\/tr>\n<tr>\n<td><\/td>\n<td><\/td>\n<td><\/td>\n<td><\/td>\n<td><\/td>\n<\/tr>\n<tr>\n<td><\/td>\n<td><\/td>\n<td><\/td>\n<td><\/td>\n<td><\/td>\n<\/tr>\n<tr>\n<td>XL<\/td>\n<td>93 cm<\/td>\n<td>58 cm<\/td>\n<td>66 cm<\/td>\n<td>9,35 kg<\/td>\n<\/tr>\n<tr>\n<td><\/td>\n<td><\/td>\n<td><\/td>\n<td><\/td>\n<td><\/td>\n<\/tr>\n<tr>\n<td><\/td>\n<td><\/td>\n<td><\/td>\n<td><\/td>\n<td><\/td>\n<\/tr>\n<\/tbody>\n<\/table>\n","protected":false},"excerpt":{"rendered":"<p>Vahvarakenteinen, vasaralakattu metallih\u00e4kki kest\u00e4\u00e4 k\u00e4yt\u00f6ss\u00e4 vuodesta toiseen.<\/p>\n<p>&nbsp;<\/p>\n<p>Koko<\/p>\n<p>XL<\/p>\n","protected":false},"featured_media":3289,"comment_status":"open","ping_status":"closed","template":"","meta":{"inline_featured_image":false},"product_brand":[],"product_cat":[352,313],"product_tag":[350],"class_list":{"0":"post-3288","1":"product","2":"type-product","3":"status-publish","4":"has-post-thumbnail","6":"product_cat-kopit","7":"product_cat-kopit-tarhat","8":"product_tag-hakki","10":"first","11":"outofstock","12":"taxable","13":"shipping-taxable","14":"purchasable","15":"product-type-simple"},"_links":{"self":[{"href":"https:\/\/retkilemi.fi\/index.php?rest_route=\/wp\/v2\/product\/3288","targetHints":{"allow":["GET"]}}],"collection":[{"href":"https:\/\/retkilemi.fi\/index.php?rest_route=\/wp\/v2\/product"}],"about":[{"href":"https:\/\/retkilemi.fi\/index.php?rest_route=\/wp\/v2\/types\/product"}],"replies":[{"embeddable":true,"href":"https:\/\/retkilemi.fi\/index.php?rest_route=%2Fwp%2Fv2%2Fcomments&post=3288"}],"wp:featuredmedia":[{"embeddable":true,"href":"https:\/\/retkilemi.fi\/index.php?rest_route=\/wp\/v2\/media\/3289"}],"wp:attachment":[{"href":"https:\/\/retkilemi.fi\/index.php?rest_route=%2Fwp%2Fv2%2Fmedia&parent=3288"}],"wp:term":[{"taxonomy":"product_brand","embeddable":true,"href":"https:\/\/retkilemi.fi\/index.php?rest_route=%2Fwp%2Fv2%2Fproduct_brand&post=3288"},{"taxonomy":"product_cat","embeddable":true,"href":"https:\/\/retkilemi.fi\/index.php?rest_route=%2Fwp%2Fv2%2Fproduct_cat&post=3288"},{"taxonomy":"product_tag","embeddable":true,"href":"https:\/\/retkilemi.fi\/index.php?rest_route=%2Fwp%2Fv2%2Fproduct_tag&post=3288"}],"curies":[{"name":"wp","href":"https:\/\/api.w.org\/{rel}","templated":true}]}}