{"id":3291,"date":"2022-02-03T08:23:39","date_gmt":"2022-02-03T06:23:39","guid":{"rendered":"https:\/\/retkilemi.fi\/?post_type=product&#038;p=3291"},"modified":"2022-03-14T08:36:19","modified_gmt":"2022-03-14T06:36:19","slug":"pyorea-nahkatalutin-punainen-180-cm","status":"publish","type":"product","link":"https:\/\/retkilemi.fi\/?product=pyorea-nahkatalutin-punainen-180-cm","title":{"rendered":"Py\u00f6re\u00e4 nahkatalutin Punainen, 180 cm"},"content":{"rendered":"<p>V\u00e4rien ilottelua aidoissa, laadukkaissa naudannahkatuotteissa! Pirte\u00e4t punaiset py\u00f6re\u00e4t taluttimet sopivat eri kokoisille koirille.Py\u00f6re\u00e4n, notkean taluttimen sis\u00e4ll\u00e4 on venymisen est\u00e4v\u00e4 ny\u00f6ri. Huolelliset ja siev\u00e4t ompeleet. Kirkas hopeanv\u00e4rinen lukko ja -o-rengas.<br \/>\nV\u00e4rit: punainen,<\/p>\n<p>Vahvuus 10 mm<\/p>\n<p>Pituus: 180 cm.<\/p>\n","protected":false},"excerpt":{"rendered":"<p>V\u00e4rien ilottelua aidoissa, laadukkaissa naudannahkatuotteissa! Pirte\u00e4t punaiset py\u00f6re\u00e4t taluttimet sopivat eri kokoisille koirille.Py\u00f6re\u00e4n, notkean taluttimen sis\u00e4ll\u00e4 on venymisen est\u00e4v\u00e4 ny\u00f6ri. Huolelliset ja siev\u00e4t ompeleet. Kirkas hopeanv\u00e4rinen lukko ja -o-rengas. V\u00e4rit: punainen, Vahvuus 10 mm Pituus: 180 cm.<\/p>\n","protected":false},"featured_media":3292,"comment_status":"open","ping_status":"closed","template":"","meta":{"inline_featured_image":false},"product_brand":[],"product_cat":[312,280],"product_tag":[242,377],"class_list":{"0":"post-3291","1":"product","2":"type-product","3":"status-publish","4":"has-post-thumbnail","6":"product_cat-remmit","7":"product_cat-tarjouksessa","8":"product_tag-hihna","9":"product_tag-talutin","11":"first","12":"instock","13":"sale","14":"taxable","15":"shipping-taxable","16":"purchasable","17":"product-type-simple"},"_links":{"self":[{"href":"https:\/\/retkilemi.fi\/index.php?rest_route=\/wp\/v2\/product\/3291","targetHints":{"allow":["GET"]}}],"collection":[{"href":"https:\/\/retkilemi.fi\/index.php?rest_route=\/wp\/v2\/product"}],"about":[{"href":"https:\/\/retkilemi.fi\/index.php?rest_route=\/wp\/v2\/types\/product"}],"replies":[{"embeddable":true,"href":"https:\/\/retkilemi.fi\/index.php?rest_route=%2Fwp%2Fv2%2Fcomments&post=3291"}],"wp:featuredmedia":[{"embeddable":true,"href":"https:\/\/retkilemi.fi\/index.php?rest_route=\/wp\/v2\/media\/3292"}],"wp:attachment":[{"href":"https:\/\/retkilemi.fi\/index.php?rest_route=%2Fwp%2Fv2%2Fmedia&parent=3291"}],"wp:term":[{"taxonomy":"product_brand","embeddable":true,"href":"https:\/\/retkilemi.fi\/index.php?rest_route=%2Fwp%2Fv2%2Fproduct_brand&post=3291"},{"taxonomy":"product_cat","embeddable":true,"href":"https:\/\/retkilemi.fi\/index.php?rest_route=%2Fwp%2Fv2%2Fproduct_cat&post=3291"},{"taxonomy":"product_tag","embeddable":true,"href":"https:\/\/retkilemi.fi\/index.php?rest_route=%2Fwp%2Fv2%2Fproduct_tag&post=3291"}],"curies":[{"name":"wp","href":"https:\/\/api.w.org\/{rel}","templated":true}]}}