{"id":3316,"date":"2022-02-18T18:42:18","date_gmt":"2022-02-18T16:42:18","guid":{"rendered":"https:\/\/retkilemi.fi\/?post_type=product&#038;p=3316"},"modified":"2026-02-20T18:41:56","modified_gmt":"2026-02-20T16:41:56","slug":"anar-garra-pro-vyotaroreppu","status":"publish","type":"product","link":"https:\/\/retkilemi.fi\/?product=anar-garra-pro-vyotaroreppu","title":{"rendered":"Anar Garra Pro vy\u00f6t\u00e4r\u00f6reppu"},"content":{"rendered":"<p>Anar Garra Pro -vy\u00f6t\u00e4r\u00f6reppu on monik\u00e4ytt\u00f6inen valinta mets\u00e4st\u00e4j\u00e4lle ja luonnossa liikkujalle. P\u00e4\u00e4taskun kannessa on verkkopussi sek\u00e4 olkaimet, joiden avulla laukusta saa nopeasti repun. Koko 32 x 26 x 19 cm.<\/p>\n","protected":false},"excerpt":{"rendered":"<p>Anar Garra Pro -vy\u00f6t\u00e4r\u00f6reppu on monik\u00e4ytt\u00f6inen valinta mets\u00e4st\u00e4j\u00e4lle ja luonnossa liikkujalle. P\u00e4\u00e4taskun kannessa on verkkopussi sek\u00e4 olkaimet, joiden avulla laukusta saa nopeasti repun. Koko 32 x 26 x 19 cm.<\/p>\n","protected":false},"featured_media":3317,"comment_status":"open","ping_status":"closed","template":"","meta":{"inline_featured_image":false},"product_brand":[],"product_cat":[135,141],"product_tag":[379,77,380],"class_list":{"0":"post-3316","1":"product","2":"type-product","3":"status-publish","4":"has-post-thumbnail","6":"product_cat-metsastysreput","7":"product_cat-rinkat","8":"product_tag-paivareppu","9":"product_tag-rinkka","10":"product_tag-vyotaroreppu","12":"first","13":"outofstock","14":"sale","15":"taxable","16":"shipping-taxable","17":"purchasable","18":"product-type-simple"},"_links":{"self":[{"href":"https:\/\/retkilemi.fi\/index.php?rest_route=\/wp\/v2\/product\/3316","targetHints":{"allow":["GET"]}}],"collection":[{"href":"https:\/\/retkilemi.fi\/index.php?rest_route=\/wp\/v2\/product"}],"about":[{"href":"https:\/\/retkilemi.fi\/index.php?rest_route=\/wp\/v2\/types\/product"}],"replies":[{"embeddable":true,"href":"https:\/\/retkilemi.fi\/index.php?rest_route=%2Fwp%2Fv2%2Fcomments&post=3316"}],"wp:featuredmedia":[{"embeddable":true,"href":"https:\/\/retkilemi.fi\/index.php?rest_route=\/wp\/v2\/media\/3317"}],"wp:attachment":[{"href":"https:\/\/retkilemi.fi\/index.php?rest_route=%2Fwp%2Fv2%2Fmedia&parent=3316"}],"wp:term":[{"taxonomy":"product_brand","embeddable":true,"href":"https:\/\/retkilemi.fi\/index.php?rest_route=%2Fwp%2Fv2%2Fproduct_brand&post=3316"},{"taxonomy":"product_cat","embeddable":true,"href":"https:\/\/retkilemi.fi\/index.php?rest_route=%2Fwp%2Fv2%2Fproduct_cat&post=3316"},{"taxonomy":"product_tag","embeddable":true,"href":"https:\/\/retkilemi.fi\/index.php?rest_route=%2Fwp%2Fv2%2Fproduct_tag&post=3316"}],"curies":[{"name":"wp","href":"https:\/\/api.w.org\/{rel}","templated":true}]}}