{"id":3330,"date":"2022-01-21T20:30:08","date_gmt":"2022-01-21T18:30:08","guid":{"rendered":"https:\/\/retkilemi.fi\/?post_type=product&#038;p=3330"},"modified":"2022-02-21T20:36:04","modified_gmt":"2022-02-21T18:36:04","slug":"probooster-12kg-adult-sensitive-salmon","status":"publish","type":"product","link":"https:\/\/retkilemi.fi\/?product=probooster-12kg-adult-sensitive-salmon","title":{"rendered":"ProBooster 12kg Adult Sensitive Salmon"},"content":{"rendered":"<p>T\u00c4YSRAVINTO AIKUISILLE HERKILLE KOIRILLE<\/p>\n<p>ProBooster Adult Sensitive Salmon on kehitetty erityisesti vastaamaan herkkien ja ruoka-aineallergioista k\u00e4rsivien koirien ravitsemustarpeita.<\/p>\n<p><b>Valmistusaineet:<\/b>\u00a0Kuivattu lohi (25 %), valkoinen riisi, tumma riisi, tuore kypsennetty lohi (9 %), juurikasmassa, lohi\u00f6ljy, lohiliemi, mineraalit, vitamiinit, frukto-oligosakkaridit (960 mg\/kg), glukosamiini (530 mg\/kg), metyylisulfonyylimetaani (530 mg\/kg), kondroitiinisulfaatti (375 mg\/kg), mannanoligosakkaridit (240 mg\/kg), yucca.<\/p>\n<p><b>Ravintoaineet:<\/b>\u00a0Raakaproteiini 24 %, raakarasva 14 %, raakakuitu 2,5 %, raakatuhka 8 %, kosteus 8 %, omega 6 0,9 %, omega 3 2,9 %, kalsium 1,8 %, fosfori 1,1 %.<\/p>\n<p><b>Ravintolis\u00e4aineet:<\/b>\u00a0A-vitamiini (retinyyliasetaatti) 15000 IU, D3-vitamiini (kolekalsiferoli 2250 IU, E-vitamiini (alfa tokoferoliasetaatti) 95 mg.<br \/>\n<b>Hivenaineet:<\/b>\u00a0Rauta 170 mg, sinkki 130 mg, mangaani 110 mg, kupari 60 mg, jodi 1,57 mg, seleeni 0,60 mg.<\/p>\n<p><b>Pakkauskoot:<\/b>\u00a02 kg, 12 kg<\/p>\n<p>ProBooster-s\u00e4kit ovat kierr\u00e4tett\u00e4vi\u00e4 tunnuksella 7: muut muovit. Voit siis laittaa s\u00e4kin muovinker\u00e4ykseen!<\/p>\n<p>Katso annostusohje osoitteessa\u00a0<a href=\"http:\/\/www.probooster.eu\/prod7.php\">www.ProBooster.eu<\/a><\/p>\n","protected":false},"excerpt":{"rendered":"<p>T\u00c4YSRAVINTO AIKUISILLE HERKILLE KOIRILLE<\/p>\n<p>12kg S\u00e4kki<\/p>\n","protected":false},"featured_media":3333,"comment_status":"open","ping_status":"closed","template":"","meta":{"inline_featured_image":false},"product_brand":[],"product_cat":[309],"product_tag":[325,326,324,101,323],"class_list":{"0":"post-3330","1":"product","2":"type-product","3":"status-publish","4":"has-post-thumbnail","6":"product_cat-koiranruoka","7":"product_tag-booster","8":"product_tag-kuivaruoka","9":"product_tag-nappula","10":"product_tag-pro","11":"product_tag-ruoka","13":"first","14":"onbackorder","15":"taxable","16":"shipping-taxable","17":"purchasable","18":"product-type-variable"},"_links":{"self":[{"href":"https:\/\/retkilemi.fi\/index.php?rest_route=\/wp\/v2\/product\/3330","targetHints":{"allow":["GET"]}}],"collection":[{"href":"https:\/\/retkilemi.fi\/index.php?rest_route=\/wp\/v2\/product"}],"about":[{"href":"https:\/\/retkilemi.fi\/index.php?rest_route=\/wp\/v2\/types\/product"}],"replies":[{"embeddable":true,"href":"https:\/\/retkilemi.fi\/index.php?rest_route=%2Fwp%2Fv2%2Fcomments&post=3330"}],"wp:featuredmedia":[{"embeddable":true,"href":"https:\/\/retkilemi.fi\/index.php?rest_route=\/wp\/v2\/media\/3333"}],"wp:attachment":[{"href":"https:\/\/retkilemi.fi\/index.php?rest_route=%2Fwp%2Fv2%2Fmedia&parent=3330"}],"wp:term":[{"taxonomy":"product_brand","embeddable":true,"href":"https:\/\/retkilemi.fi\/index.php?rest_route=%2Fwp%2Fv2%2Fproduct_brand&post=3330"},{"taxonomy":"product_cat","embeddable":true,"href":"https:\/\/retkilemi.fi\/index.php?rest_route=%2Fwp%2Fv2%2Fproduct_cat&post=3330"},{"taxonomy":"product_tag","embeddable":true,"href":"https:\/\/retkilemi.fi\/index.php?rest_route=%2Fwp%2Fv2%2Fproduct_tag&post=3330"}],"curies":[{"name":"wp","href":"https:\/\/api.w.org\/{rel}","templated":true}]}}