{"id":3358,"date":"2022-01-22T08:21:28","date_gmt":"2022-01-22T06:21:28","guid":{"rendered":"https:\/\/retkilemi.fi\/?post_type=product&#038;p=3358"},"modified":"2024-09-23T10:49:01","modified_gmt":"2024-09-23T07:49:01","slug":"booster-salmon-15kg","status":"publish","type":"product","link":"https:\/\/retkilemi.fi\/?product=booster-salmon-15kg","title":{"rendered":"Booster Salmon 15kg"},"content":{"rendered":"<p>Lohta koiralle! Lohiruoka BOOSTER Salmon sis\u00e4lt\u00e4\u00e4 jopa 38 % lohta ja kaikki aikuisen koiran tarvitsemat ravintoaineet hyv\u00e4\u00e4n terveyteen ja elinvoimaan.<\/p>\n<p>Booster Salmon on ruoka, joka sopii my\u00f6s herk\u00e4lle koiralle. Helposti sulavana, hypoallergisena el\u00e4invalkuaisen l\u00e4hteen\u00e4 lohi soveltuu hyvin ruoka-aineyliherkkyyksist\u00e4 tai ruuansulatusongelmista k\u00e4rsiville koirille. Lohi sis\u00e4lt\u00e4\u00e4 runsaasti Omega 3&amp;6 -rasvahappoja kiilt\u00e4v\u00e4lle turkille ja terveelle iholle. Hiilihydraatin l\u00e4hteen\u00e4 on k\u00e4ytetty perunan, maissin ja kuivattujen omenoiden hyvinsulavaa yhdistelm\u00e4\u00e4. Mannan-oligosakkaridit edist\u00e4v\u00e4t terveen suolistoflooran kasvua ja tehostavat siten ruuansulatusta ja suoliston toimintaa. Biotiini ja erityinen yhdistelm\u00e4 hivenaineita (mm. sinkki) varmistavat terveen ihon ja turkin.<\/p>\n<p>Lis\u00e4tietoa tuotteista osoitteessa www.boosterpower.fi<\/p>\n<p>Koostumus:<br \/>\nLohijauho (28 %), peruna, maissi, lohiproteiini (10 %), kananrasva (s\u00e4il\u00f6nt\u00e4aineena k\u00e4ytetty luonnollista tokoferolisekoitusta), kuivattu omena, panimohiiva, tomaatti, lohi\u00f6ljy, kivenn\u00e4iset, mannan-oligosakkaridit (150 mg\/kg), frukto-oligosakkaridit (100 mg\/kg), yucca schidigera -uute (80 mg\/kg).<\/p>\n<p>Lohipitoisuus 38 %.<\/p>\n<p>Ravintoainekoostumus:<br \/>\nproteiini 25 %<br \/>\nrasva 14 %<br \/>\nkuitu 2,5 %<br \/>\nkosteus 10 %<br \/>\ntuhka 5,2 %<br \/>\nkalsium 1,0 %<br \/>\nfosfori 0,9 %<br \/>\nA-vitamiini 16000 IU<br \/>\nD3-vitamiini 1600 IU<br \/>\nE-vitamiini 300 mg<br \/>\nbiotiini 0,6 mg<br \/>\nkupari 18 mg<br \/>\nsinkki 100 mg<br \/>\nseleeni 0,2 mg<\/p>\n<p>Booster-s\u00e4kit ovat kierr\u00e4tett\u00e4vi\u00e4 tunnuksella 7: muut muovit. Voit siis laittaa tyhj\u00e4n s\u00e4kin muovinker\u00e4ykseen!<\/p>\n","protected":false},"excerpt":{"rendered":"<p>&nbsp;<\/p>\n<p>15Kg s\u00e4kki<\/p>\n","protected":false},"featured_media":3359,"comment_status":"open","ping_status":"closed","template":"","meta":{"inline_featured_image":false},"product_brand":[],"product_cat":[309],"product_tag":[325,326,324,323],"class_list":{"0":"post-3358","1":"product","2":"type-product","3":"status-publish","4":"has-post-thumbnail","6":"product_cat-koiranruoka","7":"product_tag-booster","8":"product_tag-kuivaruoka","9":"product_tag-nappula","10":"product_tag-ruoka","12":"first","13":"onbackorder","14":"taxable","15":"shipping-taxable","16":"purchasable","17":"product-type-simple"},"_links":{"self":[{"href":"https:\/\/retkilemi.fi\/index.php?rest_route=\/wp\/v2\/product\/3358","targetHints":{"allow":["GET"]}}],"collection":[{"href":"https:\/\/retkilemi.fi\/index.php?rest_route=\/wp\/v2\/product"}],"about":[{"href":"https:\/\/retkilemi.fi\/index.php?rest_route=\/wp\/v2\/types\/product"}],"replies":[{"embeddable":true,"href":"https:\/\/retkilemi.fi\/index.php?rest_route=%2Fwp%2Fv2%2Fcomments&post=3358"}],"wp:featuredmedia":[{"embeddable":true,"href":"https:\/\/retkilemi.fi\/index.php?rest_route=\/wp\/v2\/media\/3359"}],"wp:attachment":[{"href":"https:\/\/retkilemi.fi\/index.php?rest_route=%2Fwp%2Fv2%2Fmedia&parent=3358"}],"wp:term":[{"taxonomy":"product_brand","embeddable":true,"href":"https:\/\/retkilemi.fi\/index.php?rest_route=%2Fwp%2Fv2%2Fproduct_brand&post=3358"},{"taxonomy":"product_cat","embeddable":true,"href":"https:\/\/retkilemi.fi\/index.php?rest_route=%2Fwp%2Fv2%2Fproduct_cat&post=3358"},{"taxonomy":"product_tag","embeddable":true,"href":"https:\/\/retkilemi.fi\/index.php?rest_route=%2Fwp%2Fv2%2Fproduct_tag&post=3358"}],"curies":[{"name":"wp","href":"https:\/\/api.w.org\/{rel}","templated":true}]}}