{"id":3362,"date":"2022-02-23T08:01:45","date_gmt":"2022-02-23T06:01:45","guid":{"rendered":"https:\/\/retkilemi.fi\/?post_type=product&#038;p=3362"},"modified":"2025-10-14T21:48:10","modified_gmt":"2025-10-14T18:48:10","slug":"tapio-kyttayspaali-ruskea","status":"publish","type":"product","link":"https:\/\/retkilemi.fi\/?product=tapio-kyttayspaali-ruskea","title":{"rendered":"Tapio Kytt\u00e4yspaali, ruskea"},"content":{"rendered":"<p><b>TARJOUS: Tapio Kytt\u00e4yspaali tarjoushintaan 550e sis\u00e4lt\u00e4en rahtikulun! Lis\u00e4ksi KAUPAN P\u00c4\u00c4LLE ampumatuki valmiiksi asennettuna sek\u00e4 pehmusteet istuinosalle ja lattialle!<\/b>\u00a0Tapio Kytt\u00e4yspaalissa mets\u00e4st\u00e4j\u00e4 tai luontokuvaaja on piilossa riistalta. Uusi piilopaikka antaa mahdollisuuden p\u00e4\u00e4st\u00e4 entist\u00e4 l\u00e4hemm\u00e4ksi el\u00e4imi\u00e4 &#8211; niin pellolla kuin mets\u00e4ss\u00e4. Seuraa el\u00e4imi\u00e4 siell\u00e4 miss\u00e4 haluat &#8211; Tapio Kytt\u00e4spaalin sijaintia voi vaihdella kevytt\u00e4 paalia siirt\u00e4m\u00e4ll\u00e4.<\/p>\n<p>Kytt\u00e4yspaali on kest\u00e4v\u00e4, eik\u00e4 lahoa tai ruostu ajan saatossa. Paalin yl\u00e4osa on saranoitu, joten se on helppo puhdistaa. Materiaali on polyeteeni\u00e4 ja valmistettu rotaatiovalamalla.<\/p>\n<p>Sis\u00e4tilat l\u00e4mpi\u00e4v\u00e4t nopeasti ihmisen ruumiinl\u00e4mm\u00f6n vaikutuksesta. Yhten\u00e4iset sein\u00e4t suojaavat tuulelta ja viimalta. Lis\u00e4ksi Tapio-kytt\u00e4yspaali on varustettavissa kynttil\u00e4l\u00e4mmittimell\u00e4. Erityisesti talvik\u00e4ytt\u00f6\u00e4 varten lattia ja penkki voidaan varustaa lis\u00e4varuseteena saatavalla l\u00e4mp\u00f6karvalla, joka vaimentaa ja erist\u00e4\u00e4 my\u00f6s \u00e4\u00e4nt\u00e4. Ilmanvaihto tapahtuu takasein\u00e4ss\u00e4 olevan ilmastointis\u00e4leik\u00f6n kautta. Halutessaan ilmanvaihtoa voi tehostaa asentamalla poistoilmaputken esimerkiksi kolmen metrin korkeuteen, jolloin ihmisen haju haihtuu yl\u00e4ilmoihin. T\u00e4t\u00e4 varten Tapio- kytt\u00e4yspaaliin on tehty asennusvaraus: pohjassa on 75 mm yhde, jonka avaamalla poistoputken asennus on mahdollista.<\/p>\n<p>Sis\u00e4tilassa on leve\u00e4 istuin, jonka alapuolella on s\u00e4ilytystila. Lattialla ja istuimen p\u00e4\u00e4ll\u00e4 on 10 mm flmivaneri. Ikkunan alapuolella sijaitsee hylly, jota voi pit\u00e4\u00e4 my\u00f6s ampumatukena. Sis\u00e4lle kuljetaan saranoidun yl\u00e4osan kautta.<\/p>\n<p>Ampuminen tai valokuvaaminen tapahtuu kahdesta ikkuna-aukosta, jotka yhdess\u00e4 leve\u00e4n penkin kanssa tarjoavat laajan ampumas\u00e4teen. Ikkunat ovat kirkasta akryylimuovia ja avautuvat saranoista ulosp\u00e4in.<\/p>\n<p>Tapio-kytt\u00e4yspaali on sijoitettu kahden painekyll\u00e4stetyn 2&#8243; x 4&#8243; lankun p\u00e4\u00e4lle.<\/p>\n<p>Tapio-kytt\u00e4yspaalilla on viiden (5) vuoden\u00a0<b>materiaali- ja valmistusvirhetakuu<\/b>.<\/p>\n<p><b>Tekniset tiedot:<\/b><\/p>\n<p>Valmistusmateriaali: Polyeteeni<br \/>\nLeveys: 114-120 cm<br \/>\nKorkeus: 136 cm<br \/>\nSis\u00e4korkeus: 131 cm<br \/>\nIstuinkorkeus: 32 cm<br \/>\nIstuimen etureunasta kattoon: 99 cm<br \/>\nIstuimen takareunasta kattoon: 90 cm<br \/>\nSein\u00e4n vahvuus: 6 mm<br \/>\nPaino: 48 kg<br \/>\nIlmaistointis\u00e4leik\u00f6n halkaisija: 75 mm<\/p>\n<p><b>Ampuma-aukon tekniset tiedot<\/b><\/p>\n<p>Ampuma-aukkojen m\u00e4\u00e4r\u00e4: 2<br \/>\nAmpuma-aukon mitat: 65 x 25 cm<br \/>\nAmpuma-aukon alareunan et\u00e4isyys lattiasta: 94 cm<\/p>\n<p><b>Tapio-kytt\u00e4yspaali toimitetaan omana l\u00e4hetyksen\u00e4\u00e4n, johon ei voi liitt\u00e4\u00e4 esim. koiranruokaa tai -tarvikkeita. Tilaa muut tuotteet omana tilauksenaan.\u00a0<\/b><\/p>\n","protected":false},"excerpt":{"rendered":"<p>Tapio Kytt\u00e4yspaali on t\u00e4ysin uudenlainen, kotimainen kytt\u00e4yskoppi.<\/p>\n<p>&nbsp;<\/p>\n<p><strong>Hintaan kuuluu kytt\u00e4yspaalin kotiinkuljetus.<\/strong><\/p>\n","protected":false},"featured_media":3363,"comment_status":"open","ping_status":"closed","template":"","meta":{"inline_featured_image":false},"product_brand":[],"product_cat":[137,280],"product_tag":[349,383,381,384,385,382],"class_list":{"0":"post-3362","1":"product","2":"type-product","3":"status-publish","4":"has-post-thumbnail","6":"product_cat-naamiointi","7":"product_cat-tarjouksessa","8":"product_tag-koppi","9":"product_tag-kyttaypaali","10":"product_tag-kyttays","11":"product_tag-kyttayskoppi","12":"product_tag-paali","13":"product_tag-tapio","15":"first","16":"instock","17":"taxable","18":"shipping-taxable","19":"purchasable","20":"product-type-simple"},"_links":{"self":[{"href":"https:\/\/retkilemi.fi\/index.php?rest_route=\/wp\/v2\/product\/3362","targetHints":{"allow":["GET"]}}],"collection":[{"href":"https:\/\/retkilemi.fi\/index.php?rest_route=\/wp\/v2\/product"}],"about":[{"href":"https:\/\/retkilemi.fi\/index.php?rest_route=\/wp\/v2\/types\/product"}],"replies":[{"embeddable":true,"href":"https:\/\/retkilemi.fi\/index.php?rest_route=%2Fwp%2Fv2%2Fcomments&post=3362"}],"wp:featuredmedia":[{"embeddable":true,"href":"https:\/\/retkilemi.fi\/index.php?rest_route=\/wp\/v2\/media\/3363"}],"wp:attachment":[{"href":"https:\/\/retkilemi.fi\/index.php?rest_route=%2Fwp%2Fv2%2Fmedia&parent=3362"}],"wp:term":[{"taxonomy":"product_brand","embeddable":true,"href":"https:\/\/retkilemi.fi\/index.php?rest_route=%2Fwp%2Fv2%2Fproduct_brand&post=3362"},{"taxonomy":"product_cat","embeddable":true,"href":"https:\/\/retkilemi.fi\/index.php?rest_route=%2Fwp%2Fv2%2Fproduct_cat&post=3362"},{"taxonomy":"product_tag","embeddable":true,"href":"https:\/\/retkilemi.fi\/index.php?rest_route=%2Fwp%2Fv2%2Fproduct_tag&post=3362"}],"curies":[{"name":"wp","href":"https:\/\/api.w.org\/{rel}","templated":true}]}}