{"id":3383,"date":"2022-03-06T20:34:14","date_gmt":"2022-03-06T18:34:14","guid":{"rendered":"https:\/\/retkilemi.fi\/?post_type=product&#038;p=3383"},"modified":"2023-03-29T11:30:20","modified_gmt":"2023-03-29T08:30:20","slug":"booster-lohioljy-koiralle-ja-kissalle","status":"publish","type":"product","link":"https:\/\/retkilemi.fi\/?product=booster-lohioljy-koiralle-ja-kissalle","title":{"rendered":"Booster Lohi\u00f6ljy koiralle ja kissalle"},"content":{"rendered":"<p>Energiaa ja hyvinvointia lohesta! Booster Lohi\u00f6ljy koiralle ja kissalle on luonnollinen ja tuore \u00f6ljy norjalaisesta lohesta. T\u00e4m\u00e4 lis\u00e4ravinne auttaa yll\u00e4pit\u00e4m\u00e4\u00e4n tervett\u00e4 ihoa, turkkia, polkuanturoita ja tarjoaa lemmikille erinomaisen energianl\u00e4hteen. Booster Lohi\u00f6ljyn sis\u00e4lt\u00e4mill\u00e4 Omega-3 ja -6 -rasvahapoilla saattaa olla positiivisia vaikutuksia my\u00f6s lemmikin syd\u00e4n- ja verenkiertoelimist\u00f6n sek\u00e4 aivojen terveydelle. Miedon maun ja tuoksun ansiosta lemmikit nauttivat p\u00e4ivitt\u00e4isen Booster Lohi\u00f6ljyannoksensa p\u00e4ivitt\u00e4isen ateriansa yhteydess\u00e4. \u00d6ljy s\u00e4il\u00f6t\u00e4\u00e4n luonnollisilla tokoferoleilla, jotka varmistavat tuotteen tuoreuden ja ravintoarvot.<\/p>\n<p><b>Ravintolis\u00e4 koirille ja kissoille.<\/b><br \/>\n<b>Koostumus:<\/b>\u00a0Lohi\u00f6ljy 100 %, luonnolliset tokoferolit.<br \/>\n<b>Ravintosis\u00e4lt\u00f6:<\/b>\u00a0Energia 8900 kcal \/ kg (37 MJ \/ kg) kosteus &lt; 0,5 %, raakarasva 99,5 %, astaksantiini 5 mg \/ kg, Omega-3 -rasvahapot 13-15 % (joista EPA 2-3 %, DHA 3,5-5 %, DPA 1-2 %, ALA 4-5 %), Omega-6 -rasvahapot 13-15 %.<\/p>\n<p>Avattu pakkaus on k\u00e4ytett\u00e4v\u00e4 3 kuukauden kuluessa.<\/p>\n<p><b>Alkuper\u00e4maa:<\/b>\u00a0Norja<\/p>\n<p><b>Annostus<\/b><\/p>\n<p><b>Koiran tai kissan paino | ml vuorokaudessa<\/b><br \/>\nAlle 5 kg | 2,5 ml<br \/>\n5-15 kg | 5 ml<br \/>\n15-30 kg | 10 ml<br \/>\nYli 30 kg | 15 ml<\/p>\n<p>1 pumppaus = 2 ml.<\/p>\n<p>Pakkauskoko 500ml<\/p>\n","protected":false},"excerpt":{"rendered":"<p>Pakkaus 500ml<\/p>\n","protected":false},"featured_media":3384,"comment_status":"open","ping_status":"closed","template":"","meta":{"inline_featured_image":false},"product_brand":[],"product_cat":[483],"product_tag":[487],"class_list":{"0":"post-3383","1":"product","2":"type-product","3":"status-publish","4":"has-post-thumbnail","6":"product_cat-lisaravinteet","7":"product_tag-lohioljy","9":"first","10":"instock","11":"taxable","12":"shipping-taxable","13":"purchasable","14":"product-type-simple"},"_links":{"self":[{"href":"https:\/\/retkilemi.fi\/index.php?rest_route=\/wp\/v2\/product\/3383","targetHints":{"allow":["GET"]}}],"collection":[{"href":"https:\/\/retkilemi.fi\/index.php?rest_route=\/wp\/v2\/product"}],"about":[{"href":"https:\/\/retkilemi.fi\/index.php?rest_route=\/wp\/v2\/types\/product"}],"replies":[{"embeddable":true,"href":"https:\/\/retkilemi.fi\/index.php?rest_route=%2Fwp%2Fv2%2Fcomments&post=3383"}],"wp:featuredmedia":[{"embeddable":true,"href":"https:\/\/retkilemi.fi\/index.php?rest_route=\/wp\/v2\/media\/3384"}],"wp:attachment":[{"href":"https:\/\/retkilemi.fi\/index.php?rest_route=%2Fwp%2Fv2%2Fmedia&parent=3383"}],"wp:term":[{"taxonomy":"product_brand","embeddable":true,"href":"https:\/\/retkilemi.fi\/index.php?rest_route=%2Fwp%2Fv2%2Fproduct_brand&post=3383"},{"taxonomy":"product_cat","embeddable":true,"href":"https:\/\/retkilemi.fi\/index.php?rest_route=%2Fwp%2Fv2%2Fproduct_cat&post=3383"},{"taxonomy":"product_tag","embeddable":true,"href":"https:\/\/retkilemi.fi\/index.php?rest_route=%2Fwp%2Fv2%2Fproduct_tag&post=3383"}],"curies":[{"name":"wp","href":"https:\/\/api.w.org\/{rel}","templated":true}]}}